{"id":3614,"date":"2021-04-26T12:30:02","date_gmt":"2021-04-26T10:30:02","guid":{"rendered":"https:\/\/www.italyfamilyhotels.it\/?page_id=3614"},"modified":"2024-08-01T15:31:19","modified_gmt":"2024-08-01T13:31:19","slug":"themenzimmer","status":"publish","type":"page","link":"https:\/\/www.italyfamilyhotels.it\/de\/themenzimmer","title":{"rendered":"Themenzimmer"},"content":{"rendered":"\n<p>Entdecken Sie die sch\u00f6nsten <strong>Themenzimmer f\u00fcr Familien<\/strong> in den Italy Family Hotels. Diese Zimmer haben <strong>m\u00e4rchenhafte oder abenteuerliche Umgebungen<\/strong> f\u00fcr Kinder und f\u00fcr alle, die gerne tr\u00e4umen, auch im Zimmer. Buchen Sie jetzt und schenken Sie Ihrer Familie ein magisches und unvergessliches Erlebnis!<\/p>\n","protected":false},"excerpt":{"rendered":"<p>Entdecken Sie die sch\u00f6nsten Themenzimmer f\u00fcr Familien in den Italy Family Hotels. Diese Zimmer haben m\u00e4rchenhafte oder abenteuerliche Umgebungen f\u00fcr Kinder und f\u00fcr alle, die gerne tr\u00e4umen, auch im Zimmer. Buchen Sie jetzt und schenken Sie Ihrer Familie ein magisches und unvergessliches Erlebnis!<\/p>\n","protected":false},"author":2,"featured_media":0,"parent":0,"menu_order":0,"comment_status":"closed","ping_status":"closed","template":"page-templates\/lista_camere.php","meta":{"_acf_changed":false,"inline_featured_image":false,"footnotes":""},"class_list":["post-3614","page","type-page","status-publish","hentry"],"acf":[],"yoast_head":"<!-- This site is optimized with the Yoast SEO plugin v27.1 - https:\/\/yoast.com\/product\/yoast-seo-wordpress\/ -->\n<title>Themenzimmer f\u00fcr Familien: die sch\u00f6nsten in Italien | Italy Family Hotels<\/title>\n<meta name=\"description\" content=\"Um in einer magischen Welt zu schlafen, eine Auswahl der sch\u00f6nsten Zimmer, am Meer oder in den Bergen. W\u00e4hlen Sie den Favoriten Ihrer Kinder!\" \/>\n<meta name=\"robots\" content=\"index, follow, max-snippet:-1, max-image-preview:large, max-video-preview:-1\" \/>\n<link rel=\"canonical\" href=\"https:\/\/www.italyfamilyhotels.it\/de\/themenzimmer\" \/>\n<meta property=\"og:locale\" content=\"de_DE\" \/>\n<meta property=\"og:type\" content=\"article\" \/>\n<meta property=\"og:title\" content=\"Themenzimmer f\u00fcr Familien: die sch\u00f6nsten in Italien | Italy Family Hotels\" \/>\n<meta property=\"og:description\" content=\"Um in einer magischen Welt zu schlafen, eine Auswahl der sch\u00f6nsten Zimmer, am Meer oder in den Bergen. W\u00e4hlen Sie den Favoriten Ihrer Kinder!\" \/>\n<meta property=\"og:url\" content=\"https:\/\/www.italyfamilyhotels.it\/de\/themenzimmer\" \/>\n<meta property=\"og:site_name\" content=\"Italy Family Hotels\" \/>\n<meta property=\"article:publisher\" content=\"https:\/\/www.facebook.com\/ItalyFamilyHotels\/\" \/>\n<meta property=\"article:modified_time\" content=\"2024-08-01T13:31:19+00:00\" \/>\n<meta name=\"twitter:card\" content=\"summary_large_image\" \/>\n<script type=\"application\/ld+json\" class=\"yoast-schema-graph\">{\"@context\":\"https:\/\/schema.org\",\"@graph\":[{\"@type\":\"WebPage\",\"@id\":\"https:\/\/www.italyfamilyhotels.it\/de\/themenzimmer\",\"url\":\"https:\/\/www.italyfamilyhotels.it\/de\/themenzimmer\",\"name\":\"Themenzimmer f\u00fcr Familien: die sch\u00f6nsten in Italien | Italy Family Hotels\",\"isPartOf\":{\"@id\":\"https:\/\/www.italyfamilyhotels.it\/#website\"},\"datePublished\":\"2021-04-26T10:30:02+00:00\",\"dateModified\":\"2024-08-01T13:31:19+00:00\",\"description\":\"Um in einer magischen Welt zu schlafen, eine Auswahl der sch\u00f6nsten Zimmer, am Meer oder in den Bergen. W\u00e4hlen Sie den Favoriten Ihrer Kinder!\",\"breadcrumb\":{\"@id\":\"https:\/\/www.italyfamilyhotels.it\/de\/themenzimmer#breadcrumb\"},\"inLanguage\":\"de\",\"potentialAction\":[{\"@type\":\"ReadAction\",\"target\":[\"https:\/\/www.italyfamilyhotels.it\/de\/themenzimmer\"]}]},{\"@type\":\"BreadcrumbList\",\"@id\":\"https:\/\/www.italyfamilyhotels.it\/de\/themenzimmer#breadcrumb\",\"itemListElement\":[{\"@type\":\"ListItem\",\"position\":1,\"name\":\"Home\",\"item\":\"https:\/\/www.italyfamilyhotels.it\/de\"},{\"@type\":\"ListItem\",\"position\":2,\"name\":\"Themenzimmer\"}]},{\"@type\":\"WebSite\",\"@id\":\"https:\/\/www.italyfamilyhotels.it\/#website\",\"url\":\"https:\/\/www.italyfamilyhotels.it\/\",\"name\":\"Italy Family Hotels\",\"description\":\"\",\"potentialAction\":[{\"@type\":\"SearchAction\",\"target\":{\"@type\":\"EntryPoint\",\"urlTemplate\":\"https:\/\/www.italyfamilyhotels.it\/?s={search_term_string}\"},\"query-input\":{\"@type\":\"PropertyValueSpecification\",\"valueRequired\":true,\"valueName\":\"search_term_string\"}}],\"inLanguage\":\"de\"}]}<\/script>\n<!-- \/ Yoast SEO plugin. -->","yoast_head_json":{"title":"Themenzimmer f\u00fcr Familien: die sch\u00f6nsten in Italien | Italy Family Hotels","description":"Um in einer magischen Welt zu schlafen, eine Auswahl der sch\u00f6nsten Zimmer, am Meer oder in den Bergen. W\u00e4hlen Sie den Favoriten Ihrer Kinder!","robots":{"index":"index","follow":"follow","max-snippet":"max-snippet:-1","max-image-preview":"max-image-preview:large","max-video-preview":"max-video-preview:-1"},"canonical":"https:\/\/www.italyfamilyhotels.it\/de\/themenzimmer","og_locale":"de_DE","og_type":"article","og_title":"Themenzimmer f\u00fcr Familien: die sch\u00f6nsten in Italien | Italy Family Hotels","og_description":"Um in einer magischen Welt zu schlafen, eine Auswahl der sch\u00f6nsten Zimmer, am Meer oder in den Bergen. W\u00e4hlen Sie den Favoriten Ihrer Kinder!","og_url":"https:\/\/www.italyfamilyhotels.it\/de\/themenzimmer","og_site_name":"Italy Family Hotels","article_publisher":"https:\/\/www.facebook.com\/ItalyFamilyHotels\/","article_modified_time":"2024-08-01T13:31:19+00:00","twitter_card":"summary_large_image","schema":{"@context":"https:\/\/schema.org","@graph":[{"@type":"WebPage","@id":"https:\/\/www.italyfamilyhotels.it\/de\/themenzimmer","url":"https:\/\/www.italyfamilyhotels.it\/de\/themenzimmer","name":"Themenzimmer f\u00fcr Familien: die sch\u00f6nsten in Italien | Italy Family Hotels","isPartOf":{"@id":"https:\/\/www.italyfamilyhotels.it\/#website"},"datePublished":"2021-04-26T10:30:02+00:00","dateModified":"2024-08-01T13:31:19+00:00","description":"Um in einer magischen Welt zu schlafen, eine Auswahl der sch\u00f6nsten Zimmer, am Meer oder in den Bergen. W\u00e4hlen Sie den Favoriten Ihrer Kinder!","breadcrumb":{"@id":"https:\/\/www.italyfamilyhotels.it\/de\/themenzimmer#breadcrumb"},"inLanguage":"de","potentialAction":[{"@type":"ReadAction","target":["https:\/\/www.italyfamilyhotels.it\/de\/themenzimmer"]}]},{"@type":"BreadcrumbList","@id":"https:\/\/www.italyfamilyhotels.it\/de\/themenzimmer#breadcrumb","itemListElement":[{"@type":"ListItem","position":1,"name":"Home","item":"https:\/\/www.italyfamilyhotels.it\/de"},{"@type":"ListItem","position":2,"name":"Themenzimmer"}]},{"@type":"WebSite","@id":"https:\/\/www.italyfamilyhotels.it\/#website","url":"https:\/\/www.italyfamilyhotels.it\/","name":"Italy Family Hotels","description":"","potentialAction":[{"@type":"SearchAction","target":{"@type":"EntryPoint","urlTemplate":"https:\/\/www.italyfamilyhotels.it\/?s={search_term_string}"},"query-input":{"@type":"PropertyValueSpecification","valueRequired":true,"valueName":"search_term_string"}}],"inLanguage":"de"}]}},"_links":{"self":[{"href":"https:\/\/www.italyfamilyhotels.it\/de\/wp-json\/wp\/v2\/pages\/3614","targetHints":{"allow":["GET"]}}],"collection":[{"href":"https:\/\/www.italyfamilyhotels.it\/de\/wp-json\/wp\/v2\/pages"}],"about":[{"href":"https:\/\/www.italyfamilyhotels.it\/de\/wp-json\/wp\/v2\/types\/page"}],"author":[{"embeddable":true,"href":"https:\/\/www.italyfamilyhotels.it\/de\/wp-json\/wp\/v2\/users\/2"}],"replies":[{"embeddable":true,"href":"https:\/\/www.italyfamilyhotels.it\/de\/wp-json\/wp\/v2\/comments?post=3614"}],"version-history":[{"count":2,"href":"https:\/\/www.italyfamilyhotels.it\/de\/wp-json\/wp\/v2\/pages\/3614\/revisions"}],"predecessor-version":[{"id":60714,"href":"https:\/\/www.italyfamilyhotels.it\/de\/wp-json\/wp\/v2\/pages\/3614\/revisions\/60714"}],"wp:attachment":[{"href":"https:\/\/www.italyfamilyhotels.it\/de\/wp-json\/wp\/v2\/media?parent=3614"}],"curies":[{"name":"wp","href":"https:\/\/api.w.org\/{rel}","templated":true}]}}