{"id":3243,"date":"2020-03-03T10:37:11","date_gmt":"2020-03-03T09:37:11","guid":{"rendered":"https:\/\/www.italyfamilyhotels.it\/?page_id=3243"},"modified":"2022-05-02T15:52:28","modified_gmt":"2022-05-02T13:52:28","slug":"gatteo-a-mare","status":"publish","type":"page","link":"https:\/\/www.italyfamilyhotels.it\/de\/destinationen\/romagnolische-riviera\/gatteo-a-mare","title":{"rendered":"Gatteo a Mare"},"content":{"rendered":"\n<p>Der kleine Badeort <b>Gatteo a Mare<\/b> an der Adria, n\u00f6rdlich von Rimini, ist f\u00fcr einen bequemen Familienurlaub genau das Richtige. <b>Der flache Strandstrand wurde vom Verband italienischer Kinder\u00e4rzte f\u00fcr seine Sauberkeit, Sicherheit und gute Organisation ausgezeichnet. <\/b>Im Sommer ist der ganze Ort wie e<b>in einziges Feriendorf<\/b>, mit Animation am Strand, Veranstaltungen f\u00fcr die Kinder, Themenabenden und Musik f\u00fcr die Erwachsenen. Meer, Vergn\u00fcgen und Musik sind Gatteos Markenzeichen. Hier begann die Karriere von <b>Secondo Casadei<\/b>, ein Musiker und Komponist, der   in der Nachkriegszeit mit<b> folkloristischer Tanzmusik<\/b>, dem <b>&quot;Liscio&quot;,<\/b> Furore machte.<\/p>\n","protected":false},"excerpt":{"rendered":"<p>Der kleine Badeort Gatteo a Mare an der Adria, n\u00f6rdlich von Rimini, ist f\u00fcr einen bequemen Familienurlaub genau das Richtige. Der flache Strandstrand wurde vom Verband italienischer Kinder\u00e4rzte f\u00fcr seine Sauberkeit, Sicherheit und gute Organisation ausgezeichnet. Im Sommer ist der ganze Ort wie ein einziges Feriendorf, mit Animation am Strand, Veranstaltungen f\u00fcr die Kinder, Themenabenden &hellip;<\/p>\n","protected":false},"author":2,"featured_media":0,"parent":1409,"menu_order":0,"comment_status":"closed","ping_status":"closed","template":"page-templates\/scheda_localita.php","meta":{"_acf_changed":false,"inline_featured_image":false,"footnotes":""},"class_list":["post-3243","page","type-page","status-publish","hentry"],"acf":[],"yoast_head":"<!-- This site is optimized with the Yoast SEO plugin v27.1 - https:\/\/yoast.com\/product\/yoast-seo-wordpress\/ -->\n<title>Familienhotels in Gatteo a Mare, Urlaub f\u00fcr Familien in Italien<\/title>\n<meta name=\"description\" content=\"Lust auf Familienurlaub? Wir haben die besten Hotel f\u00fcr Familien in Gatteo a Mare, Italien\" \/>\n<meta name=\"robots\" content=\"index, follow, max-snippet:-1, max-image-preview:large, max-video-preview:-1\" \/>\n<link rel=\"canonical\" href=\"https:\/\/www.italyfamilyhotels.it\/de\/destinationen\/romagnolische-riviera\/gatteo-a-mare\" \/>\n<meta property=\"og:locale\" content=\"de_DE\" \/>\n<meta property=\"og:type\" content=\"article\" \/>\n<meta property=\"og:title\" content=\"Familienhotels in Gatteo a Mare, Urlaub f\u00fcr Familien in Italien\" \/>\n<meta property=\"og:description\" content=\"Lust auf Familienurlaub? Wir haben die besten Hotel f\u00fcr Familien in Gatteo a Mare, Italien\" \/>\n<meta property=\"og:url\" content=\"https:\/\/www.italyfamilyhotels.it\/de\/destinationen\/romagnolische-riviera\/gatteo-a-mare\" \/>\n<meta property=\"og:site_name\" content=\"Italy Family Hotels\" \/>\n<meta property=\"article:publisher\" content=\"https:\/\/www.facebook.com\/ItalyFamilyHotels\/\" \/>\n<meta property=\"article:modified_time\" content=\"2022-05-02T13:52:28+00:00\" \/>\n<meta name=\"twitter:card\" content=\"summary_large_image\" \/>\n<meta name=\"twitter:label1\" content=\"Gesch\u00e4tzte Lesezeit\" \/>\n\t<meta name=\"twitter:data1\" content=\"1\u00a0Minute\" \/>\n<script type=\"application\/ld+json\" class=\"yoast-schema-graph\">{\"@context\":\"https:\/\/schema.org\",\"@graph\":[{\"@type\":\"WebPage\",\"@id\":\"https:\/\/www.italyfamilyhotels.it\/de\/destinationen\/romagnolische-riviera\/gatteo-a-mare\",\"url\":\"https:\/\/www.italyfamilyhotels.it\/de\/destinationen\/romagnolische-riviera\/gatteo-a-mare\",\"name\":\"Familienhotels in Gatteo a Mare, Urlaub f\u00fcr Familien in Italien\",\"isPartOf\":{\"@id\":\"https:\/\/www.italyfamilyhotels.it\/#website\"},\"datePublished\":\"2020-03-03T09:37:11+00:00\",\"dateModified\":\"2022-05-02T13:52:28+00:00\",\"description\":\"Lust auf Familienurlaub? Wir haben die besten Hotel f\u00fcr Familien in Gatteo a Mare, Italien\",\"breadcrumb\":{\"@id\":\"https:\/\/www.italyfamilyhotels.it\/de\/destinationen\/romagnolische-riviera\/gatteo-a-mare#breadcrumb\"},\"inLanguage\":\"de\",\"potentialAction\":[{\"@type\":\"ReadAction\",\"target\":[\"https:\/\/www.italyfamilyhotels.it\/de\/destinationen\/romagnolische-riviera\/gatteo-a-mare\"]}]},{\"@type\":\"BreadcrumbList\",\"@id\":\"https:\/\/www.italyfamilyhotels.it\/de\/destinationen\/romagnolische-riviera\/gatteo-a-mare#breadcrumb\",\"itemListElement\":[{\"@type\":\"ListItem\",\"position\":1,\"name\":\"Home\",\"item\":\"https:\/\/www.italyfamilyhotels.it\/de\"},{\"@type\":\"ListItem\",\"position\":2,\"name\":\"Destinationen\",\"item\":\"https:\/\/www.italyfamilyhotels.it\/de\/destinationen\"},{\"@type\":\"ListItem\",\"position\":3,\"name\":\"Adriak\u00fcste der Romagna\",\"item\":\"https:\/\/www.italyfamilyhotels.it\/de\/destinationen\/romagnolische-riviera\"},{\"@type\":\"ListItem\",\"position\":4,\"name\":\"Gatteo a Mare\"}]},{\"@type\":\"WebSite\",\"@id\":\"https:\/\/www.italyfamilyhotels.it\/#website\",\"url\":\"https:\/\/www.italyfamilyhotels.it\/\",\"name\":\"Italy Family Hotels\",\"description\":\"\",\"potentialAction\":[{\"@type\":\"SearchAction\",\"target\":{\"@type\":\"EntryPoint\",\"urlTemplate\":\"https:\/\/www.italyfamilyhotels.it\/?s={search_term_string}\"},\"query-input\":{\"@type\":\"PropertyValueSpecification\",\"valueRequired\":true,\"valueName\":\"search_term_string\"}}],\"inLanguage\":\"de\"}]}<\/script>\n<!-- \/ Yoast SEO plugin. -->","yoast_head_json":{"title":"Familienhotels in Gatteo a Mare, Urlaub f\u00fcr Familien in Italien","description":"Lust auf Familienurlaub? Wir haben die besten Hotel f\u00fcr Familien in Gatteo a Mare, Italien","robots":{"index":"index","follow":"follow","max-snippet":"max-snippet:-1","max-image-preview":"max-image-preview:large","max-video-preview":"max-video-preview:-1"},"canonical":"https:\/\/www.italyfamilyhotels.it\/de\/destinationen\/romagnolische-riviera\/gatteo-a-mare","og_locale":"de_DE","og_type":"article","og_title":"Familienhotels in Gatteo a Mare, Urlaub f\u00fcr Familien in Italien","og_description":"Lust auf Familienurlaub? Wir haben die besten Hotel f\u00fcr Familien in Gatteo a Mare, Italien","og_url":"https:\/\/www.italyfamilyhotels.it\/de\/destinationen\/romagnolische-riviera\/gatteo-a-mare","og_site_name":"Italy Family Hotels","article_publisher":"https:\/\/www.facebook.com\/ItalyFamilyHotels\/","article_modified_time":"2022-05-02T13:52:28+00:00","twitter_card":"summary_large_image","twitter_misc":{"Gesch\u00e4tzte Lesezeit":"1\u00a0Minute"},"schema":{"@context":"https:\/\/schema.org","@graph":[{"@type":"WebPage","@id":"https:\/\/www.italyfamilyhotels.it\/de\/destinationen\/romagnolische-riviera\/gatteo-a-mare","url":"https:\/\/www.italyfamilyhotels.it\/de\/destinationen\/romagnolische-riviera\/gatteo-a-mare","name":"Familienhotels in Gatteo a Mare, Urlaub f\u00fcr Familien in Italien","isPartOf":{"@id":"https:\/\/www.italyfamilyhotels.it\/#website"},"datePublished":"2020-03-03T09:37:11+00:00","dateModified":"2022-05-02T13:52:28+00:00","description":"Lust auf Familienurlaub? Wir haben die besten Hotel f\u00fcr Familien in Gatteo a Mare, Italien","breadcrumb":{"@id":"https:\/\/www.italyfamilyhotels.it\/de\/destinationen\/romagnolische-riviera\/gatteo-a-mare#breadcrumb"},"inLanguage":"de","potentialAction":[{"@type":"ReadAction","target":["https:\/\/www.italyfamilyhotels.it\/de\/destinationen\/romagnolische-riviera\/gatteo-a-mare"]}]},{"@type":"BreadcrumbList","@id":"https:\/\/www.italyfamilyhotels.it\/de\/destinationen\/romagnolische-riviera\/gatteo-a-mare#breadcrumb","itemListElement":[{"@type":"ListItem","position":1,"name":"Home","item":"https:\/\/www.italyfamilyhotels.it\/de"},{"@type":"ListItem","position":2,"name":"Destinationen","item":"https:\/\/www.italyfamilyhotels.it\/de\/destinationen"},{"@type":"ListItem","position":3,"name":"Adriak\u00fcste der Romagna","item":"https:\/\/www.italyfamilyhotels.it\/de\/destinationen\/romagnolische-riviera"},{"@type":"ListItem","position":4,"name":"Gatteo a Mare"}]},{"@type":"WebSite","@id":"https:\/\/www.italyfamilyhotels.it\/#website","url":"https:\/\/www.italyfamilyhotels.it\/","name":"Italy Family Hotels","description":"","potentialAction":[{"@type":"SearchAction","target":{"@type":"EntryPoint","urlTemplate":"https:\/\/www.italyfamilyhotels.it\/?s={search_term_string}"},"query-input":{"@type":"PropertyValueSpecification","valueRequired":true,"valueName":"search_term_string"}}],"inLanguage":"de"}]}},"_links":{"self":[{"href":"https:\/\/www.italyfamilyhotels.it\/de\/wp-json\/wp\/v2\/pages\/3243","targetHints":{"allow":["GET"]}}],"collection":[{"href":"https:\/\/www.italyfamilyhotels.it\/de\/wp-json\/wp\/v2\/pages"}],"about":[{"href":"https:\/\/www.italyfamilyhotels.it\/de\/wp-json\/wp\/v2\/types\/page"}],"author":[{"embeddable":true,"href":"https:\/\/www.italyfamilyhotels.it\/de\/wp-json\/wp\/v2\/users\/2"}],"replies":[{"embeddable":true,"href":"https:\/\/www.italyfamilyhotels.it\/de\/wp-json\/wp\/v2\/comments?post=3243"}],"version-history":[{"count":4,"href":"https:\/\/www.italyfamilyhotels.it\/de\/wp-json\/wp\/v2\/pages\/3243\/revisions"}],"predecessor-version":[{"id":26879,"href":"https:\/\/www.italyfamilyhotels.it\/de\/wp-json\/wp\/v2\/pages\/3243\/revisions\/26879"}],"up":[{"embeddable":true,"href":"https:\/\/www.italyfamilyhotels.it\/de\/wp-json\/wp\/v2\/pages\/1409"}],"wp:attachment":[{"href":"https:\/\/www.italyfamilyhotels.it\/de\/wp-json\/wp\/v2\/media?parent=3243"}],"curies":[{"name":"wp","href":"https:\/\/api.w.org\/{rel}","templated":true}]}}