{"id":2844,"date":"2019-02-07T11:31:13","date_gmt":"2019-02-07T10:31:13","guid":{"rendered":"https:\/\/www.italyfamilyhotels.it\/?page_id=2844"},"modified":"2022-05-02T15:52:27","modified_gmt":"2022-05-02T13:52:27","slug":"gabicce-mare","status":"publish","type":"page","link":"https:\/\/www.italyfamilyhotels.it\/de\/destinationen\/marken\/gabicce-mare","title":{"rendered":"Gabicce Mare"},"content":{"rendered":"\n<p><b>Gabicce Mare<\/b>, der s\u00fcdliche Nachbarort von Cattolica (zur Romagna geh\u00f6rend), liegt schon auf dem Gebiet der Region Marken und zeichnet sich durch eine, f\u00fcr diesen Teil der Adria ungew\u00f6hnliche, sch\u00f6ne Landschaft aus: es liegt an einer Bucht am Fu\u00df eines Kaps mit Steilk\u00fcste, dem <b>Monte San Bartolo, <\/b>das als Naturpark gesch\u00fctzt ist. <b>Gr\u00fcne Vegetation<\/b>, im Fr\u00fchjahr gelb bl\u00fchender Ginster, <b>blaues, sauberes Meer<\/b> und <b>Sandstrand <\/b>vor hohen Klippen erfreuen die Augen und die Seele. Das Meer, die Vegetation und die bewegte Landschaft sorgen auch daf\u00fcr, dass immer ein angenehmes und gesundes L\u00fcftchen weht.<\/p>\n\n\n\n<p>Das Zentrum von Gabicce Mare ist von Juni bis September verkehrsberuhigte Zone, so dass kaum Autos fahren und man den Spaziergang zwischen Gesch\u00e4ften und Lokalen ganz entspannt genie\u00dft. Stattdessen kann man auch nach Gabicce Monte hinaufsteigen, wo man einen tollen Blick \u00fcber die ganze K\u00fcste hat \u2013 bei Sonnenuntergang besonders eindrucksvoll. Die \u00fcber Gabicce Monte weiter hinauf und bis nach Pesaro f\u00fchrende Strada Panoramica sollte man auch erkunden, sie bietet, im Wortsinn, hervorragende Aussichten.<\/p>\n","protected":false},"excerpt":{"rendered":"<p>Gabicce Mare, der s\u00fcdliche Nachbarort von Cattolica (zur Romagna geh\u00f6rend), liegt schon auf dem Gebiet der Region Marken und zeichnet sich durch eine, f\u00fcr diesen Teil der Adria ungew\u00f6hnliche, sch\u00f6ne Landschaft aus: es liegt an einer Bucht am Fu\u00df eines Kaps mit Steilk\u00fcste, dem Monte San Bartolo, das als Naturpark gesch\u00fctzt ist. Gr\u00fcne Vegetation, im &hellip;<\/p>\n","protected":false},"author":2,"featured_media":0,"parent":49808,"menu_order":0,"comment_status":"closed","ping_status":"closed","template":"page-templates\/scheda_localita.php","meta":{"_acf_changed":false,"inline_featured_image":false,"footnotes":""},"class_list":["post-2844","page","type-page","status-publish","hentry"],"acf":[],"yoast_head":"<!-- This site is optimized with the Yoast SEO plugin v27.1 - https:\/\/yoast.com\/product\/yoast-seo-wordpress\/ -->\n<title>Familienhotels in Gabicce Mare, Urlaub f\u00fcr Familien in Italien<\/title>\n<meta name=\"description\" content=\"Lust auf Familienurlaub? Wir haben die besten Hotel f\u00fcr Familien in Gabicce Mare, Italien\" \/>\n<meta name=\"robots\" content=\"index, follow, max-snippet:-1, max-image-preview:large, max-video-preview:-1\" \/>\n<link rel=\"canonical\" href=\"https:\/\/www.italyfamilyhotels.it\/de\/destinationen\/marken\/gabicce-mare\" \/>\n<meta property=\"og:locale\" content=\"de_DE\" \/>\n<meta property=\"og:type\" content=\"article\" \/>\n<meta property=\"og:title\" content=\"Familienhotels in Gabicce Mare, Urlaub f\u00fcr Familien in Italien\" \/>\n<meta property=\"og:description\" content=\"Lust auf Familienurlaub? Wir haben die besten Hotel f\u00fcr Familien in Gabicce Mare, Italien\" \/>\n<meta property=\"og:url\" content=\"https:\/\/www.italyfamilyhotels.it\/de\/destinationen\/marken\/gabicce-mare\" \/>\n<meta property=\"og:site_name\" content=\"Italy Family Hotels\" \/>\n<meta property=\"article:publisher\" content=\"https:\/\/www.facebook.com\/ItalyFamilyHotels\/\" \/>\n<meta property=\"article:modified_time\" content=\"2022-05-02T13:52:27+00:00\" \/>\n<meta name=\"twitter:card\" content=\"summary_large_image\" \/>\n<meta name=\"twitter:label1\" content=\"Gesch\u00e4tzte Lesezeit\" \/>\n\t<meta name=\"twitter:data1\" content=\"2\u00a0Minuten\" \/>\n<script type=\"application\/ld+json\" class=\"yoast-schema-graph\">{\"@context\":\"https:\/\/schema.org\",\"@graph\":[{\"@type\":\"WebPage\",\"@id\":\"https:\/\/www.italyfamilyhotels.it\/de\/destinationen\/marken\/gabicce-mare\",\"url\":\"https:\/\/www.italyfamilyhotels.it\/de\/destinationen\/marken\/gabicce-mare\",\"name\":\"Familienhotels in Gabicce Mare, Urlaub f\u00fcr Familien in Italien\",\"isPartOf\":{\"@id\":\"https:\/\/www.italyfamilyhotels.it\/#website\"},\"datePublished\":\"2019-02-07T10:31:13+00:00\",\"dateModified\":\"2022-05-02T13:52:27+00:00\",\"description\":\"Lust auf Familienurlaub? Wir haben die besten Hotel f\u00fcr Familien in Gabicce Mare, Italien\",\"breadcrumb\":{\"@id\":\"https:\/\/www.italyfamilyhotels.it\/de\/destinationen\/marken\/gabicce-mare#breadcrumb\"},\"inLanguage\":\"de\",\"potentialAction\":[{\"@type\":\"ReadAction\",\"target\":[\"https:\/\/www.italyfamilyhotels.it\/de\/destinationen\/marken\/gabicce-mare\"]}]},{\"@type\":\"BreadcrumbList\",\"@id\":\"https:\/\/www.italyfamilyhotels.it\/de\/destinationen\/marken\/gabicce-mare#breadcrumb\",\"itemListElement\":[{\"@type\":\"ListItem\",\"position\":1,\"name\":\"Home\",\"item\":\"https:\/\/www.italyfamilyhotels.it\/de\"},{\"@type\":\"ListItem\",\"position\":2,\"name\":\"Destinationen\",\"item\":\"https:\/\/www.italyfamilyhotels.it\/de\/destinationen\"},{\"@type\":\"ListItem\",\"position\":3,\"name\":\"Marken\",\"item\":\"https:\/\/www.italyfamilyhotels.it\/de\/destinationen\/marken\"},{\"@type\":\"ListItem\",\"position\":4,\"name\":\"Gabicce Mare\"}]},{\"@type\":\"WebSite\",\"@id\":\"https:\/\/www.italyfamilyhotels.it\/#website\",\"url\":\"https:\/\/www.italyfamilyhotels.it\/\",\"name\":\"Italy Family Hotels\",\"description\":\"\",\"potentialAction\":[{\"@type\":\"SearchAction\",\"target\":{\"@type\":\"EntryPoint\",\"urlTemplate\":\"https:\/\/www.italyfamilyhotels.it\/?s={search_term_string}\"},\"query-input\":{\"@type\":\"PropertyValueSpecification\",\"valueRequired\":true,\"valueName\":\"search_term_string\"}}],\"inLanguage\":\"de\"}]}<\/script>\n<!-- \/ Yoast SEO plugin. -->","yoast_head_json":{"title":"Familienhotels in Gabicce Mare, Urlaub f\u00fcr Familien in Italien","description":"Lust auf Familienurlaub? Wir haben die besten Hotel f\u00fcr Familien in Gabicce Mare, Italien","robots":{"index":"index","follow":"follow","max-snippet":"max-snippet:-1","max-image-preview":"max-image-preview:large","max-video-preview":"max-video-preview:-1"},"canonical":"https:\/\/www.italyfamilyhotels.it\/de\/destinationen\/marken\/gabicce-mare","og_locale":"de_DE","og_type":"article","og_title":"Familienhotels in Gabicce Mare, Urlaub f\u00fcr Familien in Italien","og_description":"Lust auf Familienurlaub? Wir haben die besten Hotel f\u00fcr Familien in Gabicce Mare, Italien","og_url":"https:\/\/www.italyfamilyhotels.it\/de\/destinationen\/marken\/gabicce-mare","og_site_name":"Italy Family Hotels","article_publisher":"https:\/\/www.facebook.com\/ItalyFamilyHotels\/","article_modified_time":"2022-05-02T13:52:27+00:00","twitter_card":"summary_large_image","twitter_misc":{"Gesch\u00e4tzte Lesezeit":"2\u00a0Minuten"},"schema":{"@context":"https:\/\/schema.org","@graph":[{"@type":"WebPage","@id":"https:\/\/www.italyfamilyhotels.it\/de\/destinationen\/marken\/gabicce-mare","url":"https:\/\/www.italyfamilyhotels.it\/de\/destinationen\/marken\/gabicce-mare","name":"Familienhotels in Gabicce Mare, Urlaub f\u00fcr Familien in Italien","isPartOf":{"@id":"https:\/\/www.italyfamilyhotels.it\/#website"},"datePublished":"2019-02-07T10:31:13+00:00","dateModified":"2022-05-02T13:52:27+00:00","description":"Lust auf Familienurlaub? Wir haben die besten Hotel f\u00fcr Familien in Gabicce Mare, Italien","breadcrumb":{"@id":"https:\/\/www.italyfamilyhotels.it\/de\/destinationen\/marken\/gabicce-mare#breadcrumb"},"inLanguage":"de","potentialAction":[{"@type":"ReadAction","target":["https:\/\/www.italyfamilyhotels.it\/de\/destinationen\/marken\/gabicce-mare"]}]},{"@type":"BreadcrumbList","@id":"https:\/\/www.italyfamilyhotels.it\/de\/destinationen\/marken\/gabicce-mare#breadcrumb","itemListElement":[{"@type":"ListItem","position":1,"name":"Home","item":"https:\/\/www.italyfamilyhotels.it\/de"},{"@type":"ListItem","position":2,"name":"Destinationen","item":"https:\/\/www.italyfamilyhotels.it\/de\/destinationen"},{"@type":"ListItem","position":3,"name":"Marken","item":"https:\/\/www.italyfamilyhotels.it\/de\/destinationen\/marken"},{"@type":"ListItem","position":4,"name":"Gabicce Mare"}]},{"@type":"WebSite","@id":"https:\/\/www.italyfamilyhotels.it\/#website","url":"https:\/\/www.italyfamilyhotels.it\/","name":"Italy Family Hotels","description":"","potentialAction":[{"@type":"SearchAction","target":{"@type":"EntryPoint","urlTemplate":"https:\/\/www.italyfamilyhotels.it\/?s={search_term_string}"},"query-input":{"@type":"PropertyValueSpecification","valueRequired":true,"valueName":"search_term_string"}}],"inLanguage":"de"}]}},"_links":{"self":[{"href":"https:\/\/www.italyfamilyhotels.it\/de\/wp-json\/wp\/v2\/pages\/2844","targetHints":{"allow":["GET"]}}],"collection":[{"href":"https:\/\/www.italyfamilyhotels.it\/de\/wp-json\/wp\/v2\/pages"}],"about":[{"href":"https:\/\/www.italyfamilyhotels.it\/de\/wp-json\/wp\/v2\/types\/page"}],"author":[{"embeddable":true,"href":"https:\/\/www.italyfamilyhotels.it\/de\/wp-json\/wp\/v2\/users\/2"}],"replies":[{"embeddable":true,"href":"https:\/\/www.italyfamilyhotels.it\/de\/wp-json\/wp\/v2\/comments?post=2844"}],"version-history":[{"count":4,"href":"https:\/\/www.italyfamilyhotels.it\/de\/wp-json\/wp\/v2\/pages\/2844\/revisions"}],"predecessor-version":[{"id":26875,"href":"https:\/\/www.italyfamilyhotels.it\/de\/wp-json\/wp\/v2\/pages\/2844\/revisions\/26875"}],"up":[{"embeddable":true,"href":"https:\/\/www.italyfamilyhotels.it\/de\/wp-json\/wp\/v2\/pages\/49808"}],"wp:attachment":[{"href":"https:\/\/www.italyfamilyhotels.it\/de\/wp-json\/wp\/v2\/media?parent=2844"}],"curies":[{"name":"wp","href":"https:\/\/api.w.org\/{rel}","templated":true}]}}