{"id":27086,"date":"2022-05-09T11:41:01","date_gmt":"2022-05-09T09:41:01","guid":{"rendered":"https:\/\/www.italyfamilyhotels.it\/family-hotels\/das-muhlwald-quality-time-family-resort"},"modified":"2022-06-20T13:27:36","modified_gmt":"2022-06-20T11:27:36","slug":"das-muhlwald-quality-time-family-resort","status":"publish","type":"page","link":"https:\/\/www.italyfamilyhotels.it\/de\/family-hotels\/das-muhlwald-quality-time-family-resort","title":{"rendered":"Das M\u00fchlwald &#8211; Quality Time Family Resort"},"content":{"rendered":"\n<p>Ringsum gr\u00fcne Wiesen, Apfelplantagen, Berge, Ruhe: im <b>Das M\u00fchlwald  &#8211; Quality Time Family Resort <\/b>verbringt Ihr zusammen die sch\u00f6nste Zeit des Jahres in Harmonie mit der Landschaft S\u00fcdtirols, in Nabs-Schabs bei Brixen. Nehmt Euch alle Zeit, die Sch\u00f6nheit der kleinen Dinge und der Gemeinsamkeit wiederzuentdecken. Wir k\u00fcmmern uns um Euer Wohlbefinden und den Spa\u00df der Kinder.<\/p>\n\n\n\n<p><\/p>\n\n\n\n<p>Die kleinen G\u00e4ste finden bei uns eine phantastische Welt zum Spielen, Lachen, Lernen und Entdecken; zum Beispiel in Millis Igelbau, einer mehrst\u00f6ckigen Kletter- und Spielanlage. Unser <b>Maskottchen Milli<\/b> und liebevolle<b> Betreuer*innen<\/b> begleiten sie dabei, an insgesamt 60 Stunden in der Woche; an 3 Tagen gibt es auch einen <b>Baby-Betreuungsdienst. <\/b>Drau\u00dfen gibt es Spiel- und Liegewiesen, einen <b>Streichelzoo<\/b> und einen <b>beheizten Infinity-Pool <\/b>mit Kinderbecken und <b>Mega-Wellenrutschbahn<\/b>, 12 Meter lang!<\/p>\n\n\n\n<p><\/p>\n\n\n\n<p>Unser<b> Spa<\/b> hat einen <b>Erwachsenen-Bereich<\/b>, wo sich die Eltern entspannen k\u00f6nnen, w\u00e4hrend die Kinder in guten H\u00e4nden sind, und einen <b>Bereich f\u00fcr die ganze Familie, mit Schaum und T\u00fcrkischem Bad.<\/b><\/p>\n\n\n\n<p>Unsere K\u00fcche sorgt f\u00fcr <b>kulinarische Erlebnisse  <\/b>mit <b>S\u00fcdtiroler Traditionsgerichten, <\/b>zubereitet aus Produkten der Region in Bio-Qualit\u00e4t, k\u00f6stlich und kindergerecht. Am <b>Nachmittag Kaffeepause mit hausgemachten Kuchen und Torten.<\/b><\/p>\n\n\n\n<p>Die Kinder genie\u00dfen das Abendessen in einem <b>eigenen Speisesaal mit dem Betreuerteam, <\/b>ab 18:30 Uhr.<\/p>\n\n\n\n<p>F\u00fcr die Kleinsten stehen gesunde Baby-Breie, Kekse und ein Mikrowellenherd bereit.<\/p>\n\n\n\n<p>Unsere<b> Zimmer<\/b> sind alle ger\u00e4umig, modern und <b>familiengerecht <\/b>ausgestattet. Um Euren Kofferraum zu entlasten, stellen wir Wickeltisch, Wasserkocher, Flaschenw\u00e4rmer, Badew\u00e4nnchen, Kinder-Tragerucks\u00e4cke und Kinderwagen zur Verf\u00fcgung (gegen Kaution).<\/p>\n","protected":false},"excerpt":{"rendered":"<p>Ringsum gr\u00fcne Wiesen, Apfelplantagen, Berge, Ruhe: im Das M\u00fchlwald &#8211; Quality Time Family Resort verbringt Ihr zusammen die sch\u00f6nste Zeit des Jahres in Harmonie mit der Landschaft S\u00fcdtirols, in Nabs-Schabs bei Brixen. Nehmt Euch alle Zeit, die Sch\u00f6nheit der kleinen Dinge und der Gemeinsamkeit wiederzuentdecken. Wir k\u00fcmmern uns um Euer Wohlbefinden und den Spa\u00df der &hellip;<\/p>\n","protected":false},"author":1,"featured_media":0,"parent":94,"menu_order":0,"comment_status":"closed","ping_status":"closed","template":"page-templates\/scheda_hotel.php","meta":{"_acf_changed":false,"inline_featured_image":false,"footnotes":""},"class_list":["post-27086","page","type-page","status-publish","hentry"],"acf":[],"yoast_head":"<!-- This site is optimized with the Yoast SEO plugin v27.1 - https:\/\/yoast.com\/product\/yoast-seo-wordpress\/ -->\n<title>Das M\u00fchlwald - Quality Time Family Resort - Italy Family Hotels<\/title>\n<meta name=\"robots\" content=\"index, follow, max-snippet:-1, max-image-preview:large, max-video-preview:-1\" \/>\n<link rel=\"canonical\" href=\"https:\/\/www.italyfamilyhotels.it\/de\/family-hotels\/das-muhlwald-quality-time-family-resort\" \/>\n<meta property=\"og:locale\" content=\"de_DE\" \/>\n<meta property=\"og:type\" content=\"article\" \/>\n<meta property=\"og:title\" content=\"Das M\u00fchlwald - Quality Time Family Resort - Italy Family Hotels\" \/>\n<meta property=\"og:description\" content=\"Ringsum gr\u00fcne Wiesen, Apfelplantagen, Berge, Ruhe: im Das M\u00fchlwald &#8211; Quality Time Family Resort verbringt Ihr zusammen die sch\u00f6nste Zeit des Jahres in Harmonie mit der Landschaft S\u00fcdtirols, in Nabs-Schabs bei Brixen. Nehmt Euch alle Zeit, die Sch\u00f6nheit der kleinen Dinge und der Gemeinsamkeit wiederzuentdecken. Wir k\u00fcmmern uns um Euer Wohlbefinden und den Spa\u00df der &hellip;\" \/>\n<meta property=\"og:url\" content=\"https:\/\/www.italyfamilyhotels.it\/de\/family-hotels\/das-muhlwald-quality-time-family-resort\" \/>\n<meta property=\"og:site_name\" content=\"Italy Family Hotels\" \/>\n<meta property=\"article:publisher\" content=\"https:\/\/www.facebook.com\/ItalyFamilyHotels\/\" \/>\n<meta property=\"article:modified_time\" content=\"2022-06-20T11:27:36+00:00\" \/>\n<meta name=\"twitter:card\" content=\"summary_large_image\" \/>\n<meta name=\"twitter:label1\" content=\"Gesch\u00e4tzte Lesezeit\" \/>\n\t<meta name=\"twitter:data1\" content=\"1\u00a0Minute\" \/>\n<script type=\"application\/ld+json\" class=\"yoast-schema-graph\">{\"@context\":\"https:\/\/schema.org\",\"@graph\":[{\"@type\":\"WebPage\",\"@id\":\"https:\/\/www.italyfamilyhotels.it\/de\/family-hotels\/das-muhlwald-quality-time-family-resort\",\"url\":\"https:\/\/www.italyfamilyhotels.it\/de\/family-hotels\/das-muhlwald-quality-time-family-resort\",\"name\":\"Das M\u00fchlwald - Quality Time Family Resort - Italy Family Hotels\",\"isPartOf\":{\"@id\":\"https:\/\/www.italyfamilyhotels.it\/#website\"},\"datePublished\":\"2022-05-09T09:41:01+00:00\",\"dateModified\":\"2022-06-20T11:27:36+00:00\",\"breadcrumb\":{\"@id\":\"https:\/\/www.italyfamilyhotels.it\/de\/family-hotels\/das-muhlwald-quality-time-family-resort#breadcrumb\"},\"inLanguage\":\"de\",\"potentialAction\":[{\"@type\":\"ReadAction\",\"target\":[\"https:\/\/www.italyfamilyhotels.it\/de\/family-hotels\/das-muhlwald-quality-time-family-resort\"]}]},{\"@type\":\"BreadcrumbList\",\"@id\":\"https:\/\/www.italyfamilyhotels.it\/de\/family-hotels\/das-muhlwald-quality-time-family-resort#breadcrumb\",\"itemListElement\":[{\"@type\":\"ListItem\",\"position\":1,\"name\":\"Home\",\"item\":\"https:\/\/www.italyfamilyhotels.it\/de\"},{\"@type\":\"ListItem\",\"position\":2,\"name\":\"Family Hotels\",\"item\":\"https:\/\/www.italyfamilyhotels.it\/de\/family-hotels\"},{\"@type\":\"ListItem\",\"position\":3,\"name\":\"Das M\u00fchlwald &#8211; Quality Time Family Resort\"}]},{\"@type\":\"WebSite\",\"@id\":\"https:\/\/www.italyfamilyhotels.it\/#website\",\"url\":\"https:\/\/www.italyfamilyhotels.it\/\",\"name\":\"Italy Family Hotels\",\"description\":\"\",\"potentialAction\":[{\"@type\":\"SearchAction\",\"target\":{\"@type\":\"EntryPoint\",\"urlTemplate\":\"https:\/\/www.italyfamilyhotels.it\/?s={search_term_string}\"},\"query-input\":{\"@type\":\"PropertyValueSpecification\",\"valueRequired\":true,\"valueName\":\"search_term_string\"}}],\"inLanguage\":\"de\"}]}<\/script>\n<!-- \/ Yoast SEO plugin. -->","yoast_head_json":{"title":"Das M\u00fchlwald - Quality Time Family Resort - Italy Family Hotels","robots":{"index":"index","follow":"follow","max-snippet":"max-snippet:-1","max-image-preview":"max-image-preview:large","max-video-preview":"max-video-preview:-1"},"canonical":"https:\/\/www.italyfamilyhotels.it\/de\/family-hotels\/das-muhlwald-quality-time-family-resort","og_locale":"de_DE","og_type":"article","og_title":"Das M\u00fchlwald - Quality Time Family Resort - Italy Family Hotels","og_description":"Ringsum gr\u00fcne Wiesen, Apfelplantagen, Berge, Ruhe: im Das M\u00fchlwald &#8211; Quality Time Family Resort verbringt Ihr zusammen die sch\u00f6nste Zeit des Jahres in Harmonie mit der Landschaft S\u00fcdtirols, in Nabs-Schabs bei Brixen. Nehmt Euch alle Zeit, die Sch\u00f6nheit der kleinen Dinge und der Gemeinsamkeit wiederzuentdecken. Wir k\u00fcmmern uns um Euer Wohlbefinden und den Spa\u00df der &hellip;","og_url":"https:\/\/www.italyfamilyhotels.it\/de\/family-hotels\/das-muhlwald-quality-time-family-resort","og_site_name":"Italy Family Hotels","article_publisher":"https:\/\/www.facebook.com\/ItalyFamilyHotels\/","article_modified_time":"2022-06-20T11:27:36+00:00","twitter_card":"summary_large_image","twitter_misc":{"Gesch\u00e4tzte Lesezeit":"1\u00a0Minute"},"schema":{"@context":"https:\/\/schema.org","@graph":[{"@type":"WebPage","@id":"https:\/\/www.italyfamilyhotels.it\/de\/family-hotels\/das-muhlwald-quality-time-family-resort","url":"https:\/\/www.italyfamilyhotels.it\/de\/family-hotels\/das-muhlwald-quality-time-family-resort","name":"Das M\u00fchlwald - Quality Time Family Resort - Italy Family Hotels","isPartOf":{"@id":"https:\/\/www.italyfamilyhotels.it\/#website"},"datePublished":"2022-05-09T09:41:01+00:00","dateModified":"2022-06-20T11:27:36+00:00","breadcrumb":{"@id":"https:\/\/www.italyfamilyhotels.it\/de\/family-hotels\/das-muhlwald-quality-time-family-resort#breadcrumb"},"inLanguage":"de","potentialAction":[{"@type":"ReadAction","target":["https:\/\/www.italyfamilyhotels.it\/de\/family-hotels\/das-muhlwald-quality-time-family-resort"]}]},{"@type":"BreadcrumbList","@id":"https:\/\/www.italyfamilyhotels.it\/de\/family-hotels\/das-muhlwald-quality-time-family-resort#breadcrumb","itemListElement":[{"@type":"ListItem","position":1,"name":"Home","item":"https:\/\/www.italyfamilyhotels.it\/de"},{"@type":"ListItem","position":2,"name":"Family Hotels","item":"https:\/\/www.italyfamilyhotels.it\/de\/family-hotels"},{"@type":"ListItem","position":3,"name":"Das M\u00fchlwald &#8211; Quality Time Family Resort"}]},{"@type":"WebSite","@id":"https:\/\/www.italyfamilyhotels.it\/#website","url":"https:\/\/www.italyfamilyhotels.it\/","name":"Italy Family Hotels","description":"","potentialAction":[{"@type":"SearchAction","target":{"@type":"EntryPoint","urlTemplate":"https:\/\/www.italyfamilyhotels.it\/?s={search_term_string}"},"query-input":{"@type":"PropertyValueSpecification","valueRequired":true,"valueName":"search_term_string"}}],"inLanguage":"de"}]}},"_links":{"self":[{"href":"https:\/\/www.italyfamilyhotels.it\/de\/wp-json\/wp\/v2\/pages\/27086","targetHints":{"allow":["GET"]}}],"collection":[{"href":"https:\/\/www.italyfamilyhotels.it\/de\/wp-json\/wp\/v2\/pages"}],"about":[{"href":"https:\/\/www.italyfamilyhotels.it\/de\/wp-json\/wp\/v2\/types\/page"}],"author":[{"embeddable":true,"href":"https:\/\/www.italyfamilyhotels.it\/de\/wp-json\/wp\/v2\/users\/1"}],"replies":[{"embeddable":true,"href":"https:\/\/www.italyfamilyhotels.it\/de\/wp-json\/wp\/v2\/comments?post=27086"}],"version-history":[{"count":3,"href":"https:\/\/www.italyfamilyhotels.it\/de\/wp-json\/wp\/v2\/pages\/27086\/revisions"}],"predecessor-version":[{"id":28782,"href":"https:\/\/www.italyfamilyhotels.it\/de\/wp-json\/wp\/v2\/pages\/27086\/revisions\/28782"}],"up":[{"embeddable":true,"href":"https:\/\/www.italyfamilyhotels.it\/de\/wp-json\/wp\/v2\/pages\/94"}],"wp:attachment":[{"href":"https:\/\/www.italyfamilyhotels.it\/de\/wp-json\/wp\/v2\/media?parent=27086"}],"curies":[{"name":"wp","href":"https:\/\/api.w.org\/{rel}","templated":true}]}}