{"id":2707,"date":"2018-11-08T17:16:19","date_gmt":"2018-11-08T16:16:19","guid":{"rendered":"https:\/\/www.italyfamilyhotels.it\/?page_id=2707"},"modified":"2022-05-02T15:52:26","modified_gmt":"2022-05-02T13:52:26","slug":"san-benedetto-del-tronto","status":"publish","type":"page","link":"https:\/\/www.italyfamilyhotels.it\/de\/destinationen\/marken\/san-benedetto-del-tronto","title":{"rendered":"San Benedetto del Tronto"},"content":{"rendered":"\n<p>An der <b>Strandpromenade <\/b>von <b>San Benedetto del Tronto wird einem schnell klar,<\/b> warum der Badeort an der Adriak\u00fcste im s\u00fcdlichen Teil der Region Marken, Palmen-Riviera genannt,  bei Familien so beliebt ist. Die breite Stra\u00dfe ist von den ber\u00fchmten <b>Palmen<\/b> (es sollen 8.000 sein), Gr\u00fcnanlagen und Kinderspielpl\u00e4tzen ges\u00e4umt, ein <b>Radweg<\/b> f\u00fchrt an ihm entlang <b>bis zum 15 km entfernten Ort Cupra Marittima<\/b>, und als Fu\u00dfg\u00e4nger*in hat man auch mit Kinderwagen keine Probleme. Es gibt den  Trocken-Garten, den Feucht-Garten,  Palmengarten, Rosengarten, den Garten der Macchia Mediterranea und den <b>&quot;Giardino dei Bambini&quot;<\/b> mit Baumhaus, Rutschbahn und anderen Spielger\u00e4ten. An die Palmen und Oleanderb\u00fcsche der Promenade grenzt der breite, kindergerecht sanft ins saubere Meer abfallende<b> Sandstrand.<\/b> Landeinw\u00e4rts l\u00e4dt die h\u00fcbsche gepflegte Altstadt zu einem gem\u00fctlichen Abendspaziergang ein<\/p>\n","protected":false},"excerpt":{"rendered":"<p>An der Strandpromenade von San Benedetto del Tronto wird einem schnell klar, warum der Badeort an der Adriak\u00fcste im s\u00fcdlichen Teil der Region Marken, Palmen-Riviera genannt, bei Familien so beliebt ist. Die breite Stra\u00dfe ist von den ber\u00fchmten Palmen (es sollen 8.000 sein), Gr\u00fcnanlagen und Kinderspielpl\u00e4tzen ges\u00e4umt, ein Radweg f\u00fchrt an ihm entlang bis zum &hellip;<\/p>\n","protected":false},"author":2,"featured_media":0,"parent":49808,"menu_order":0,"comment_status":"closed","ping_status":"closed","template":"page-templates\/scheda_localita.php","meta":{"_acf_changed":false,"inline_featured_image":false,"footnotes":""},"class_list":["post-2707","page","type-page","status-publish","hentry"],"acf":[],"yoast_head":"<!-- This site is optimized with the Yoast SEO plugin v27.1 - https:\/\/yoast.com\/product\/yoast-seo-wordpress\/ -->\n<title>Familienhotels in San Benedetto del Tronto, Urlaub f\u00fcr Familien in Italien<\/title>\n<meta name=\"description\" content=\"Lust auf Familienurlaub? Wir haben die besten Hotel f\u00fcr Familien in San Benedetto del Tronto, Italien\" \/>\n<meta name=\"robots\" content=\"index, follow, max-snippet:-1, max-image-preview:large, max-video-preview:-1\" \/>\n<link rel=\"canonical\" href=\"https:\/\/www.italyfamilyhotels.it\/de\/destinationen\/marken\/san-benedetto-del-tronto\" \/>\n<meta property=\"og:locale\" content=\"de_DE\" \/>\n<meta property=\"og:type\" content=\"article\" \/>\n<meta property=\"og:title\" content=\"Familienhotels in San Benedetto del Tronto, Urlaub f\u00fcr Familien in Italien\" \/>\n<meta property=\"og:description\" content=\"Lust auf Familienurlaub? Wir haben die besten Hotel f\u00fcr Familien in San Benedetto del Tronto, Italien\" \/>\n<meta property=\"og:url\" content=\"https:\/\/www.italyfamilyhotels.it\/de\/destinationen\/marken\/san-benedetto-del-tronto\" \/>\n<meta property=\"og:site_name\" content=\"Italy Family Hotels\" \/>\n<meta property=\"article:publisher\" content=\"https:\/\/www.facebook.com\/ItalyFamilyHotels\/\" \/>\n<meta property=\"article:modified_time\" content=\"2022-05-02T13:52:26+00:00\" \/>\n<meta name=\"twitter:card\" content=\"summary_large_image\" \/>\n<meta name=\"twitter:label1\" content=\"Gesch\u00e4tzte Lesezeit\" \/>\n\t<meta name=\"twitter:data1\" content=\"1\u00a0Minute\" \/>\n<script type=\"application\/ld+json\" class=\"yoast-schema-graph\">{\"@context\":\"https:\/\/schema.org\",\"@graph\":[{\"@type\":\"WebPage\",\"@id\":\"https:\/\/www.italyfamilyhotels.it\/de\/destinationen\/marken\/san-benedetto-del-tronto\",\"url\":\"https:\/\/www.italyfamilyhotels.it\/de\/destinationen\/marken\/san-benedetto-del-tronto\",\"name\":\"Familienhotels in San Benedetto del Tronto, Urlaub f\u00fcr Familien in Italien\",\"isPartOf\":{\"@id\":\"https:\/\/www.italyfamilyhotels.it\/#website\"},\"datePublished\":\"2018-11-08T16:16:19+00:00\",\"dateModified\":\"2022-05-02T13:52:26+00:00\",\"description\":\"Lust auf Familienurlaub? Wir haben die besten Hotel f\u00fcr Familien in San Benedetto del Tronto, Italien\",\"breadcrumb\":{\"@id\":\"https:\/\/www.italyfamilyhotels.it\/de\/destinationen\/marken\/san-benedetto-del-tronto#breadcrumb\"},\"inLanguage\":\"de\",\"potentialAction\":[{\"@type\":\"ReadAction\",\"target\":[\"https:\/\/www.italyfamilyhotels.it\/de\/destinationen\/marken\/san-benedetto-del-tronto\"]}]},{\"@type\":\"BreadcrumbList\",\"@id\":\"https:\/\/www.italyfamilyhotels.it\/de\/destinationen\/marken\/san-benedetto-del-tronto#breadcrumb\",\"itemListElement\":[{\"@type\":\"ListItem\",\"position\":1,\"name\":\"Home\",\"item\":\"https:\/\/www.italyfamilyhotels.it\/de\"},{\"@type\":\"ListItem\",\"position\":2,\"name\":\"Destinationen\",\"item\":\"https:\/\/www.italyfamilyhotels.it\/de\/destinationen\"},{\"@type\":\"ListItem\",\"position\":3,\"name\":\"Marken\",\"item\":\"https:\/\/www.italyfamilyhotels.it\/de\/destinationen\/marken\"},{\"@type\":\"ListItem\",\"position\":4,\"name\":\"San Benedetto del Tronto\"}]},{\"@type\":\"WebSite\",\"@id\":\"https:\/\/www.italyfamilyhotels.it\/#website\",\"url\":\"https:\/\/www.italyfamilyhotels.it\/\",\"name\":\"Italy Family Hotels\",\"description\":\"\",\"potentialAction\":[{\"@type\":\"SearchAction\",\"target\":{\"@type\":\"EntryPoint\",\"urlTemplate\":\"https:\/\/www.italyfamilyhotels.it\/?s={search_term_string}\"},\"query-input\":{\"@type\":\"PropertyValueSpecification\",\"valueRequired\":true,\"valueName\":\"search_term_string\"}}],\"inLanguage\":\"de\"}]}<\/script>\n<!-- \/ Yoast SEO plugin. -->","yoast_head_json":{"title":"Familienhotels in San Benedetto del Tronto, Urlaub f\u00fcr Familien in Italien","description":"Lust auf Familienurlaub? Wir haben die besten Hotel f\u00fcr Familien in San Benedetto del Tronto, Italien","robots":{"index":"index","follow":"follow","max-snippet":"max-snippet:-1","max-image-preview":"max-image-preview:large","max-video-preview":"max-video-preview:-1"},"canonical":"https:\/\/www.italyfamilyhotels.it\/de\/destinationen\/marken\/san-benedetto-del-tronto","og_locale":"de_DE","og_type":"article","og_title":"Familienhotels in San Benedetto del Tronto, Urlaub f\u00fcr Familien in Italien","og_description":"Lust auf Familienurlaub? Wir haben die besten Hotel f\u00fcr Familien in San Benedetto del Tronto, Italien","og_url":"https:\/\/www.italyfamilyhotels.it\/de\/destinationen\/marken\/san-benedetto-del-tronto","og_site_name":"Italy Family Hotels","article_publisher":"https:\/\/www.facebook.com\/ItalyFamilyHotels\/","article_modified_time":"2022-05-02T13:52:26+00:00","twitter_card":"summary_large_image","twitter_misc":{"Gesch\u00e4tzte Lesezeit":"1\u00a0Minute"},"schema":{"@context":"https:\/\/schema.org","@graph":[{"@type":"WebPage","@id":"https:\/\/www.italyfamilyhotels.it\/de\/destinationen\/marken\/san-benedetto-del-tronto","url":"https:\/\/www.italyfamilyhotels.it\/de\/destinationen\/marken\/san-benedetto-del-tronto","name":"Familienhotels in San Benedetto del Tronto, Urlaub f\u00fcr Familien in Italien","isPartOf":{"@id":"https:\/\/www.italyfamilyhotels.it\/#website"},"datePublished":"2018-11-08T16:16:19+00:00","dateModified":"2022-05-02T13:52:26+00:00","description":"Lust auf Familienurlaub? Wir haben die besten Hotel f\u00fcr Familien in San Benedetto del Tronto, Italien","breadcrumb":{"@id":"https:\/\/www.italyfamilyhotels.it\/de\/destinationen\/marken\/san-benedetto-del-tronto#breadcrumb"},"inLanguage":"de","potentialAction":[{"@type":"ReadAction","target":["https:\/\/www.italyfamilyhotels.it\/de\/destinationen\/marken\/san-benedetto-del-tronto"]}]},{"@type":"BreadcrumbList","@id":"https:\/\/www.italyfamilyhotels.it\/de\/destinationen\/marken\/san-benedetto-del-tronto#breadcrumb","itemListElement":[{"@type":"ListItem","position":1,"name":"Home","item":"https:\/\/www.italyfamilyhotels.it\/de"},{"@type":"ListItem","position":2,"name":"Destinationen","item":"https:\/\/www.italyfamilyhotels.it\/de\/destinationen"},{"@type":"ListItem","position":3,"name":"Marken","item":"https:\/\/www.italyfamilyhotels.it\/de\/destinationen\/marken"},{"@type":"ListItem","position":4,"name":"San Benedetto del Tronto"}]},{"@type":"WebSite","@id":"https:\/\/www.italyfamilyhotels.it\/#website","url":"https:\/\/www.italyfamilyhotels.it\/","name":"Italy Family Hotels","description":"","potentialAction":[{"@type":"SearchAction","target":{"@type":"EntryPoint","urlTemplate":"https:\/\/www.italyfamilyhotels.it\/?s={search_term_string}"},"query-input":{"@type":"PropertyValueSpecification","valueRequired":true,"valueName":"search_term_string"}}],"inLanguage":"de"}]}},"_links":{"self":[{"href":"https:\/\/www.italyfamilyhotels.it\/de\/wp-json\/wp\/v2\/pages\/2707","targetHints":{"allow":["GET"]}}],"collection":[{"href":"https:\/\/www.italyfamilyhotels.it\/de\/wp-json\/wp\/v2\/pages"}],"about":[{"href":"https:\/\/www.italyfamilyhotels.it\/de\/wp-json\/wp\/v2\/types\/page"}],"author":[{"embeddable":true,"href":"https:\/\/www.italyfamilyhotels.it\/de\/wp-json\/wp\/v2\/users\/2"}],"replies":[{"embeddable":true,"href":"https:\/\/www.italyfamilyhotels.it\/de\/wp-json\/wp\/v2\/comments?post=2707"}],"version-history":[{"count":3,"href":"https:\/\/www.italyfamilyhotels.it\/de\/wp-json\/wp\/v2\/pages\/2707\/revisions"}],"predecessor-version":[{"id":26873,"href":"https:\/\/www.italyfamilyhotels.it\/de\/wp-json\/wp\/v2\/pages\/2707\/revisions\/26873"}],"up":[{"embeddable":true,"href":"https:\/\/www.italyfamilyhotels.it\/de\/wp-json\/wp\/v2\/pages\/49808"}],"wp:attachment":[{"href":"https:\/\/www.italyfamilyhotels.it\/de\/wp-json\/wp\/v2\/media?parent=2707"}],"curies":[{"name":"wp","href":"https:\/\/api.w.org\/{rel}","templated":true}]}}