{"id":23924,"date":"2022-04-05T11:54:44","date_gmt":"2022-04-05T09:54:44","guid":{"rendered":"https:\/\/www.italyfamilyhotels.it\/destinationen\/trentino-sudtirol\/vals"},"modified":"2022-05-02T16:07:30","modified_gmt":"2022-05-02T14:07:30","slug":"vals","status":"publish","type":"page","link":"https:\/\/www.italyfamilyhotels.it\/de\/destinationen\/trentino-sudtirol\/vals","title":{"rendered":"Vals"},"content":{"rendered":"\n<p><b>Vals,<\/b> zur Gemeinde M\u00fchlbach in S\u00fcdtirol geh\u00f6rend, liegt auf <b>1353 m H\u00f6he<\/b>, wo<b> <\/b>die Reinheit der Luft und die Urspr\u00fcnglichkeit der Natur kaum zu \u00fcbertreffen sind. Mit einem einfachen Spaziergang k\u00f6nnt Ihr die urige <b>Fane Alm<\/b> erreichen, das &#8220;sch\u00f6nste Almdorf S\u00fcdtirols&#8221;.<\/p>\n\n\n\n<p>Auch eine Wanderung mit Kindern zur <b>Brixner H\u00fctte <\/b>ist im Sommer kein Problem.<\/p>\n\n\n\n<p>Ein besonderes Schauspiel ist der Almabtrieb im Sp\u00e4tsommer.<\/p>\n\n\n\n<p>Der <b>Besuch einer bewirtschafteten Almh\u00fctt<\/b>e ist immer ein tolles Erlebnis Im Winter bieten <b>Anf\u00e4ngerpisten und eine Skischule<\/b> den kleinen Urlaubern Gelegenheit, die Freuden des Skifahrens kennenzulernen. Wer es schon kann, vergn\u00fcgt sich im <b>Skigebiet Glitschberg Jochtal <\/b>oder auf  wundersch\u00f6nen Langlauf-Loipen.<\/p>\n","protected":false},"excerpt":{"rendered":"<p>Vals, zur Gemeinde M\u00fchlbach in S\u00fcdtirol geh\u00f6rend, liegt auf 1353 m H\u00f6he, wo die Reinheit der Luft und die Urspr\u00fcnglichkeit der Natur kaum zu \u00fcbertreffen sind. Mit einem einfachen Spaziergang k\u00f6nnt Ihr die urige Fane Alm erreichen, das &#8220;sch\u00f6nste Almdorf S\u00fcdtirols&#8221;. Auch eine Wanderung mit Kindern zur Brixner H\u00fctte ist im Sommer kein Problem. Ein &hellip;<\/p>\n","protected":false},"author":2,"featured_media":0,"parent":1426,"menu_order":0,"comment_status":"closed","ping_status":"closed","template":"page-templates\/scheda_localita.php","meta":{"_acf_changed":false,"inline_featured_image":false,"footnotes":""},"class_list":["post-23924","page","type-page","status-publish","hentry"],"acf":[],"yoast_head":"<!-- This site is optimized with the Yoast SEO plugin v27.1 - https:\/\/yoast.com\/product\/yoast-seo-wordpress\/ -->\n<title>Vals - Italy Family Hotels<\/title>\n<meta name=\"robots\" content=\"index, follow, max-snippet:-1, max-image-preview:large, max-video-preview:-1\" \/>\n<link rel=\"canonical\" href=\"https:\/\/www.italyfamilyhotels.it\/de\/destinationen\/trentino-sudtirol\/vals\" \/>\n<meta property=\"og:locale\" content=\"de_DE\" \/>\n<meta property=\"og:type\" content=\"article\" \/>\n<meta property=\"og:title\" content=\"Vals - Italy Family Hotels\" \/>\n<meta property=\"og:description\" content=\"Vals, zur Gemeinde M\u00fchlbach in S\u00fcdtirol geh\u00f6rend, liegt auf 1353 m H\u00f6he, wo die Reinheit der Luft und die Urspr\u00fcnglichkeit der Natur kaum zu \u00fcbertreffen sind. Mit einem einfachen Spaziergang k\u00f6nnt Ihr die urige Fane Alm erreichen, das &#8220;sch\u00f6nste Almdorf S\u00fcdtirols&#8221;. Auch eine Wanderung mit Kindern zur Brixner H\u00fctte ist im Sommer kein Problem. Ein &hellip;\" \/>\n<meta property=\"og:url\" content=\"https:\/\/www.italyfamilyhotels.it\/de\/destinationen\/trentino-sudtirol\/vals\" \/>\n<meta property=\"og:site_name\" content=\"Italy Family Hotels\" \/>\n<meta property=\"article:publisher\" content=\"https:\/\/www.facebook.com\/ItalyFamilyHotels\/\" \/>\n<meta property=\"article:modified_time\" content=\"2022-05-02T14:07:30+00:00\" \/>\n<meta name=\"twitter:card\" content=\"summary_large_image\" \/>\n<meta name=\"twitter:label1\" content=\"Gesch\u00e4tzte Lesezeit\" \/>\n\t<meta name=\"twitter:data1\" content=\"1\u00a0Minute\" \/>\n<script type=\"application\/ld+json\" class=\"yoast-schema-graph\">{\"@context\":\"https:\/\/schema.org\",\"@graph\":[{\"@type\":\"WebPage\",\"@id\":\"https:\/\/www.italyfamilyhotels.it\/de\/destinationen\/trentino-sudtirol\/vals\",\"url\":\"https:\/\/www.italyfamilyhotels.it\/de\/destinationen\/trentino-sudtirol\/vals\",\"name\":\"Vals - Italy Family Hotels\",\"isPartOf\":{\"@id\":\"https:\/\/www.italyfamilyhotels.it\/#website\"},\"datePublished\":\"2022-04-05T09:54:44+00:00\",\"dateModified\":\"2022-05-02T14:07:30+00:00\",\"breadcrumb\":{\"@id\":\"https:\/\/www.italyfamilyhotels.it\/de\/destinationen\/trentino-sudtirol\/vals#breadcrumb\"},\"inLanguage\":\"de\",\"potentialAction\":[{\"@type\":\"ReadAction\",\"target\":[\"https:\/\/www.italyfamilyhotels.it\/de\/destinationen\/trentino-sudtirol\/vals\"]}]},{\"@type\":\"BreadcrumbList\",\"@id\":\"https:\/\/www.italyfamilyhotels.it\/de\/destinationen\/trentino-sudtirol\/vals#breadcrumb\",\"itemListElement\":[{\"@type\":\"ListItem\",\"position\":1,\"name\":\"Home\",\"item\":\"https:\/\/www.italyfamilyhotels.it\/de\"},{\"@type\":\"ListItem\",\"position\":2,\"name\":\"Destinationen\",\"item\":\"https:\/\/www.italyfamilyhotels.it\/de\/destinationen\"},{\"@type\":\"ListItem\",\"position\":3,\"name\":\"Trentino-S\u00fcdtirol\",\"item\":\"https:\/\/www.italyfamilyhotels.it\/de\/destinationen\/trentino-sudtirol\"},{\"@type\":\"ListItem\",\"position\":4,\"name\":\"Vals\"}]},{\"@type\":\"WebSite\",\"@id\":\"https:\/\/www.italyfamilyhotels.it\/#website\",\"url\":\"https:\/\/www.italyfamilyhotels.it\/\",\"name\":\"Italy Family Hotels\",\"description\":\"\",\"potentialAction\":[{\"@type\":\"SearchAction\",\"target\":{\"@type\":\"EntryPoint\",\"urlTemplate\":\"https:\/\/www.italyfamilyhotels.it\/?s={search_term_string}\"},\"query-input\":{\"@type\":\"PropertyValueSpecification\",\"valueRequired\":true,\"valueName\":\"search_term_string\"}}],\"inLanguage\":\"de\"}]}<\/script>\n<!-- \/ Yoast SEO plugin. -->","yoast_head_json":{"title":"Vals - Italy Family Hotels","robots":{"index":"index","follow":"follow","max-snippet":"max-snippet:-1","max-image-preview":"max-image-preview:large","max-video-preview":"max-video-preview:-1"},"canonical":"https:\/\/www.italyfamilyhotels.it\/de\/destinationen\/trentino-sudtirol\/vals","og_locale":"de_DE","og_type":"article","og_title":"Vals - Italy Family Hotels","og_description":"Vals, zur Gemeinde M\u00fchlbach in S\u00fcdtirol geh\u00f6rend, liegt auf 1353 m H\u00f6he, wo die Reinheit der Luft und die Urspr\u00fcnglichkeit der Natur kaum zu \u00fcbertreffen sind. Mit einem einfachen Spaziergang k\u00f6nnt Ihr die urige Fane Alm erreichen, das &#8220;sch\u00f6nste Almdorf S\u00fcdtirols&#8221;. Auch eine Wanderung mit Kindern zur Brixner H\u00fctte ist im Sommer kein Problem. Ein &hellip;","og_url":"https:\/\/www.italyfamilyhotels.it\/de\/destinationen\/trentino-sudtirol\/vals","og_site_name":"Italy Family Hotels","article_publisher":"https:\/\/www.facebook.com\/ItalyFamilyHotels\/","article_modified_time":"2022-05-02T14:07:30+00:00","twitter_card":"summary_large_image","twitter_misc":{"Gesch\u00e4tzte Lesezeit":"1\u00a0Minute"},"schema":{"@context":"https:\/\/schema.org","@graph":[{"@type":"WebPage","@id":"https:\/\/www.italyfamilyhotels.it\/de\/destinationen\/trentino-sudtirol\/vals","url":"https:\/\/www.italyfamilyhotels.it\/de\/destinationen\/trentino-sudtirol\/vals","name":"Vals - Italy Family Hotels","isPartOf":{"@id":"https:\/\/www.italyfamilyhotels.it\/#website"},"datePublished":"2022-04-05T09:54:44+00:00","dateModified":"2022-05-02T14:07:30+00:00","breadcrumb":{"@id":"https:\/\/www.italyfamilyhotels.it\/de\/destinationen\/trentino-sudtirol\/vals#breadcrumb"},"inLanguage":"de","potentialAction":[{"@type":"ReadAction","target":["https:\/\/www.italyfamilyhotels.it\/de\/destinationen\/trentino-sudtirol\/vals"]}]},{"@type":"BreadcrumbList","@id":"https:\/\/www.italyfamilyhotels.it\/de\/destinationen\/trentino-sudtirol\/vals#breadcrumb","itemListElement":[{"@type":"ListItem","position":1,"name":"Home","item":"https:\/\/www.italyfamilyhotels.it\/de"},{"@type":"ListItem","position":2,"name":"Destinationen","item":"https:\/\/www.italyfamilyhotels.it\/de\/destinationen"},{"@type":"ListItem","position":3,"name":"Trentino-S\u00fcdtirol","item":"https:\/\/www.italyfamilyhotels.it\/de\/destinationen\/trentino-sudtirol"},{"@type":"ListItem","position":4,"name":"Vals"}]},{"@type":"WebSite","@id":"https:\/\/www.italyfamilyhotels.it\/#website","url":"https:\/\/www.italyfamilyhotels.it\/","name":"Italy Family Hotels","description":"","potentialAction":[{"@type":"SearchAction","target":{"@type":"EntryPoint","urlTemplate":"https:\/\/www.italyfamilyhotels.it\/?s={search_term_string}"},"query-input":{"@type":"PropertyValueSpecification","valueRequired":true,"valueName":"search_term_string"}}],"inLanguage":"de"}]}},"_links":{"self":[{"href":"https:\/\/www.italyfamilyhotels.it\/de\/wp-json\/wp\/v2\/pages\/23924","targetHints":{"allow":["GET"]}}],"collection":[{"href":"https:\/\/www.italyfamilyhotels.it\/de\/wp-json\/wp\/v2\/pages"}],"about":[{"href":"https:\/\/www.italyfamilyhotels.it\/de\/wp-json\/wp\/v2\/types\/page"}],"author":[{"embeddable":true,"href":"https:\/\/www.italyfamilyhotels.it\/de\/wp-json\/wp\/v2\/users\/2"}],"replies":[{"embeddable":true,"href":"https:\/\/www.italyfamilyhotels.it\/de\/wp-json\/wp\/v2\/comments?post=23924"}],"version-history":[{"count":6,"href":"https:\/\/www.italyfamilyhotels.it\/de\/wp-json\/wp\/v2\/pages\/23924\/revisions"}],"predecessor-version":[{"id":26905,"href":"https:\/\/www.italyfamilyhotels.it\/de\/wp-json\/wp\/v2\/pages\/23924\/revisions\/26905"}],"up":[{"embeddable":true,"href":"https:\/\/www.italyfamilyhotels.it\/de\/wp-json\/wp\/v2\/pages\/1426"}],"wp:attachment":[{"href":"https:\/\/www.italyfamilyhotels.it\/de\/wp-json\/wp\/v2\/media?parent=23924"}],"curies":[{"name":"wp","href":"https:\/\/api.w.org\/{rel}","templated":true}]}}