{"id":23922,"date":"2022-04-05T11:54:43","date_gmt":"2022-04-05T09:54:43","guid":{"rendered":"https:\/\/www.italyfamilyhotels.it\/qualitaetsgarantien\/animation-und-unterhaltung"},"modified":"2022-04-06T13:21:41","modified_gmt":"2022-04-06T11:21:41","slug":"animation-und-unterhaltung","status":"publish","type":"page","link":"https:\/\/www.italyfamilyhotels.it\/de\/qualitaetsgarantien\/animation-und-unterhaltung","title":{"rendered":"Animation und Unterhaltung"},"content":{"rendered":"\n<p>Die <b>Animation<\/b> ist das Herz der <b>Family-Hotels! <\/b>Ausgebildete Betreuer*innen, liebe Babysitter, Spielr\u00e4ume mit gepolstertem Bereich, anregende Spiele, kreative Aktivit\u00e4ten, Ausfl\u00fcge &#8230; phantastisch viel Spa\u00df f\u00fcr die Kinder und, sagen wir es, Entlastung f\u00fcr Mama und Papa, machen einen Urlaub in einem <b>Italy Family Hotel<\/b> zu etwas Besonderem.<\/p>\n\n\n\n<p><\/p>\n\n\n\n<p>In der <b>Tabelle <\/b>siehst Du, <b>welche Betreuungs- und Animatonsdienste f\u00fcr Kinder Ihr im Hotel findet!<\/b><\/p>\n\n\n\n<p>Je gr\u00f6\u00dfer die<b> Zahl der Binos<\/b>, desto gr\u00f6\u00dfer ist auch die <b>Zahl der Dienste!<\/b><\/p>\n","protected":false},"excerpt":{"rendered":"<p>Die Animation ist das Herz der Family-Hotels! Ausgebildete Betreuer*innen, liebe Babysitter, Spielr\u00e4ume mit gepolstertem Bereich, anregende Spiele, kreative Aktivit\u00e4ten, Ausfl\u00fcge &#8230; phantastisch viel Spa\u00df f\u00fcr die Kinder und, sagen wir es, Entlastung f\u00fcr Mama und Papa, machen einen Urlaub in einem Italy Family Hotel zu etwas Besonderem. In der Tabelle siehst Du, welche Betreuungs- und &hellip;<\/p>\n","protected":false},"author":2,"featured_media":0,"parent":3491,"menu_order":0,"comment_status":"closed","ping_status":"closed","template":"page-templates\/bino_categoria.php","meta":{"_acf_changed":false,"inline_featured_image":false,"footnotes":""},"class_list":["post-23922","page","type-page","status-publish","hentry"],"acf":[],"yoast_head":"<!-- This site is optimized with the Yoast SEO plugin v27.1 - https:\/\/yoast.com\/product\/yoast-seo-wordpress\/ -->\n<title>Animation und Unterhaltung - Italy Family Hotels<\/title>\n<meta name=\"robots\" content=\"index, follow, max-snippet:-1, max-image-preview:large, max-video-preview:-1\" \/>\n<link rel=\"canonical\" href=\"https:\/\/www.italyfamilyhotels.it\/de\/qualitaetsgarantien\/animation-und-unterhaltung\" \/>\n<meta property=\"og:locale\" content=\"de_DE\" \/>\n<meta property=\"og:type\" content=\"article\" \/>\n<meta property=\"og:title\" content=\"Animation und Unterhaltung - Italy Family Hotels\" \/>\n<meta property=\"og:description\" content=\"Die Animation ist das Herz der Family-Hotels! Ausgebildete Betreuer*innen, liebe Babysitter, Spielr\u00e4ume mit gepolstertem Bereich, anregende Spiele, kreative Aktivit\u00e4ten, Ausfl\u00fcge &#8230; phantastisch viel Spa\u00df f\u00fcr die Kinder und, sagen wir es, Entlastung f\u00fcr Mama und Papa, machen einen Urlaub in einem Italy Family Hotel zu etwas Besonderem. In der Tabelle siehst Du, welche Betreuungs- und &hellip;\" \/>\n<meta property=\"og:url\" content=\"https:\/\/www.italyfamilyhotels.it\/de\/qualitaetsgarantien\/animation-und-unterhaltung\" \/>\n<meta property=\"og:site_name\" content=\"Italy Family Hotels\" \/>\n<meta property=\"article:publisher\" content=\"https:\/\/www.facebook.com\/ItalyFamilyHotels\/\" \/>\n<meta property=\"article:modified_time\" content=\"2022-04-06T11:21:41+00:00\" \/>\n<meta name=\"twitter:card\" content=\"summary_large_image\" \/>\n<script type=\"application\/ld+json\" class=\"yoast-schema-graph\">{\"@context\":\"https:\/\/schema.org\",\"@graph\":[{\"@type\":\"WebPage\",\"@id\":\"https:\/\/www.italyfamilyhotels.it\/de\/qualitaetsgarantien\/animation-und-unterhaltung\",\"url\":\"https:\/\/www.italyfamilyhotels.it\/de\/qualitaetsgarantien\/animation-und-unterhaltung\",\"name\":\"Animation und Unterhaltung - Italy Family Hotels\",\"isPartOf\":{\"@id\":\"https:\/\/www.italyfamilyhotels.it\/#website\"},\"datePublished\":\"2022-04-05T09:54:43+00:00\",\"dateModified\":\"2022-04-06T11:21:41+00:00\",\"breadcrumb\":{\"@id\":\"https:\/\/www.italyfamilyhotels.it\/de\/qualitaetsgarantien\/animation-und-unterhaltung#breadcrumb\"},\"inLanguage\":\"de\",\"potentialAction\":[{\"@type\":\"ReadAction\",\"target\":[\"https:\/\/www.italyfamilyhotels.it\/de\/qualitaetsgarantien\/animation-und-unterhaltung\"]}]},{\"@type\":\"BreadcrumbList\",\"@id\":\"https:\/\/www.italyfamilyhotels.it\/de\/qualitaetsgarantien\/animation-und-unterhaltung#breadcrumb\",\"itemListElement\":[{\"@type\":\"ListItem\",\"position\":1,\"name\":\"Home\",\"item\":\"https:\/\/www.italyfamilyhotels.it\/de\"},{\"@type\":\"ListItem\",\"position\":2,\"name\":\"Service-Leistungen f\u00fcr Familien\",\"item\":\"https:\/\/www.italyfamilyhotels.it\/de\/qualitaetsgarantien\"},{\"@type\":\"ListItem\",\"position\":3,\"name\":\"Animation und Unterhaltung\"}]},{\"@type\":\"WebSite\",\"@id\":\"https:\/\/www.italyfamilyhotels.it\/#website\",\"url\":\"https:\/\/www.italyfamilyhotels.it\/\",\"name\":\"Italy Family Hotels\",\"description\":\"\",\"potentialAction\":[{\"@type\":\"SearchAction\",\"target\":{\"@type\":\"EntryPoint\",\"urlTemplate\":\"https:\/\/www.italyfamilyhotels.it\/?s={search_term_string}\"},\"query-input\":{\"@type\":\"PropertyValueSpecification\",\"valueRequired\":true,\"valueName\":\"search_term_string\"}}],\"inLanguage\":\"de\"}]}<\/script>\n<!-- \/ Yoast SEO plugin. -->","yoast_head_json":{"title":"Animation und Unterhaltung - Italy Family Hotels","robots":{"index":"index","follow":"follow","max-snippet":"max-snippet:-1","max-image-preview":"max-image-preview:large","max-video-preview":"max-video-preview:-1"},"canonical":"https:\/\/www.italyfamilyhotels.it\/de\/qualitaetsgarantien\/animation-und-unterhaltung","og_locale":"de_DE","og_type":"article","og_title":"Animation und Unterhaltung - Italy Family Hotels","og_description":"Die Animation ist das Herz der Family-Hotels! Ausgebildete Betreuer*innen, liebe Babysitter, Spielr\u00e4ume mit gepolstertem Bereich, anregende Spiele, kreative Aktivit\u00e4ten, Ausfl\u00fcge &#8230; phantastisch viel Spa\u00df f\u00fcr die Kinder und, sagen wir es, Entlastung f\u00fcr Mama und Papa, machen einen Urlaub in einem Italy Family Hotel zu etwas Besonderem. In der Tabelle siehst Du, welche Betreuungs- und &hellip;","og_url":"https:\/\/www.italyfamilyhotels.it\/de\/qualitaetsgarantien\/animation-und-unterhaltung","og_site_name":"Italy Family Hotels","article_publisher":"https:\/\/www.facebook.com\/ItalyFamilyHotels\/","article_modified_time":"2022-04-06T11:21:41+00:00","twitter_card":"summary_large_image","schema":{"@context":"https:\/\/schema.org","@graph":[{"@type":"WebPage","@id":"https:\/\/www.italyfamilyhotels.it\/de\/qualitaetsgarantien\/animation-und-unterhaltung","url":"https:\/\/www.italyfamilyhotels.it\/de\/qualitaetsgarantien\/animation-und-unterhaltung","name":"Animation und Unterhaltung - Italy Family Hotels","isPartOf":{"@id":"https:\/\/www.italyfamilyhotels.it\/#website"},"datePublished":"2022-04-05T09:54:43+00:00","dateModified":"2022-04-06T11:21:41+00:00","breadcrumb":{"@id":"https:\/\/www.italyfamilyhotels.it\/de\/qualitaetsgarantien\/animation-und-unterhaltung#breadcrumb"},"inLanguage":"de","potentialAction":[{"@type":"ReadAction","target":["https:\/\/www.italyfamilyhotels.it\/de\/qualitaetsgarantien\/animation-und-unterhaltung"]}]},{"@type":"BreadcrumbList","@id":"https:\/\/www.italyfamilyhotels.it\/de\/qualitaetsgarantien\/animation-und-unterhaltung#breadcrumb","itemListElement":[{"@type":"ListItem","position":1,"name":"Home","item":"https:\/\/www.italyfamilyhotels.it\/de"},{"@type":"ListItem","position":2,"name":"Service-Leistungen f\u00fcr Familien","item":"https:\/\/www.italyfamilyhotels.it\/de\/qualitaetsgarantien"},{"@type":"ListItem","position":3,"name":"Animation und Unterhaltung"}]},{"@type":"WebSite","@id":"https:\/\/www.italyfamilyhotels.it\/#website","url":"https:\/\/www.italyfamilyhotels.it\/","name":"Italy Family Hotels","description":"","potentialAction":[{"@type":"SearchAction","target":{"@type":"EntryPoint","urlTemplate":"https:\/\/www.italyfamilyhotels.it\/?s={search_term_string}"},"query-input":{"@type":"PropertyValueSpecification","valueRequired":true,"valueName":"search_term_string"}}],"inLanguage":"de"}]}},"_links":{"self":[{"href":"https:\/\/www.italyfamilyhotels.it\/de\/wp-json\/wp\/v2\/pages\/23922","targetHints":{"allow":["GET"]}}],"collection":[{"href":"https:\/\/www.italyfamilyhotels.it\/de\/wp-json\/wp\/v2\/pages"}],"about":[{"href":"https:\/\/www.italyfamilyhotels.it\/de\/wp-json\/wp\/v2\/types\/page"}],"author":[{"embeddable":true,"href":"https:\/\/www.italyfamilyhotels.it\/de\/wp-json\/wp\/v2\/users\/2"}],"replies":[{"embeddable":true,"href":"https:\/\/www.italyfamilyhotels.it\/de\/wp-json\/wp\/v2\/comments?post=23922"}],"version-history":[{"count":3,"href":"https:\/\/www.italyfamilyhotels.it\/de\/wp-json\/wp\/v2\/pages\/23922\/revisions"}],"predecessor-version":[{"id":24333,"href":"https:\/\/www.italyfamilyhotels.it\/de\/wp-json\/wp\/v2\/pages\/23922\/revisions\/24333"}],"up":[{"embeddable":true,"href":"https:\/\/www.italyfamilyhotels.it\/de\/wp-json\/wp\/v2\/pages\/3491"}],"wp:attachment":[{"href":"https:\/\/www.italyfamilyhotels.it\/de\/wp-json\/wp\/v2\/media?parent=23922"}],"curies":[{"name":"wp","href":"https:\/\/api.w.org\/{rel}","templated":true}]}}