{"id":23916,"date":"2022-04-05T11:54:42","date_gmt":"2022-04-05T09:54:42","guid":{"rendered":"https:\/\/www.italyfamilyhotels.it\/qualitaetsgarantien\/kinderausrustung-im-hotelzimmer"},"modified":"2022-04-06T13:21:40","modified_gmt":"2022-04-06T11:21:40","slug":"kinderausrustung-im-hotelzimmer","status":"publish","type":"page","link":"https:\/\/www.italyfamilyhotels.it\/de\/qualitaetsgarantien\/kinderausrustung-im-hotelzimmer","title":{"rendered":"Kinderausr\u00fcstung im Hotelzimmer"},"content":{"rendered":"\n<p>Wie sch\u00f6n ist es, mit Kindern in Urlaub zu fahren, besonders, wenn Ihr bei der Ankunft schon alles N\u00f6tige vorfindet, und Ihr wenig mitnehmen m\u00fcsst. Aber wer wei\u00df, <b>welche Ausr\u00fcstung in den Zimmern der Italy Family Hotels vorhanden ist?<\/b><\/p>\n\n\n\n<p><\/p>\n\n\n\n<p>Wirf einen Blick auf die Tabelle: je <b>mehr Binos<\/b> angezeigt werden, desto <b>mehr Ausr\u00fcstung<\/b> ist da!<\/p>\n","protected":false},"excerpt":{"rendered":"<p>Wie sch\u00f6n ist es, mit Kindern in Urlaub zu fahren, besonders, wenn Ihr bei der Ankunft schon alles N\u00f6tige vorfindet, und Ihr wenig mitnehmen m\u00fcsst. Aber wer wei\u00df, welche Ausr\u00fcstung in den Zimmern der Italy Family Hotels vorhanden ist? Wirf einen Blick auf die Tabelle: je mehr Binos angezeigt werden, desto mehr Ausr\u00fcstung ist da!<\/p>\n","protected":false},"author":2,"featured_media":0,"parent":3491,"menu_order":0,"comment_status":"closed","ping_status":"closed","template":"page-templates\/bino_categoria.php","meta":{"_acf_changed":false,"inline_featured_image":false,"footnotes":""},"class_list":["post-23916","page","type-page","status-publish","hentry"],"acf":[],"yoast_head":"<!-- This site is optimized with the Yoast SEO plugin v27.1 - https:\/\/yoast.com\/product\/yoast-seo-wordpress\/ -->\n<title>Kinderausr\u00fcstung im Hotelzimmer - Italy Family Hotels<\/title>\n<meta name=\"robots\" content=\"index, follow, max-snippet:-1, max-image-preview:large, max-video-preview:-1\" \/>\n<link rel=\"canonical\" href=\"https:\/\/www.italyfamilyhotels.it\/de\/qualitaetsgarantien\/kinderausrustung-im-hotelzimmer\" \/>\n<meta property=\"og:locale\" content=\"de_DE\" \/>\n<meta property=\"og:type\" content=\"article\" \/>\n<meta property=\"og:title\" content=\"Kinderausr\u00fcstung im Hotelzimmer - Italy Family Hotels\" \/>\n<meta property=\"og:description\" content=\"Wie sch\u00f6n ist es, mit Kindern in Urlaub zu fahren, besonders, wenn Ihr bei der Ankunft schon alles N\u00f6tige vorfindet, und Ihr wenig mitnehmen m\u00fcsst. Aber wer wei\u00df, welche Ausr\u00fcstung in den Zimmern der Italy Family Hotels vorhanden ist? Wirf einen Blick auf die Tabelle: je mehr Binos angezeigt werden, desto mehr Ausr\u00fcstung ist da!\" \/>\n<meta property=\"og:url\" content=\"https:\/\/www.italyfamilyhotels.it\/de\/qualitaetsgarantien\/kinderausrustung-im-hotelzimmer\" \/>\n<meta property=\"og:site_name\" content=\"Italy Family Hotels\" \/>\n<meta property=\"article:publisher\" content=\"https:\/\/www.facebook.com\/ItalyFamilyHotels\/\" \/>\n<meta property=\"article:modified_time\" content=\"2022-04-06T11:21:40+00:00\" \/>\n<meta name=\"twitter:card\" content=\"summary_large_image\" \/>\n<script type=\"application\/ld+json\" class=\"yoast-schema-graph\">{\"@context\":\"https:\/\/schema.org\",\"@graph\":[{\"@type\":\"WebPage\",\"@id\":\"https:\/\/www.italyfamilyhotels.it\/de\/qualitaetsgarantien\/kinderausrustung-im-hotelzimmer\",\"url\":\"https:\/\/www.italyfamilyhotels.it\/de\/qualitaetsgarantien\/kinderausrustung-im-hotelzimmer\",\"name\":\"Kinderausr\u00fcstung im Hotelzimmer - Italy Family Hotels\",\"isPartOf\":{\"@id\":\"https:\/\/www.italyfamilyhotels.it\/#website\"},\"datePublished\":\"2022-04-05T09:54:42+00:00\",\"dateModified\":\"2022-04-06T11:21:40+00:00\",\"breadcrumb\":{\"@id\":\"https:\/\/www.italyfamilyhotels.it\/de\/qualitaetsgarantien\/kinderausrustung-im-hotelzimmer#breadcrumb\"},\"inLanguage\":\"de\",\"potentialAction\":[{\"@type\":\"ReadAction\",\"target\":[\"https:\/\/www.italyfamilyhotels.it\/de\/qualitaetsgarantien\/kinderausrustung-im-hotelzimmer\"]}]},{\"@type\":\"BreadcrumbList\",\"@id\":\"https:\/\/www.italyfamilyhotels.it\/de\/qualitaetsgarantien\/kinderausrustung-im-hotelzimmer#breadcrumb\",\"itemListElement\":[{\"@type\":\"ListItem\",\"position\":1,\"name\":\"Home\",\"item\":\"https:\/\/www.italyfamilyhotels.it\/de\"},{\"@type\":\"ListItem\",\"position\":2,\"name\":\"Service-Leistungen f\u00fcr Familien\",\"item\":\"https:\/\/www.italyfamilyhotels.it\/de\/qualitaetsgarantien\"},{\"@type\":\"ListItem\",\"position\":3,\"name\":\"Kinderausr\u00fcstung im Hotelzimmer\"}]},{\"@type\":\"WebSite\",\"@id\":\"https:\/\/www.italyfamilyhotels.it\/#website\",\"url\":\"https:\/\/www.italyfamilyhotels.it\/\",\"name\":\"Italy Family Hotels\",\"description\":\"\",\"potentialAction\":[{\"@type\":\"SearchAction\",\"target\":{\"@type\":\"EntryPoint\",\"urlTemplate\":\"https:\/\/www.italyfamilyhotels.it\/?s={search_term_string}\"},\"query-input\":{\"@type\":\"PropertyValueSpecification\",\"valueRequired\":true,\"valueName\":\"search_term_string\"}}],\"inLanguage\":\"de\"}]}<\/script>\n<!-- \/ Yoast SEO plugin. -->","yoast_head_json":{"title":"Kinderausr\u00fcstung im Hotelzimmer - Italy Family Hotels","robots":{"index":"index","follow":"follow","max-snippet":"max-snippet:-1","max-image-preview":"max-image-preview:large","max-video-preview":"max-video-preview:-1"},"canonical":"https:\/\/www.italyfamilyhotels.it\/de\/qualitaetsgarantien\/kinderausrustung-im-hotelzimmer","og_locale":"de_DE","og_type":"article","og_title":"Kinderausr\u00fcstung im Hotelzimmer - Italy Family Hotels","og_description":"Wie sch\u00f6n ist es, mit Kindern in Urlaub zu fahren, besonders, wenn Ihr bei der Ankunft schon alles N\u00f6tige vorfindet, und Ihr wenig mitnehmen m\u00fcsst. Aber wer wei\u00df, welche Ausr\u00fcstung in den Zimmern der Italy Family Hotels vorhanden ist? Wirf einen Blick auf die Tabelle: je mehr Binos angezeigt werden, desto mehr Ausr\u00fcstung ist da!","og_url":"https:\/\/www.italyfamilyhotels.it\/de\/qualitaetsgarantien\/kinderausrustung-im-hotelzimmer","og_site_name":"Italy Family Hotels","article_publisher":"https:\/\/www.facebook.com\/ItalyFamilyHotels\/","article_modified_time":"2022-04-06T11:21:40+00:00","twitter_card":"summary_large_image","schema":{"@context":"https:\/\/schema.org","@graph":[{"@type":"WebPage","@id":"https:\/\/www.italyfamilyhotels.it\/de\/qualitaetsgarantien\/kinderausrustung-im-hotelzimmer","url":"https:\/\/www.italyfamilyhotels.it\/de\/qualitaetsgarantien\/kinderausrustung-im-hotelzimmer","name":"Kinderausr\u00fcstung im Hotelzimmer - Italy Family Hotels","isPartOf":{"@id":"https:\/\/www.italyfamilyhotels.it\/#website"},"datePublished":"2022-04-05T09:54:42+00:00","dateModified":"2022-04-06T11:21:40+00:00","breadcrumb":{"@id":"https:\/\/www.italyfamilyhotels.it\/de\/qualitaetsgarantien\/kinderausrustung-im-hotelzimmer#breadcrumb"},"inLanguage":"de","potentialAction":[{"@type":"ReadAction","target":["https:\/\/www.italyfamilyhotels.it\/de\/qualitaetsgarantien\/kinderausrustung-im-hotelzimmer"]}]},{"@type":"BreadcrumbList","@id":"https:\/\/www.italyfamilyhotels.it\/de\/qualitaetsgarantien\/kinderausrustung-im-hotelzimmer#breadcrumb","itemListElement":[{"@type":"ListItem","position":1,"name":"Home","item":"https:\/\/www.italyfamilyhotels.it\/de"},{"@type":"ListItem","position":2,"name":"Service-Leistungen f\u00fcr Familien","item":"https:\/\/www.italyfamilyhotels.it\/de\/qualitaetsgarantien"},{"@type":"ListItem","position":3,"name":"Kinderausr\u00fcstung im Hotelzimmer"}]},{"@type":"WebSite","@id":"https:\/\/www.italyfamilyhotels.it\/#website","url":"https:\/\/www.italyfamilyhotels.it\/","name":"Italy Family Hotels","description":"","potentialAction":[{"@type":"SearchAction","target":{"@type":"EntryPoint","urlTemplate":"https:\/\/www.italyfamilyhotels.it\/?s={search_term_string}"},"query-input":{"@type":"PropertyValueSpecification","valueRequired":true,"valueName":"search_term_string"}}],"inLanguage":"de"}]}},"_links":{"self":[{"href":"https:\/\/www.italyfamilyhotels.it\/de\/wp-json\/wp\/v2\/pages\/23916","targetHints":{"allow":["GET"]}}],"collection":[{"href":"https:\/\/www.italyfamilyhotels.it\/de\/wp-json\/wp\/v2\/pages"}],"about":[{"href":"https:\/\/www.italyfamilyhotels.it\/de\/wp-json\/wp\/v2\/types\/page"}],"author":[{"embeddable":true,"href":"https:\/\/www.italyfamilyhotels.it\/de\/wp-json\/wp\/v2\/users\/2"}],"replies":[{"embeddable":true,"href":"https:\/\/www.italyfamilyhotels.it\/de\/wp-json\/wp\/v2\/comments?post=23916"}],"version-history":[{"count":3,"href":"https:\/\/www.italyfamilyhotels.it\/de\/wp-json\/wp\/v2\/pages\/23916\/revisions"}],"predecessor-version":[{"id":24330,"href":"https:\/\/www.italyfamilyhotels.it\/de\/wp-json\/wp\/v2\/pages\/23916\/revisions\/24330"}],"up":[{"embeddable":true,"href":"https:\/\/www.italyfamilyhotels.it\/de\/wp-json\/wp\/v2\/pages\/3491"}],"wp:attachment":[{"href":"https:\/\/www.italyfamilyhotels.it\/de\/wp-json\/wp\/v2\/media?parent=23916"}],"curies":[{"name":"wp","href":"https:\/\/api.w.org\/{rel}","templated":true}]}}