{"id":168,"date":"2016-03-22T10:33:22","date_gmt":"2016-03-22T09:33:22","guid":{"rendered":"https:\/\/www.italyfamilyhotels.it\/de\/?page_id=168"},"modified":"2017-10-18T16:15:48","modified_gmt":"2017-10-18T14:15:48","slug":"angebote-liste","status":"publish","type":"page","link":"https:\/\/www.italyfamilyhotels.it\/de\/angebote\/angebote-liste","title":{"rendered":"Angebote Liste"},"content":{"rendered":"","protected":false},"excerpt":{"rendered":"","protected":false},"author":2,"featured_media":0,"parent":107,"menu_order":0,"comment_status":"closed","ping_status":"closed","template":"page-templates\/lista_offerte.php","meta":{"_acf_changed":false,"inline_featured_image":false,"footnotes":""},"class_list":["post-168","page","type-page","status-publish","hentry"],"acf":[],"yoast_head":"<!-- This site is optimized with the Yoast SEO plugin v27.1 - https:\/\/yoast.com\/product\/yoast-seo-wordpress\/ -->\n<title>Angebote f\u00fcr Familien mit Kindern in Italien - Italy Family Hotels<\/title>\n<meta name=\"description\" content=\"See oder Bergen? W\u00e4hlen Sie Ihr Reiseziel und entdecken alle Angebote und Pakete der besten Hotels f\u00fcr Familien mit Kindern in Italien\" \/>\n<meta name=\"robots\" content=\"index, follow, max-snippet:-1, max-image-preview:large, max-video-preview:-1\" \/>\n<link rel=\"canonical\" href=\"https:\/\/www.italyfamilyhotels.it\/de\/angebote\/angebote-liste\" \/>\n<meta property=\"og:locale\" content=\"de_DE\" \/>\n<meta property=\"og:type\" content=\"article\" \/>\n<meta property=\"og:title\" content=\"Angebote f\u00fcr Familien mit Kindern in Italien - Italy Family Hotels\" \/>\n<meta property=\"og:description\" content=\"See oder Bergen? W\u00e4hlen Sie Ihr Reiseziel und entdecken alle Angebote und Pakete der besten Hotels f\u00fcr Familien mit Kindern in Italien\" \/>\n<meta property=\"og:url\" content=\"https:\/\/www.italyfamilyhotels.it\/de\/angebote\/angebote-liste\" \/>\n<meta property=\"og:site_name\" content=\"Italy Family Hotels\" \/>\n<meta property=\"article:publisher\" content=\"https:\/\/www.facebook.com\/ItalyFamilyHotels\/\" \/>\n<meta property=\"article:modified_time\" content=\"2017-10-18T14:15:48+00:00\" \/>\n<meta name=\"twitter:card\" content=\"summary_large_image\" \/>\n<script type=\"application\/ld+json\" class=\"yoast-schema-graph\">{\"@context\":\"https:\/\/schema.org\",\"@graph\":[{\"@type\":\"WebPage\",\"@id\":\"https:\/\/www.italyfamilyhotels.it\/de\/angebote\/angebote-liste\",\"url\":\"https:\/\/www.italyfamilyhotels.it\/de\/angebote\/angebote-liste\",\"name\":\"Angebote f\u00fcr Familien mit Kindern in Italien - Italy Family Hotels\",\"isPartOf\":{\"@id\":\"https:\/\/www.italyfamilyhotels.it\/#website\"},\"datePublished\":\"2016-03-22T09:33:22+00:00\",\"dateModified\":\"2017-10-18T14:15:48+00:00\",\"description\":\"See oder Bergen? W\u00e4hlen Sie Ihr Reiseziel und entdecken alle Angebote und Pakete der besten Hotels f\u00fcr Familien mit Kindern in Italien\",\"breadcrumb\":{\"@id\":\"https:\/\/www.italyfamilyhotels.it\/de\/angebote\/angebote-liste#breadcrumb\"},\"inLanguage\":\"de\",\"potentialAction\":[{\"@type\":\"ReadAction\",\"target\":[\"https:\/\/www.italyfamilyhotels.it\/de\/angebote\/angebote-liste\"]}]},{\"@type\":\"BreadcrumbList\",\"@id\":\"https:\/\/www.italyfamilyhotels.it\/de\/angebote\/angebote-liste#breadcrumb\",\"itemListElement\":[{\"@type\":\"ListItem\",\"position\":1,\"name\":\"Home\",\"item\":\"https:\/\/www.italyfamilyhotels.it\/de\"},{\"@type\":\"ListItem\",\"position\":2,\"name\":\"Angebote\",\"item\":\"https:\/\/www.italyfamilyhotels.it\/de\/angebote\"},{\"@type\":\"ListItem\",\"position\":3,\"name\":\"Angebote Liste\"}]},{\"@type\":\"WebSite\",\"@id\":\"https:\/\/www.italyfamilyhotels.it\/#website\",\"url\":\"https:\/\/www.italyfamilyhotels.it\/\",\"name\":\"Italy Family Hotels\",\"description\":\"\",\"potentialAction\":[{\"@type\":\"SearchAction\",\"target\":{\"@type\":\"EntryPoint\",\"urlTemplate\":\"https:\/\/www.italyfamilyhotels.it\/?s={search_term_string}\"},\"query-input\":{\"@type\":\"PropertyValueSpecification\",\"valueRequired\":true,\"valueName\":\"search_term_string\"}}],\"inLanguage\":\"de\"}]}<\/script>\n<!-- \/ Yoast SEO plugin. -->","yoast_head_json":{"title":"Angebote f\u00fcr Familien mit Kindern in Italien - Italy Family Hotels","description":"See oder Bergen? W\u00e4hlen Sie Ihr Reiseziel und entdecken alle Angebote und Pakete der besten Hotels f\u00fcr Familien mit Kindern in Italien","robots":{"index":"index","follow":"follow","max-snippet":"max-snippet:-1","max-image-preview":"max-image-preview:large","max-video-preview":"max-video-preview:-1"},"canonical":"https:\/\/www.italyfamilyhotels.it\/de\/angebote\/angebote-liste","og_locale":"de_DE","og_type":"article","og_title":"Angebote f\u00fcr Familien mit Kindern in Italien - Italy Family Hotels","og_description":"See oder Bergen? W\u00e4hlen Sie Ihr Reiseziel und entdecken alle Angebote und Pakete der besten Hotels f\u00fcr Familien mit Kindern in Italien","og_url":"https:\/\/www.italyfamilyhotels.it\/de\/angebote\/angebote-liste","og_site_name":"Italy Family Hotels","article_publisher":"https:\/\/www.facebook.com\/ItalyFamilyHotels\/","article_modified_time":"2017-10-18T14:15:48+00:00","twitter_card":"summary_large_image","schema":{"@context":"https:\/\/schema.org","@graph":[{"@type":"WebPage","@id":"https:\/\/www.italyfamilyhotels.it\/de\/angebote\/angebote-liste","url":"https:\/\/www.italyfamilyhotels.it\/de\/angebote\/angebote-liste","name":"Angebote f\u00fcr Familien mit Kindern in Italien - Italy Family Hotels","isPartOf":{"@id":"https:\/\/www.italyfamilyhotels.it\/#website"},"datePublished":"2016-03-22T09:33:22+00:00","dateModified":"2017-10-18T14:15:48+00:00","description":"See oder Bergen? W\u00e4hlen Sie Ihr Reiseziel und entdecken alle Angebote und Pakete der besten Hotels f\u00fcr Familien mit Kindern in Italien","breadcrumb":{"@id":"https:\/\/www.italyfamilyhotels.it\/de\/angebote\/angebote-liste#breadcrumb"},"inLanguage":"de","potentialAction":[{"@type":"ReadAction","target":["https:\/\/www.italyfamilyhotels.it\/de\/angebote\/angebote-liste"]}]},{"@type":"BreadcrumbList","@id":"https:\/\/www.italyfamilyhotels.it\/de\/angebote\/angebote-liste#breadcrumb","itemListElement":[{"@type":"ListItem","position":1,"name":"Home","item":"https:\/\/www.italyfamilyhotels.it\/de"},{"@type":"ListItem","position":2,"name":"Angebote","item":"https:\/\/www.italyfamilyhotels.it\/de\/angebote"},{"@type":"ListItem","position":3,"name":"Angebote Liste"}]},{"@type":"WebSite","@id":"https:\/\/www.italyfamilyhotels.it\/#website","url":"https:\/\/www.italyfamilyhotels.it\/","name":"Italy Family Hotels","description":"","potentialAction":[{"@type":"SearchAction","target":{"@type":"EntryPoint","urlTemplate":"https:\/\/www.italyfamilyhotels.it\/?s={search_term_string}"},"query-input":{"@type":"PropertyValueSpecification","valueRequired":true,"valueName":"search_term_string"}}],"inLanguage":"de"}]}},"_links":{"self":[{"href":"https:\/\/www.italyfamilyhotels.it\/de\/wp-json\/wp\/v2\/pages\/168","targetHints":{"allow":["GET"]}}],"collection":[{"href":"https:\/\/www.italyfamilyhotels.it\/de\/wp-json\/wp\/v2\/pages"}],"about":[{"href":"https:\/\/www.italyfamilyhotels.it\/de\/wp-json\/wp\/v2\/types\/page"}],"author":[{"embeddable":true,"href":"https:\/\/www.italyfamilyhotels.it\/de\/wp-json\/wp\/v2\/users\/2"}],"replies":[{"embeddable":true,"href":"https:\/\/www.italyfamilyhotels.it\/de\/wp-json\/wp\/v2\/comments?post=168"}],"version-history":[{"count":0,"href":"https:\/\/www.italyfamilyhotels.it\/de\/wp-json\/wp\/v2\/pages\/168\/revisions"}],"up":[{"embeddable":true,"href":"https:\/\/www.italyfamilyhotels.it\/de\/wp-json\/wp\/v2\/pages\/107"}],"wp:attachment":[{"href":"https:\/\/www.italyfamilyhotels.it\/de\/wp-json\/wp\/v2\/media?parent=168"}],"curies":[{"name":"wp","href":"https:\/\/api.w.org\/{rel}","templated":true}]}}