{"id":16358,"date":"2022-03-24T11:16:13","date_gmt":"2022-03-24T10:16:13","guid":{"rendered":"https:\/\/www.italyfamilyhotels.it\/?page_id=16358"},"modified":"2022-06-20T13:27:15","modified_gmt":"2022-06-20T11:27:15","slug":"hotel-nettuno-jesolo","status":"publish","type":"page","link":"https:\/\/www.italyfamilyhotels.it\/de\/family-hotels\/hotel-nettuno-jesolo","title":{"rendered":"Hotel Nettuno"},"content":{"rendered":"\n<p>Im <b>Hotel Nettuno in Jesolo<\/b> empfangen wir Familien mit einem Schuss Exklusivit\u00e4t! Wir haben den <b>Privatstrand vor dem Hotel.<\/b> Ihr, vor allem die Kinder, braucht nicht einmal eine Stra\u00dfe zu \u00fcberqueren, um mit der Entspannung anzufangen, und das Animationsteam sorgt daf\u00fcr, dass sich die Kleinen nicht langweilen.<\/p>\n\n\n\n<p><\/p>\n\n\n\n<p>Ihr kommt jederzeit ohne jede Anstrengung vom Strand zu Eurem Zimmer oder zum beheizten Schwimmbad \u2013 den <b>Schwimmb\u00e4dern<\/b>, genauer gesagt: im Freien ein flaches Becken mit Rutschbahn f\u00fcr die Kinder und ein gro\u00dfes f\u00fcr Schwimmer, und auch ein Hallenbad mit zwei Becken.<\/p>\n\n\n\n<p><\/p>\n\n\n\n<p>Zum Thema Exklusivit\u00e4t ist noch zu sagen, dass Du Wohlf\u00fchl-Momente in unserem<b> Spa <\/b> mit Saunen, Aroma-Duschen und Unterwassermassage genie\u00dfen kannst \u2013 <b>der Nachwuchs ist<\/b> <b>schlie\u00dflich bei der Animateurin in guten H\u00e4nden und besch\u00e4ftigt. <\/b>Es geht aber auch gemeinsam &#8211; wir bieten zum Beispiel <b>Massagen, Manik\u00fcre und Pedik\u00fcre f\u00fcr Kinder!<\/b><\/p>\n\n\n\n<p>Strand, Schwimmbad, Animation, Spa &#8230;  die Familie muss auch was essen, und wir sorgen daf\u00fcr, dass dies ein <b>kulinarisches Erlebnis<\/b> wird. Beim<b> Show-Cooking<\/b> k\u00f6nnt Ihr zusehen, wie unsere K\u00f6che hervorragende lokale Grundstoffe in Meisterwerke des Geschmacks verwandeln: Gerichte f\u00fcr alle Bed\u00fcrfnisse, auch besondere &#8211; wir haben das <b>Zertifikat<\/b> des Z\u00f6liakie-Verbands AIC -,  <b>leckere<\/b>,<b> gesunde Kindergerichte<\/b> und, nach Absprache mit den Eltern, <b>Babykost.<\/b><\/p>\n\n\n\n<p>Wenn der Tag im Hotel Nettuno zu Ende geht, freuen sich die gro\u00dfen und kleinen Urlauber auf ihr <b>ger\u00e4umiges behagliches Zimmer<\/b>, das auch mit <b>Kinderbedarf<\/b> ausgestattet ist, wie Kinderbettchen, Wickeltisch, Badew\u00e4nnchen und WC-Aufsatz<\/p>\n","protected":false},"excerpt":{"rendered":"<p>Im Hotel Nettuno in Jesolo empfangen wir Familien mit einem Schuss Exklusivit\u00e4t! Wir haben den Privatstrand vor dem Hotel. Ihr, vor allem die Kinder, braucht nicht einmal eine Stra\u00dfe zu \u00fcberqueren, um mit der Entspannung anzufangen, und das Animationsteam sorgt daf\u00fcr, dass sich die Kleinen nicht langweilen. Ihr kommt jederzeit ohne jede Anstrengung vom Strand &hellip;<\/p>\n","protected":false},"author":1,"featured_media":0,"parent":94,"menu_order":0,"comment_status":"closed","ping_status":"closed","template":"page-templates\/scheda_hotel.php","meta":{"_acf_changed":false,"inline_featured_image":false,"footnotes":""},"class_list":["post-16358","page","type-page","status-publish","hentry"],"acf":[],"yoast_head":"<!-- This site is optimized with the Yoast SEO plugin v27.1 - https:\/\/yoast.com\/product\/yoast-seo-wordpress\/ -->\n<title>Hotel Nettuno 3-Sterne, Jesolo<\/title>\n<meta name=\"description\" content=\"Lust auf Familienurlaub? Entdecken Sie die Familienangebote f\u00fcr Hotel Nettuno in Jesolo\" \/>\n<meta name=\"robots\" content=\"index, follow, max-snippet:-1, max-image-preview:large, max-video-preview:-1\" \/>\n<link rel=\"canonical\" href=\"https:\/\/www.italyfamilyhotels.it\/de\/family-hotels\/hotel-nettuno-jesolo\" \/>\n<meta property=\"og:locale\" content=\"de_DE\" \/>\n<meta property=\"og:type\" content=\"article\" \/>\n<meta property=\"og:title\" content=\"Hotel Nettuno 3-Sterne, Jesolo\" \/>\n<meta property=\"og:description\" content=\"Lust auf Familienurlaub? Entdecken Sie die Familienangebote f\u00fcr Hotel Nettuno in Jesolo\" \/>\n<meta property=\"og:url\" content=\"https:\/\/www.italyfamilyhotels.it\/de\/family-hotels\/hotel-nettuno-jesolo\" \/>\n<meta property=\"og:site_name\" content=\"Italy Family Hotels\" \/>\n<meta property=\"article:publisher\" content=\"https:\/\/www.facebook.com\/ItalyFamilyHotels\/\" \/>\n<meta property=\"article:modified_time\" content=\"2022-06-20T11:27:15+00:00\" \/>\n<meta name=\"twitter:card\" content=\"summary_large_image\" \/>\n<meta name=\"twitter:label1\" content=\"Gesch\u00e4tzte Lesezeit\" \/>\n\t<meta name=\"twitter:data1\" content=\"1\u00a0Minute\" \/>\n<script type=\"application\/ld+json\" class=\"yoast-schema-graph\">{\"@context\":\"https:\/\/schema.org\",\"@graph\":[{\"@type\":\"WebPage\",\"@id\":\"https:\/\/www.italyfamilyhotels.it\/de\/family-hotels\/hotel-nettuno-jesolo\",\"url\":\"https:\/\/www.italyfamilyhotels.it\/de\/family-hotels\/hotel-nettuno-jesolo\",\"name\":\"Hotel Nettuno 3-Sterne, Jesolo\",\"isPartOf\":{\"@id\":\"https:\/\/www.italyfamilyhotels.it\/#website\"},\"datePublished\":\"2022-03-24T10:16:13+00:00\",\"dateModified\":\"2022-06-20T11:27:15+00:00\",\"description\":\"Lust auf Familienurlaub? Entdecken Sie die Familienangebote f\u00fcr Hotel Nettuno in Jesolo\",\"breadcrumb\":{\"@id\":\"https:\/\/www.italyfamilyhotels.it\/de\/family-hotels\/hotel-nettuno-jesolo#breadcrumb\"},\"inLanguage\":\"de\",\"potentialAction\":[{\"@type\":\"ReadAction\",\"target\":[\"https:\/\/www.italyfamilyhotels.it\/de\/family-hotels\/hotel-nettuno-jesolo\"]}]},{\"@type\":\"BreadcrumbList\",\"@id\":\"https:\/\/www.italyfamilyhotels.it\/de\/family-hotels\/hotel-nettuno-jesolo#breadcrumb\",\"itemListElement\":[{\"@type\":\"ListItem\",\"position\":1,\"name\":\"Home\",\"item\":\"https:\/\/www.italyfamilyhotels.it\/de\"},{\"@type\":\"ListItem\",\"position\":2,\"name\":\"Family Hotels\",\"item\":\"https:\/\/www.italyfamilyhotels.it\/de\/family-hotels\"},{\"@type\":\"ListItem\",\"position\":3,\"name\":\"Hotel Nettuno\"}]},{\"@type\":\"WebSite\",\"@id\":\"https:\/\/www.italyfamilyhotels.it\/#website\",\"url\":\"https:\/\/www.italyfamilyhotels.it\/\",\"name\":\"Italy Family Hotels\",\"description\":\"\",\"potentialAction\":[{\"@type\":\"SearchAction\",\"target\":{\"@type\":\"EntryPoint\",\"urlTemplate\":\"https:\/\/www.italyfamilyhotels.it\/?s={search_term_string}\"},\"query-input\":{\"@type\":\"PropertyValueSpecification\",\"valueRequired\":true,\"valueName\":\"search_term_string\"}}],\"inLanguage\":\"de\"}]}<\/script>\n<!-- \/ Yoast SEO plugin. -->","yoast_head_json":{"title":"Hotel Nettuno 3-Sterne, Jesolo","description":"Lust auf Familienurlaub? Entdecken Sie die Familienangebote f\u00fcr Hotel Nettuno in Jesolo","robots":{"index":"index","follow":"follow","max-snippet":"max-snippet:-1","max-image-preview":"max-image-preview:large","max-video-preview":"max-video-preview:-1"},"canonical":"https:\/\/www.italyfamilyhotels.it\/de\/family-hotels\/hotel-nettuno-jesolo","og_locale":"de_DE","og_type":"article","og_title":"Hotel Nettuno 3-Sterne, Jesolo","og_description":"Lust auf Familienurlaub? Entdecken Sie die Familienangebote f\u00fcr Hotel Nettuno in Jesolo","og_url":"https:\/\/www.italyfamilyhotels.it\/de\/family-hotels\/hotel-nettuno-jesolo","og_site_name":"Italy Family Hotels","article_publisher":"https:\/\/www.facebook.com\/ItalyFamilyHotels\/","article_modified_time":"2022-06-20T11:27:15+00:00","twitter_card":"summary_large_image","twitter_misc":{"Gesch\u00e4tzte Lesezeit":"1\u00a0Minute"},"schema":{"@context":"https:\/\/schema.org","@graph":[{"@type":"WebPage","@id":"https:\/\/www.italyfamilyhotels.it\/de\/family-hotels\/hotel-nettuno-jesolo","url":"https:\/\/www.italyfamilyhotels.it\/de\/family-hotels\/hotel-nettuno-jesolo","name":"Hotel Nettuno 3-Sterne, Jesolo","isPartOf":{"@id":"https:\/\/www.italyfamilyhotels.it\/#website"},"datePublished":"2022-03-24T10:16:13+00:00","dateModified":"2022-06-20T11:27:15+00:00","description":"Lust auf Familienurlaub? Entdecken Sie die Familienangebote f\u00fcr Hotel Nettuno in Jesolo","breadcrumb":{"@id":"https:\/\/www.italyfamilyhotels.it\/de\/family-hotels\/hotel-nettuno-jesolo#breadcrumb"},"inLanguage":"de","potentialAction":[{"@type":"ReadAction","target":["https:\/\/www.italyfamilyhotels.it\/de\/family-hotels\/hotel-nettuno-jesolo"]}]},{"@type":"BreadcrumbList","@id":"https:\/\/www.italyfamilyhotels.it\/de\/family-hotels\/hotel-nettuno-jesolo#breadcrumb","itemListElement":[{"@type":"ListItem","position":1,"name":"Home","item":"https:\/\/www.italyfamilyhotels.it\/de"},{"@type":"ListItem","position":2,"name":"Family Hotels","item":"https:\/\/www.italyfamilyhotels.it\/de\/family-hotels"},{"@type":"ListItem","position":3,"name":"Hotel Nettuno"}]},{"@type":"WebSite","@id":"https:\/\/www.italyfamilyhotels.it\/#website","url":"https:\/\/www.italyfamilyhotels.it\/","name":"Italy Family Hotels","description":"","potentialAction":[{"@type":"SearchAction","target":{"@type":"EntryPoint","urlTemplate":"https:\/\/www.italyfamilyhotels.it\/?s={search_term_string}"},"query-input":{"@type":"PropertyValueSpecification","valueRequired":true,"valueName":"search_term_string"}}],"inLanguage":"de"}]}},"_links":{"self":[{"href":"https:\/\/www.italyfamilyhotels.it\/de\/wp-json\/wp\/v2\/pages\/16358","targetHints":{"allow":["GET"]}}],"collection":[{"href":"https:\/\/www.italyfamilyhotels.it\/de\/wp-json\/wp\/v2\/pages"}],"about":[{"href":"https:\/\/www.italyfamilyhotels.it\/de\/wp-json\/wp\/v2\/types\/page"}],"author":[{"embeddable":true,"href":"https:\/\/www.italyfamilyhotels.it\/de\/wp-json\/wp\/v2\/users\/1"}],"replies":[{"embeddable":true,"href":"https:\/\/www.italyfamilyhotels.it\/de\/wp-json\/wp\/v2\/comments?post=16358"}],"version-history":[{"count":5,"href":"https:\/\/www.italyfamilyhotels.it\/de\/wp-json\/wp\/v2\/pages\/16358\/revisions"}],"predecessor-version":[{"id":28777,"href":"https:\/\/www.italyfamilyhotels.it\/de\/wp-json\/wp\/v2\/pages\/16358\/revisions\/28777"}],"up":[{"embeddable":true,"href":"https:\/\/www.italyfamilyhotels.it\/de\/wp-json\/wp\/v2\/pages\/94"}],"wp:attachment":[{"href":"https:\/\/www.italyfamilyhotels.it\/de\/wp-json\/wp\/v2\/media?parent=16358"}],"curies":[{"name":"wp","href":"https:\/\/api.w.org\/{rel}","templated":true}]}}