{"id":1370,"date":"2016-04-18T14:13:30","date_gmt":"2016-04-18T12:13:30","guid":{"rendered":"https:\/\/www.italyfamilyhotels.it\/?page_id=1370"},"modified":"2022-05-02T15:51:59","modified_gmt":"2022-05-02T13:51:59","slug":"lombardei","status":"publish","type":"page","link":"https:\/\/www.italyfamilyhotels.it\/de\/destinationen\/lombardei","title":{"rendered":"Lombardei"},"content":{"rendered":"\n<p>Wenn die <b>Lombardei <\/b>am Meer l\u00e4ge, w\u00e4re sie nicht die Lombardei. Zum Gl\u00fcck f\u00fcr Wasserratten ist zwischen Alpen und Po-Ebene auch Platz f\u00fcr <b>Seen<\/b>, die ruhige Str\u00e4nde und Gelegenheiten f\u00fcr Wasserport bieten. Gardasee, Comer See und Lago Maggiore, in deren Wasser sich Bergpanoramen und historische Villen spiegeln, sind nur eine der  vielen Attraktionen der Lombardei. Im <b>Veltlin<\/b>, im <b>Valchiavenna<\/b> und im <b>Valcamonica <\/b>hat sie weltber\u00fchmte Skigebiete. Die St\u00e4dte, allen voran Mailand, bieten nicht nur exklusive Shopping-Gelegenheiten, sondern auch gute geistige Nahrung in Museen und Kulturst\u00e4tten.<\/p>\n","protected":false},"excerpt":{"rendered":"<p>Wenn die Lombardei am Meer l\u00e4ge, w\u00e4re sie nicht die Lombardei. Zum Gl\u00fcck f\u00fcr Wasserratten ist zwischen Alpen und Po-Ebene auch Platz f\u00fcr Seen, die ruhige Str\u00e4nde und Gelegenheiten f\u00fcr Wasserport bieten. Gardasee, Comer See und Lago Maggiore, in deren Wasser sich Bergpanoramen und historische Villen spiegeln, sind nur eine der vielen Attraktionen der Lombardei. &hellip;<\/p>\n","protected":false},"author":2,"featured_media":0,"parent":890,"menu_order":0,"comment_status":"closed","ping_status":"closed","template":"page-templates\/scheda_destinazione_new.php","meta":{"_acf_changed":false,"inline_featured_image":false,"footnotes":""},"class_list":["post-1370","page","type-page","status-publish","hentry"],"acf":[],"yoast_head":"<!-- This site is optimized with the Yoast SEO plugin v27.1 - https:\/\/yoast.com\/product\/yoast-seo-wordpress\/ -->\n<title>Familienhotels in Lombardei, Urlaub f\u00fcr Familien in Italien<\/title>\n<meta name=\"description\" content=\"Lust auf Familienurlaub? Wir haben die besten Hotel f\u00fcr Familien in Lombardei, Italien\" \/>\n<meta name=\"robots\" content=\"index, follow, max-snippet:-1, max-image-preview:large, max-video-preview:-1\" \/>\n<link rel=\"canonical\" href=\"https:\/\/www.italyfamilyhotels.it\/de\/destinationen\/lombardei\" \/>\n<meta property=\"og:locale\" content=\"de_DE\" \/>\n<meta property=\"og:type\" content=\"article\" \/>\n<meta property=\"og:title\" content=\"Familienhotels in Lombardei, Urlaub f\u00fcr Familien in Italien\" \/>\n<meta property=\"og:description\" content=\"Lust auf Familienurlaub? Wir haben die besten Hotel f\u00fcr Familien in Lombardei, Italien\" \/>\n<meta property=\"og:url\" content=\"https:\/\/www.italyfamilyhotels.it\/de\/destinationen\/lombardei\" \/>\n<meta property=\"og:site_name\" content=\"Italy Family Hotels\" \/>\n<meta property=\"article:publisher\" content=\"https:\/\/www.facebook.com\/ItalyFamilyHotels\/\" \/>\n<meta property=\"article:modified_time\" content=\"2022-05-02T13:51:59+00:00\" \/>\n<meta name=\"twitter:card\" content=\"summary_large_image\" \/>\n<meta name=\"twitter:label1\" content=\"Gesch\u00e4tzte Lesezeit\" \/>\n\t<meta name=\"twitter:data1\" content=\"1\u00a0Minute\" \/>\n<script type=\"application\/ld+json\" class=\"yoast-schema-graph\">{\"@context\":\"https:\/\/schema.org\",\"@graph\":[{\"@type\":\"WebPage\",\"@id\":\"https:\/\/www.italyfamilyhotels.it\/de\/destinationen\/lombardei\",\"url\":\"https:\/\/www.italyfamilyhotels.it\/de\/destinationen\/lombardei\",\"name\":\"Familienhotels in Lombardei, Urlaub f\u00fcr Familien in Italien\",\"isPartOf\":{\"@id\":\"https:\/\/www.italyfamilyhotels.it\/#website\"},\"datePublished\":\"2016-04-18T12:13:30+00:00\",\"dateModified\":\"2022-05-02T13:51:59+00:00\",\"description\":\"Lust auf Familienurlaub? Wir haben die besten Hotel f\u00fcr Familien in Lombardei, Italien\",\"breadcrumb\":{\"@id\":\"https:\/\/www.italyfamilyhotels.it\/de\/destinationen\/lombardei#breadcrumb\"},\"inLanguage\":\"de\",\"potentialAction\":[{\"@type\":\"ReadAction\",\"target\":[\"https:\/\/www.italyfamilyhotels.it\/de\/destinationen\/lombardei\"]}]},{\"@type\":\"BreadcrumbList\",\"@id\":\"https:\/\/www.italyfamilyhotels.it\/de\/destinationen\/lombardei#breadcrumb\",\"itemListElement\":[{\"@type\":\"ListItem\",\"position\":1,\"name\":\"Home\",\"item\":\"https:\/\/www.italyfamilyhotels.it\/de\"},{\"@type\":\"ListItem\",\"position\":2,\"name\":\"Destinationen\",\"item\":\"https:\/\/www.italyfamilyhotels.it\/de\/destinationen\"},{\"@type\":\"ListItem\",\"position\":3,\"name\":\"Lombardei\"}]},{\"@type\":\"WebSite\",\"@id\":\"https:\/\/www.italyfamilyhotels.it\/#website\",\"url\":\"https:\/\/www.italyfamilyhotels.it\/\",\"name\":\"Italy Family Hotels\",\"description\":\"\",\"potentialAction\":[{\"@type\":\"SearchAction\",\"target\":{\"@type\":\"EntryPoint\",\"urlTemplate\":\"https:\/\/www.italyfamilyhotels.it\/?s={search_term_string}\"},\"query-input\":{\"@type\":\"PropertyValueSpecification\",\"valueRequired\":true,\"valueName\":\"search_term_string\"}}],\"inLanguage\":\"de\"}]}<\/script>\n<!-- \/ Yoast SEO plugin. -->","yoast_head_json":{"title":"Familienhotels in Lombardei, Urlaub f\u00fcr Familien in Italien","description":"Lust auf Familienurlaub? Wir haben die besten Hotel f\u00fcr Familien in Lombardei, Italien","robots":{"index":"index","follow":"follow","max-snippet":"max-snippet:-1","max-image-preview":"max-image-preview:large","max-video-preview":"max-video-preview:-1"},"canonical":"https:\/\/www.italyfamilyhotels.it\/de\/destinationen\/lombardei","og_locale":"de_DE","og_type":"article","og_title":"Familienhotels in Lombardei, Urlaub f\u00fcr Familien in Italien","og_description":"Lust auf Familienurlaub? Wir haben die besten Hotel f\u00fcr Familien in Lombardei, Italien","og_url":"https:\/\/www.italyfamilyhotels.it\/de\/destinationen\/lombardei","og_site_name":"Italy Family Hotels","article_publisher":"https:\/\/www.facebook.com\/ItalyFamilyHotels\/","article_modified_time":"2022-05-02T13:51:59+00:00","twitter_card":"summary_large_image","twitter_misc":{"Gesch\u00e4tzte Lesezeit":"1\u00a0Minute"},"schema":{"@context":"https:\/\/schema.org","@graph":[{"@type":"WebPage","@id":"https:\/\/www.italyfamilyhotels.it\/de\/destinationen\/lombardei","url":"https:\/\/www.italyfamilyhotels.it\/de\/destinationen\/lombardei","name":"Familienhotels in Lombardei, Urlaub f\u00fcr Familien in Italien","isPartOf":{"@id":"https:\/\/www.italyfamilyhotels.it\/#website"},"datePublished":"2016-04-18T12:13:30+00:00","dateModified":"2022-05-02T13:51:59+00:00","description":"Lust auf Familienurlaub? Wir haben die besten Hotel f\u00fcr Familien in Lombardei, Italien","breadcrumb":{"@id":"https:\/\/www.italyfamilyhotels.it\/de\/destinationen\/lombardei#breadcrumb"},"inLanguage":"de","potentialAction":[{"@type":"ReadAction","target":["https:\/\/www.italyfamilyhotels.it\/de\/destinationen\/lombardei"]}]},{"@type":"BreadcrumbList","@id":"https:\/\/www.italyfamilyhotels.it\/de\/destinationen\/lombardei#breadcrumb","itemListElement":[{"@type":"ListItem","position":1,"name":"Home","item":"https:\/\/www.italyfamilyhotels.it\/de"},{"@type":"ListItem","position":2,"name":"Destinationen","item":"https:\/\/www.italyfamilyhotels.it\/de\/destinationen"},{"@type":"ListItem","position":3,"name":"Lombardei"}]},{"@type":"WebSite","@id":"https:\/\/www.italyfamilyhotels.it\/#website","url":"https:\/\/www.italyfamilyhotels.it\/","name":"Italy Family Hotels","description":"","potentialAction":[{"@type":"SearchAction","target":{"@type":"EntryPoint","urlTemplate":"https:\/\/www.italyfamilyhotels.it\/?s={search_term_string}"},"query-input":{"@type":"PropertyValueSpecification","valueRequired":true,"valueName":"search_term_string"}}],"inLanguage":"de"}]}},"_links":{"self":[{"href":"https:\/\/www.italyfamilyhotels.it\/de\/wp-json\/wp\/v2\/pages\/1370","targetHints":{"allow":["GET"]}}],"collection":[{"href":"https:\/\/www.italyfamilyhotels.it\/de\/wp-json\/wp\/v2\/pages"}],"about":[{"href":"https:\/\/www.italyfamilyhotels.it\/de\/wp-json\/wp\/v2\/types\/page"}],"author":[{"embeddable":true,"href":"https:\/\/www.italyfamilyhotels.it\/de\/wp-json\/wp\/v2\/users\/2"}],"replies":[{"embeddable":true,"href":"https:\/\/www.italyfamilyhotels.it\/de\/wp-json\/wp\/v2\/comments?post=1370"}],"version-history":[{"count":4,"href":"https:\/\/www.italyfamilyhotels.it\/de\/wp-json\/wp\/v2\/pages\/1370\/revisions"}],"predecessor-version":[{"id":26782,"href":"https:\/\/www.italyfamilyhotels.it\/de\/wp-json\/wp\/v2\/pages\/1370\/revisions\/26782"}],"up":[{"embeddable":true,"href":"https:\/\/www.italyfamilyhotels.it\/de\/wp-json\/wp\/v2\/pages\/890"}],"wp:attachment":[{"href":"https:\/\/www.italyfamilyhotels.it\/de\/wp-json\/wp\/v2\/media?parent=1370"}],"curies":[{"name":"wp","href":"https:\/\/api.w.org\/{rel}","templated":true}]}}