{"id":1298,"date":"2016-04-15T15:09:34","date_gmt":"2016-04-15T13:09:34","guid":{"rendered":"https:\/\/www.italyfamilyhotels.it\/?page_id=1298"},"modified":"2022-05-02T16:06:42","modified_gmt":"2022-05-02T14:06:42","slug":"seis-am-schlern","status":"publish","type":"page","link":"https:\/\/www.italyfamilyhotels.it\/de\/destinationen\/trentino-sudtirol\/seis-am-schlern","title":{"rendered":"Seis am Schlern"},"content":{"rendered":"\n<p>Von Wiesen und W\u00e4ldern umgeben, am Fu\u00df der Seiser Alm, der gr\u00f6\u00dften \u2013 und sonnigsten \u2013 Hochalm Europas, von Bergriesen bewacht, am Eingang des <b>Naturparks Schlern-Rosengarten<\/b>: Seis ist ein idealer Urlaubsort f\u00fcr kleine und gro\u00dfe Wanderer, weit weg vom grauen Alltag in der Stadt. Der Ort ist auch f\u00fcr ein reichhaltiges Veranstaltungsprogramm im Sommer bekannt, das Kunst, Natur, Unterhaltung, Brauchtum und Gastronomie zusammen bringt. Auch im Winter kann das Gebiet sich sehen lassen, mit vielen Wintersportm\u00f6glichkeiten auf insgesamt <b>60 km Pisten<\/b><\/p>\n","protected":false},"excerpt":{"rendered":"<p>Von Wiesen und W\u00e4ldern umgeben, am Fu\u00df der Seiser Alm, der gr\u00f6\u00dften \u2013 und sonnigsten \u2013 Hochalm Europas, von Bergriesen bewacht, am Eingang des Naturparks Schlern-Rosengarten: Seis ist ein idealer Urlaubsort f\u00fcr kleine und gro\u00dfe Wanderer, weit weg vom grauen Alltag in der Stadt. Der Ort ist auch f\u00fcr ein reichhaltiges Veranstaltungsprogramm im Sommer bekannt, &hellip;<\/p>\n","protected":false},"author":2,"featured_media":0,"parent":1426,"menu_order":0,"comment_status":"closed","ping_status":"closed","template":"page-templates\/scheda_localita.php","meta":{"_acf_changed":false,"inline_featured_image":false,"footnotes":""},"class_list":["post-1298","page","type-page","status-publish","hentry"],"acf":[],"yoast_head":"<!-- This site is optimized with the Yoast SEO plugin v27.1 - https:\/\/yoast.com\/product\/yoast-seo-wordpress\/ -->\n<title>Familienhotels in Seis am Schlern, Urlaub f\u00fcr Familien in Italien<\/title>\n<meta name=\"description\" content=\"Lust auf Familienurlaub? Wir haben die besten Hotel f\u00fcr Familien in Seis am Schlern, Italien\" \/>\n<meta name=\"robots\" content=\"index, follow, max-snippet:-1, max-image-preview:large, max-video-preview:-1\" \/>\n<link rel=\"canonical\" href=\"https:\/\/www.italyfamilyhotels.it\/de\/destinationen\/trentino-sudtirol\/seis-am-schlern\" \/>\n<meta property=\"og:locale\" content=\"de_DE\" \/>\n<meta property=\"og:type\" content=\"article\" \/>\n<meta property=\"og:title\" content=\"Familienhotels in Seis am Schlern, Urlaub f\u00fcr Familien in Italien\" \/>\n<meta property=\"og:description\" content=\"Lust auf Familienurlaub? Wir haben die besten Hotel f\u00fcr Familien in Seis am Schlern, Italien\" \/>\n<meta property=\"og:url\" content=\"https:\/\/www.italyfamilyhotels.it\/de\/destinationen\/trentino-sudtirol\/seis-am-schlern\" \/>\n<meta property=\"og:site_name\" content=\"Italy Family Hotels\" \/>\n<meta property=\"article:publisher\" content=\"https:\/\/www.facebook.com\/ItalyFamilyHotels\/\" \/>\n<meta property=\"article:modified_time\" content=\"2022-05-02T14:06:42+00:00\" \/>\n<meta name=\"twitter:card\" content=\"summary_large_image\" \/>\n<meta name=\"twitter:label1\" content=\"Gesch\u00e4tzte Lesezeit\" \/>\n\t<meta name=\"twitter:data1\" content=\"1\u00a0Minute\" \/>\n<script type=\"application\/ld+json\" class=\"yoast-schema-graph\">{\"@context\":\"https:\/\/schema.org\",\"@graph\":[{\"@type\":\"WebPage\",\"@id\":\"https:\/\/www.italyfamilyhotels.it\/de\/destinationen\/trentino-sudtirol\/seis-am-schlern\",\"url\":\"https:\/\/www.italyfamilyhotels.it\/de\/destinationen\/trentino-sudtirol\/seis-am-schlern\",\"name\":\"Familienhotels in Seis am Schlern, Urlaub f\u00fcr Familien in Italien\",\"isPartOf\":{\"@id\":\"https:\/\/www.italyfamilyhotels.it\/#website\"},\"datePublished\":\"2016-04-15T13:09:34+00:00\",\"dateModified\":\"2022-05-02T14:06:42+00:00\",\"description\":\"Lust auf Familienurlaub? Wir haben die besten Hotel f\u00fcr Familien in Seis am Schlern, Italien\",\"breadcrumb\":{\"@id\":\"https:\/\/www.italyfamilyhotels.it\/de\/destinationen\/trentino-sudtirol\/seis-am-schlern#breadcrumb\"},\"inLanguage\":\"de\",\"potentialAction\":[{\"@type\":\"ReadAction\",\"target\":[\"https:\/\/www.italyfamilyhotels.it\/de\/destinationen\/trentino-sudtirol\/seis-am-schlern\"]}]},{\"@type\":\"BreadcrumbList\",\"@id\":\"https:\/\/www.italyfamilyhotels.it\/de\/destinationen\/trentino-sudtirol\/seis-am-schlern#breadcrumb\",\"itemListElement\":[{\"@type\":\"ListItem\",\"position\":1,\"name\":\"Home\",\"item\":\"https:\/\/www.italyfamilyhotels.it\/de\"},{\"@type\":\"ListItem\",\"position\":2,\"name\":\"Destinationen\",\"item\":\"https:\/\/www.italyfamilyhotels.it\/de\/destinationen\"},{\"@type\":\"ListItem\",\"position\":3,\"name\":\"Trentino-S\u00fcdtirol\",\"item\":\"https:\/\/www.italyfamilyhotels.it\/de\/destinationen\/trentino-sudtirol\"},{\"@type\":\"ListItem\",\"position\":4,\"name\":\"Seis am Schlern\"}]},{\"@type\":\"WebSite\",\"@id\":\"https:\/\/www.italyfamilyhotels.it\/#website\",\"url\":\"https:\/\/www.italyfamilyhotels.it\/\",\"name\":\"Italy Family Hotels\",\"description\":\"\",\"potentialAction\":[{\"@type\":\"SearchAction\",\"target\":{\"@type\":\"EntryPoint\",\"urlTemplate\":\"https:\/\/www.italyfamilyhotels.it\/?s={search_term_string}\"},\"query-input\":{\"@type\":\"PropertyValueSpecification\",\"valueRequired\":true,\"valueName\":\"search_term_string\"}}],\"inLanguage\":\"de\"}]}<\/script>\n<!-- \/ Yoast SEO plugin. -->","yoast_head_json":{"title":"Familienhotels in Seis am Schlern, Urlaub f\u00fcr Familien in Italien","description":"Lust auf Familienurlaub? Wir haben die besten Hotel f\u00fcr Familien in Seis am Schlern, Italien","robots":{"index":"index","follow":"follow","max-snippet":"max-snippet:-1","max-image-preview":"max-image-preview:large","max-video-preview":"max-video-preview:-1"},"canonical":"https:\/\/www.italyfamilyhotels.it\/de\/destinationen\/trentino-sudtirol\/seis-am-schlern","og_locale":"de_DE","og_type":"article","og_title":"Familienhotels in Seis am Schlern, Urlaub f\u00fcr Familien in Italien","og_description":"Lust auf Familienurlaub? Wir haben die besten Hotel f\u00fcr Familien in Seis am Schlern, Italien","og_url":"https:\/\/www.italyfamilyhotels.it\/de\/destinationen\/trentino-sudtirol\/seis-am-schlern","og_site_name":"Italy Family Hotels","article_publisher":"https:\/\/www.facebook.com\/ItalyFamilyHotels\/","article_modified_time":"2022-05-02T14:06:42+00:00","twitter_card":"summary_large_image","twitter_misc":{"Gesch\u00e4tzte Lesezeit":"1\u00a0Minute"},"schema":{"@context":"https:\/\/schema.org","@graph":[{"@type":"WebPage","@id":"https:\/\/www.italyfamilyhotels.it\/de\/destinationen\/trentino-sudtirol\/seis-am-schlern","url":"https:\/\/www.italyfamilyhotels.it\/de\/destinationen\/trentino-sudtirol\/seis-am-schlern","name":"Familienhotels in Seis am Schlern, Urlaub f\u00fcr Familien in Italien","isPartOf":{"@id":"https:\/\/www.italyfamilyhotels.it\/#website"},"datePublished":"2016-04-15T13:09:34+00:00","dateModified":"2022-05-02T14:06:42+00:00","description":"Lust auf Familienurlaub? Wir haben die besten Hotel f\u00fcr Familien in Seis am Schlern, Italien","breadcrumb":{"@id":"https:\/\/www.italyfamilyhotels.it\/de\/destinationen\/trentino-sudtirol\/seis-am-schlern#breadcrumb"},"inLanguage":"de","potentialAction":[{"@type":"ReadAction","target":["https:\/\/www.italyfamilyhotels.it\/de\/destinationen\/trentino-sudtirol\/seis-am-schlern"]}]},{"@type":"BreadcrumbList","@id":"https:\/\/www.italyfamilyhotels.it\/de\/destinationen\/trentino-sudtirol\/seis-am-schlern#breadcrumb","itemListElement":[{"@type":"ListItem","position":1,"name":"Home","item":"https:\/\/www.italyfamilyhotels.it\/de"},{"@type":"ListItem","position":2,"name":"Destinationen","item":"https:\/\/www.italyfamilyhotels.it\/de\/destinationen"},{"@type":"ListItem","position":3,"name":"Trentino-S\u00fcdtirol","item":"https:\/\/www.italyfamilyhotels.it\/de\/destinationen\/trentino-sudtirol"},{"@type":"ListItem","position":4,"name":"Seis am Schlern"}]},{"@type":"WebSite","@id":"https:\/\/www.italyfamilyhotels.it\/#website","url":"https:\/\/www.italyfamilyhotels.it\/","name":"Italy Family Hotels","description":"","potentialAction":[{"@type":"SearchAction","target":{"@type":"EntryPoint","urlTemplate":"https:\/\/www.italyfamilyhotels.it\/?s={search_term_string}"},"query-input":{"@type":"PropertyValueSpecification","valueRequired":true,"valueName":"search_term_string"}}],"inLanguage":"de"}]}},"_links":{"self":[{"href":"https:\/\/www.italyfamilyhotels.it\/de\/wp-json\/wp\/v2\/pages\/1298","targetHints":{"allow":["GET"]}}],"collection":[{"href":"https:\/\/www.italyfamilyhotels.it\/de\/wp-json\/wp\/v2\/pages"}],"about":[{"href":"https:\/\/www.italyfamilyhotels.it\/de\/wp-json\/wp\/v2\/types\/page"}],"author":[{"embeddable":true,"href":"https:\/\/www.italyfamilyhotels.it\/de\/wp-json\/wp\/v2\/users\/2"}],"replies":[{"embeddable":true,"href":"https:\/\/www.italyfamilyhotels.it\/de\/wp-json\/wp\/v2\/comments?post=1298"}],"version-history":[{"count":4,"href":"https:\/\/www.italyfamilyhotels.it\/de\/wp-json\/wp\/v2\/pages\/1298\/revisions"}],"predecessor-version":[{"id":26904,"href":"https:\/\/www.italyfamilyhotels.it\/de\/wp-json\/wp\/v2\/pages\/1298\/revisions\/26904"}],"up":[{"embeddable":true,"href":"https:\/\/www.italyfamilyhotels.it\/de\/wp-json\/wp\/v2\/pages\/1426"}],"wp:attachment":[{"href":"https:\/\/www.italyfamilyhotels.it\/de\/wp-json\/wp\/v2\/media?parent=1298"}],"curies":[{"name":"wp","href":"https:\/\/api.w.org\/{rel}","templated":true}]}}