{"id":1294,"date":"2016-04-15T14:58:15","date_gmt":"2016-04-15T12:58:15","guid":{"rendered":"https:\/\/www.italyfamilyhotels.it\/?page_id=1294"},"modified":"2022-05-02T15:52:18","modified_gmt":"2022-05-02T13:52:18","slug":"transacqua","status":"publish","type":"page","link":"https:\/\/www.italyfamilyhotels.it\/de\/destinationen\/trentino-sudtirol\/transacqua","title":{"rendered":"Transacqua"},"content":{"rendered":"\n<p>Wer sich einen Bergurlaub mit viel Ruhe w\u00fcnscht, kann ihn in <b>Transacqua <\/b>finden. Der kleine Ort liegt im Dolomiten-Tal  <b>Primiero<\/b> &#8211; deutsch &quot;Prim\u00f6r&quot; &#8211; mit Ausblick auf die Pala-Gruppe, im Osten des Trentino. F\u00fcr sein sch\u00f6nes Ortsbild, die vielen Blumen und die Harmonie mit der Gebirgslandschaft wurde Transacqua als <b>&quot;Comune Fiorito&quot;<\/b> \u2013 Bl\u00fchende Gemeinde \u2013 ausgezeichnet. Das 13 km entfernt liegende, ber\u00fchmte Skigebiet San Martino di Castrozza ist leicht zu erreichen. Im Sommer ist Transacqua ein privilegierter Ausgangspunkt f\u00fcr Wanderer, die \u00fcber die  Caltena-H\u00fctte und das wiesenreiche Tal Val Giasinozza den<b> &quot;Prim\u00f6r&quot;<\/b> erkunden wollen.<\/p>\n","protected":false},"excerpt":{"rendered":"<p>Wer sich einen Bergurlaub mit viel Ruhe w\u00fcnscht, kann ihn in Transacqua finden. Der kleine Ort liegt im Dolomiten-Tal Primiero &#8211; deutsch &quot;Prim\u00f6r&quot; &#8211; mit Ausblick auf die Pala-Gruppe, im Osten des Trentino. F\u00fcr sein sch\u00f6nes Ortsbild, die vielen Blumen und die Harmonie mit der Gebirgslandschaft wurde Transacqua als &quot;Comune Fiorito&quot; \u2013 Bl\u00fchende Gemeinde \u2013 &hellip;<\/p>\n","protected":false},"author":2,"featured_media":0,"parent":1426,"menu_order":0,"comment_status":"closed","ping_status":"closed","template":"page-templates\/scheda_localita.php","meta":{"_acf_changed":false,"inline_featured_image":false,"footnotes":""},"class_list":["post-1294","page","type-page","status-publish","hentry"],"acf":[],"yoast_head":"<!-- This site is optimized with the Yoast SEO plugin v27.1 - https:\/\/yoast.com\/product\/yoast-seo-wordpress\/ -->\n<title>Familienhotels in Transacqua, Urlaub f\u00fcr Familien in Italien<\/title>\n<meta name=\"description\" content=\"Lust auf Familienurlaub? Wir haben die besten Hotel f\u00fcr Familien in Transacqua, Italien\" \/>\n<meta name=\"robots\" content=\"index, follow, max-snippet:-1, max-image-preview:large, max-video-preview:-1\" \/>\n<link rel=\"canonical\" href=\"https:\/\/www.italyfamilyhotels.it\/de\/destinationen\/trentino-sudtirol\/transacqua\" \/>\n<meta property=\"og:locale\" content=\"de_DE\" \/>\n<meta property=\"og:type\" content=\"article\" \/>\n<meta property=\"og:title\" content=\"Familienhotels in Transacqua, Urlaub f\u00fcr Familien in Italien\" \/>\n<meta property=\"og:description\" content=\"Lust auf Familienurlaub? Wir haben die besten Hotel f\u00fcr Familien in Transacqua, Italien\" \/>\n<meta property=\"og:url\" content=\"https:\/\/www.italyfamilyhotels.it\/de\/destinationen\/trentino-sudtirol\/transacqua\" \/>\n<meta property=\"og:site_name\" content=\"Italy Family Hotels\" \/>\n<meta property=\"article:publisher\" content=\"https:\/\/www.facebook.com\/ItalyFamilyHotels\/\" \/>\n<meta property=\"article:modified_time\" content=\"2022-05-02T13:52:18+00:00\" \/>\n<meta name=\"twitter:card\" content=\"summary_large_image\" \/>\n<meta name=\"twitter:label1\" content=\"Gesch\u00e4tzte Lesezeit\" \/>\n\t<meta name=\"twitter:data1\" content=\"1\u00a0Minute\" \/>\n<script type=\"application\/ld+json\" class=\"yoast-schema-graph\">{\"@context\":\"https:\/\/schema.org\",\"@graph\":[{\"@type\":\"WebPage\",\"@id\":\"https:\/\/www.italyfamilyhotels.it\/de\/destinationen\/trentino-sudtirol\/transacqua\",\"url\":\"https:\/\/www.italyfamilyhotels.it\/de\/destinationen\/trentino-sudtirol\/transacqua\",\"name\":\"Familienhotels in Transacqua, Urlaub f\u00fcr Familien in Italien\",\"isPartOf\":{\"@id\":\"https:\/\/www.italyfamilyhotels.it\/#website\"},\"datePublished\":\"2016-04-15T12:58:15+00:00\",\"dateModified\":\"2022-05-02T13:52:18+00:00\",\"description\":\"Lust auf Familienurlaub? Wir haben die besten Hotel f\u00fcr Familien in Transacqua, Italien\",\"breadcrumb\":{\"@id\":\"https:\/\/www.italyfamilyhotels.it\/de\/destinationen\/trentino-sudtirol\/transacqua#breadcrumb\"},\"inLanguage\":\"de\",\"potentialAction\":[{\"@type\":\"ReadAction\",\"target\":[\"https:\/\/www.italyfamilyhotels.it\/de\/destinationen\/trentino-sudtirol\/transacqua\"]}]},{\"@type\":\"BreadcrumbList\",\"@id\":\"https:\/\/www.italyfamilyhotels.it\/de\/destinationen\/trentino-sudtirol\/transacqua#breadcrumb\",\"itemListElement\":[{\"@type\":\"ListItem\",\"position\":1,\"name\":\"Home\",\"item\":\"https:\/\/www.italyfamilyhotels.it\/de\"},{\"@type\":\"ListItem\",\"position\":2,\"name\":\"Destinationen\",\"item\":\"https:\/\/www.italyfamilyhotels.it\/de\/destinationen\"},{\"@type\":\"ListItem\",\"position\":3,\"name\":\"Trentino-S\u00fcdtirol\",\"item\":\"https:\/\/www.italyfamilyhotels.it\/de\/destinationen\/trentino-sudtirol\"},{\"@type\":\"ListItem\",\"position\":4,\"name\":\"Transacqua\"}]},{\"@type\":\"WebSite\",\"@id\":\"https:\/\/www.italyfamilyhotels.it\/#website\",\"url\":\"https:\/\/www.italyfamilyhotels.it\/\",\"name\":\"Italy Family Hotels\",\"description\":\"\",\"potentialAction\":[{\"@type\":\"SearchAction\",\"target\":{\"@type\":\"EntryPoint\",\"urlTemplate\":\"https:\/\/www.italyfamilyhotels.it\/?s={search_term_string}\"},\"query-input\":{\"@type\":\"PropertyValueSpecification\",\"valueRequired\":true,\"valueName\":\"search_term_string\"}}],\"inLanguage\":\"de\"}]}<\/script>\n<!-- \/ Yoast SEO plugin. -->","yoast_head_json":{"title":"Familienhotels in Transacqua, Urlaub f\u00fcr Familien in Italien","description":"Lust auf Familienurlaub? Wir haben die besten Hotel f\u00fcr Familien in Transacqua, Italien","robots":{"index":"index","follow":"follow","max-snippet":"max-snippet:-1","max-image-preview":"max-image-preview:large","max-video-preview":"max-video-preview:-1"},"canonical":"https:\/\/www.italyfamilyhotels.it\/de\/destinationen\/trentino-sudtirol\/transacqua","og_locale":"de_DE","og_type":"article","og_title":"Familienhotels in Transacqua, Urlaub f\u00fcr Familien in Italien","og_description":"Lust auf Familienurlaub? Wir haben die besten Hotel f\u00fcr Familien in Transacqua, Italien","og_url":"https:\/\/www.italyfamilyhotels.it\/de\/destinationen\/trentino-sudtirol\/transacqua","og_site_name":"Italy Family Hotels","article_publisher":"https:\/\/www.facebook.com\/ItalyFamilyHotels\/","article_modified_time":"2022-05-02T13:52:18+00:00","twitter_card":"summary_large_image","twitter_misc":{"Gesch\u00e4tzte Lesezeit":"1\u00a0Minute"},"schema":{"@context":"https:\/\/schema.org","@graph":[{"@type":"WebPage","@id":"https:\/\/www.italyfamilyhotels.it\/de\/destinationen\/trentino-sudtirol\/transacqua","url":"https:\/\/www.italyfamilyhotels.it\/de\/destinationen\/trentino-sudtirol\/transacqua","name":"Familienhotels in Transacqua, Urlaub f\u00fcr Familien in Italien","isPartOf":{"@id":"https:\/\/www.italyfamilyhotels.it\/#website"},"datePublished":"2016-04-15T12:58:15+00:00","dateModified":"2022-05-02T13:52:18+00:00","description":"Lust auf Familienurlaub? Wir haben die besten Hotel f\u00fcr Familien in Transacqua, Italien","breadcrumb":{"@id":"https:\/\/www.italyfamilyhotels.it\/de\/destinationen\/trentino-sudtirol\/transacqua#breadcrumb"},"inLanguage":"de","potentialAction":[{"@type":"ReadAction","target":["https:\/\/www.italyfamilyhotels.it\/de\/destinationen\/trentino-sudtirol\/transacqua"]}]},{"@type":"BreadcrumbList","@id":"https:\/\/www.italyfamilyhotels.it\/de\/destinationen\/trentino-sudtirol\/transacqua#breadcrumb","itemListElement":[{"@type":"ListItem","position":1,"name":"Home","item":"https:\/\/www.italyfamilyhotels.it\/de"},{"@type":"ListItem","position":2,"name":"Destinationen","item":"https:\/\/www.italyfamilyhotels.it\/de\/destinationen"},{"@type":"ListItem","position":3,"name":"Trentino-S\u00fcdtirol","item":"https:\/\/www.italyfamilyhotels.it\/de\/destinationen\/trentino-sudtirol"},{"@type":"ListItem","position":4,"name":"Transacqua"}]},{"@type":"WebSite","@id":"https:\/\/www.italyfamilyhotels.it\/#website","url":"https:\/\/www.italyfamilyhotels.it\/","name":"Italy Family Hotels","description":"","potentialAction":[{"@type":"SearchAction","target":{"@type":"EntryPoint","urlTemplate":"https:\/\/www.italyfamilyhotels.it\/?s={search_term_string}"},"query-input":{"@type":"PropertyValueSpecification","valueRequired":true,"valueName":"search_term_string"}}],"inLanguage":"de"}]}},"_links":{"self":[{"href":"https:\/\/www.italyfamilyhotels.it\/de\/wp-json\/wp\/v2\/pages\/1294","targetHints":{"allow":["GET"]}}],"collection":[{"href":"https:\/\/www.italyfamilyhotels.it\/de\/wp-json\/wp\/v2\/pages"}],"about":[{"href":"https:\/\/www.italyfamilyhotels.it\/de\/wp-json\/wp\/v2\/types\/page"}],"author":[{"embeddable":true,"href":"https:\/\/www.italyfamilyhotels.it\/de\/wp-json\/wp\/v2\/users\/2"}],"replies":[{"embeddable":true,"href":"https:\/\/www.italyfamilyhotels.it\/de\/wp-json\/wp\/v2\/comments?post=1294"}],"version-history":[{"count":4,"href":"https:\/\/www.italyfamilyhotels.it\/de\/wp-json\/wp\/v2\/pages\/1294\/revisions"}],"predecessor-version":[{"id":26845,"href":"https:\/\/www.italyfamilyhotels.it\/de\/wp-json\/wp\/v2\/pages\/1294\/revisions\/26845"}],"up":[{"embeddable":true,"href":"https:\/\/www.italyfamilyhotels.it\/de\/wp-json\/wp\/v2\/pages\/1426"}],"wp:attachment":[{"href":"https:\/\/www.italyfamilyhotels.it\/de\/wp-json\/wp\/v2\/media?parent=1294"}],"curies":[{"name":"wp","href":"https:\/\/api.w.org\/{rel}","templated":true}]}}