{"id":1269,"date":"2016-04-15T12:59:04","date_gmt":"2016-04-15T10:59:04","guid":{"rendered":"https:\/\/www.italyfamilyhotels.it\/?page_id=1269"},"modified":"2022-05-02T15:52:16","modified_gmt":"2022-05-02T13:52:16","slug":"st-christina-groeden","status":"publish","type":"page","link":"https:\/\/www.italyfamilyhotels.it\/de\/destinationen\/trentino-sudtirol\/st-christina-groeden","title":{"rendered":"St.Christina in Gr\u00f6den"},"content":{"rendered":"\n<p>Von der beeindruckenden Silhouette des Langkofels \u00fcberragt, von Wiesen und W\u00e4ldern umarmt, in der Mitte der nadelspitze Turm der Dorfkirche; so idyllisch pr\u00e4sentiert sich <b>St. Christina<\/b>,  im ber\u00fchmten <b>Gr\u00f6dnertal<\/b> in den Dolomiten. Im Sommer finden Wanderer eine wunderbare Umgebung; was das Gebiet im Winter Skifahrern bietet, ist schier \u00fcberw\u00e4ltigend: alle Pisten sind mit der Sellaronda und der Gardenaronda, die das ganze Gr\u00f6nertal umfasst, verbunden und auch Europas gr\u00f6\u00dftem Skigebietsverband  <b>Dolomiti Superski <\/b>angeschlossen. Auf dem <b>Monte Pana<\/b> gibt es zudem zwei ber\u00fchmte Sprungschanzen und ein Langlaufzentrum mit 30 km Loipen.<\/p>\n","protected":false},"excerpt":{"rendered":"<p>Von der beeindruckenden Silhouette des Langkofels \u00fcberragt, von Wiesen und W\u00e4ldern umarmt, in der Mitte der nadelspitze Turm der Dorfkirche; so idyllisch pr\u00e4sentiert sich St. Christina, im ber\u00fchmten Gr\u00f6dnertal in den Dolomiten. Im Sommer finden Wanderer eine wunderbare Umgebung; was das Gebiet im Winter Skifahrern bietet, ist schier \u00fcberw\u00e4ltigend: alle Pisten sind mit der Sellaronda &hellip;<\/p>\n","protected":false},"author":2,"featured_media":0,"parent":1426,"menu_order":0,"comment_status":"closed","ping_status":"closed","template":"page-templates\/scheda_localita.php","meta":{"_acf_changed":false,"inline_featured_image":false,"footnotes":""},"class_list":["post-1269","page","type-page","status-publish","hentry"],"acf":[],"yoast_head":"<!-- This site is optimized with the Yoast SEO plugin v27.1 - https:\/\/yoast.com\/product\/yoast-seo-wordpress\/ -->\n<title>Familienhotels in St. Christina in Gr\u00f6den, Urlaub f\u00fcr Familien in Italien<\/title>\n<meta name=\"description\" content=\"Lust auf Familienurlaub? Wir haben die besten Hotel f\u00fcr Familien in St. Christina in Gr\u00f6den, Italien\" \/>\n<meta name=\"robots\" content=\"index, follow, max-snippet:-1, max-image-preview:large, max-video-preview:-1\" \/>\n<link rel=\"canonical\" href=\"https:\/\/www.italyfamilyhotels.it\/de\/destinationen\/trentino-sudtirol\/st-christina-groeden\" \/>\n<meta property=\"og:locale\" content=\"de_DE\" \/>\n<meta property=\"og:type\" content=\"article\" \/>\n<meta property=\"og:title\" content=\"Familienhotels in St. Christina in Gr\u00f6den, Urlaub f\u00fcr Familien in Italien\" \/>\n<meta property=\"og:description\" content=\"Lust auf Familienurlaub? Wir haben die besten Hotel f\u00fcr Familien in St. Christina in Gr\u00f6den, Italien\" \/>\n<meta property=\"og:url\" content=\"https:\/\/www.italyfamilyhotels.it\/de\/destinationen\/trentino-sudtirol\/st-christina-groeden\" \/>\n<meta property=\"og:site_name\" content=\"Italy Family Hotels\" \/>\n<meta property=\"article:publisher\" content=\"https:\/\/www.facebook.com\/ItalyFamilyHotels\/\" \/>\n<meta property=\"article:modified_time\" content=\"2022-05-02T13:52:16+00:00\" \/>\n<meta name=\"twitter:card\" content=\"summary_large_image\" \/>\n<meta name=\"twitter:label1\" content=\"Gesch\u00e4tzte Lesezeit\" \/>\n\t<meta name=\"twitter:data1\" content=\"1\u00a0Minute\" \/>\n<script type=\"application\/ld+json\" class=\"yoast-schema-graph\">{\"@context\":\"https:\/\/schema.org\",\"@graph\":[{\"@type\":\"WebPage\",\"@id\":\"https:\/\/www.italyfamilyhotels.it\/de\/destinationen\/trentino-sudtirol\/st-christina-groeden\",\"url\":\"https:\/\/www.italyfamilyhotels.it\/de\/destinationen\/trentino-sudtirol\/st-christina-groeden\",\"name\":\"Familienhotels in St. Christina in Gr\u00f6den, Urlaub f\u00fcr Familien in Italien\",\"isPartOf\":{\"@id\":\"https:\/\/www.italyfamilyhotels.it\/#website\"},\"datePublished\":\"2016-04-15T10:59:04+00:00\",\"dateModified\":\"2022-05-02T13:52:16+00:00\",\"description\":\"Lust auf Familienurlaub? Wir haben die besten Hotel f\u00fcr Familien in St. Christina in Gr\u00f6den, Italien\",\"breadcrumb\":{\"@id\":\"https:\/\/www.italyfamilyhotels.it\/de\/destinationen\/trentino-sudtirol\/st-christina-groeden#breadcrumb\"},\"inLanguage\":\"de\",\"potentialAction\":[{\"@type\":\"ReadAction\",\"target\":[\"https:\/\/www.italyfamilyhotels.it\/de\/destinationen\/trentino-sudtirol\/st-christina-groeden\"]}]},{\"@type\":\"BreadcrumbList\",\"@id\":\"https:\/\/www.italyfamilyhotels.it\/de\/destinationen\/trentino-sudtirol\/st-christina-groeden#breadcrumb\",\"itemListElement\":[{\"@type\":\"ListItem\",\"position\":1,\"name\":\"Home\",\"item\":\"https:\/\/www.italyfamilyhotels.it\/de\"},{\"@type\":\"ListItem\",\"position\":2,\"name\":\"Destinationen\",\"item\":\"https:\/\/www.italyfamilyhotels.it\/de\/destinationen\"},{\"@type\":\"ListItem\",\"position\":3,\"name\":\"Trentino-S\u00fcdtirol\",\"item\":\"https:\/\/www.italyfamilyhotels.it\/de\/destinationen\/trentino-sudtirol\"},{\"@type\":\"ListItem\",\"position\":4,\"name\":\"St.Christina in Gr\u00f6den\"}]},{\"@type\":\"WebSite\",\"@id\":\"https:\/\/www.italyfamilyhotels.it\/#website\",\"url\":\"https:\/\/www.italyfamilyhotels.it\/\",\"name\":\"Italy Family Hotels\",\"description\":\"\",\"potentialAction\":[{\"@type\":\"SearchAction\",\"target\":{\"@type\":\"EntryPoint\",\"urlTemplate\":\"https:\/\/www.italyfamilyhotels.it\/?s={search_term_string}\"},\"query-input\":{\"@type\":\"PropertyValueSpecification\",\"valueRequired\":true,\"valueName\":\"search_term_string\"}}],\"inLanguage\":\"de\"}]}<\/script>\n<!-- \/ Yoast SEO plugin. -->","yoast_head_json":{"title":"Familienhotels in St. Christina in Gr\u00f6den, Urlaub f\u00fcr Familien in Italien","description":"Lust auf Familienurlaub? Wir haben die besten Hotel f\u00fcr Familien in St. Christina in Gr\u00f6den, Italien","robots":{"index":"index","follow":"follow","max-snippet":"max-snippet:-1","max-image-preview":"max-image-preview:large","max-video-preview":"max-video-preview:-1"},"canonical":"https:\/\/www.italyfamilyhotels.it\/de\/destinationen\/trentino-sudtirol\/st-christina-groeden","og_locale":"de_DE","og_type":"article","og_title":"Familienhotels in St. Christina in Gr\u00f6den, Urlaub f\u00fcr Familien in Italien","og_description":"Lust auf Familienurlaub? Wir haben die besten Hotel f\u00fcr Familien in St. Christina in Gr\u00f6den, Italien","og_url":"https:\/\/www.italyfamilyhotels.it\/de\/destinationen\/trentino-sudtirol\/st-christina-groeden","og_site_name":"Italy Family Hotels","article_publisher":"https:\/\/www.facebook.com\/ItalyFamilyHotels\/","article_modified_time":"2022-05-02T13:52:16+00:00","twitter_card":"summary_large_image","twitter_misc":{"Gesch\u00e4tzte Lesezeit":"1\u00a0Minute"},"schema":{"@context":"https:\/\/schema.org","@graph":[{"@type":"WebPage","@id":"https:\/\/www.italyfamilyhotels.it\/de\/destinationen\/trentino-sudtirol\/st-christina-groeden","url":"https:\/\/www.italyfamilyhotels.it\/de\/destinationen\/trentino-sudtirol\/st-christina-groeden","name":"Familienhotels in St. Christina in Gr\u00f6den, Urlaub f\u00fcr Familien in Italien","isPartOf":{"@id":"https:\/\/www.italyfamilyhotels.it\/#website"},"datePublished":"2016-04-15T10:59:04+00:00","dateModified":"2022-05-02T13:52:16+00:00","description":"Lust auf Familienurlaub? Wir haben die besten Hotel f\u00fcr Familien in St. Christina in Gr\u00f6den, Italien","breadcrumb":{"@id":"https:\/\/www.italyfamilyhotels.it\/de\/destinationen\/trentino-sudtirol\/st-christina-groeden#breadcrumb"},"inLanguage":"de","potentialAction":[{"@type":"ReadAction","target":["https:\/\/www.italyfamilyhotels.it\/de\/destinationen\/trentino-sudtirol\/st-christina-groeden"]}]},{"@type":"BreadcrumbList","@id":"https:\/\/www.italyfamilyhotels.it\/de\/destinationen\/trentino-sudtirol\/st-christina-groeden#breadcrumb","itemListElement":[{"@type":"ListItem","position":1,"name":"Home","item":"https:\/\/www.italyfamilyhotels.it\/de"},{"@type":"ListItem","position":2,"name":"Destinationen","item":"https:\/\/www.italyfamilyhotels.it\/de\/destinationen"},{"@type":"ListItem","position":3,"name":"Trentino-S\u00fcdtirol","item":"https:\/\/www.italyfamilyhotels.it\/de\/destinationen\/trentino-sudtirol"},{"@type":"ListItem","position":4,"name":"St.Christina in Gr\u00f6den"}]},{"@type":"WebSite","@id":"https:\/\/www.italyfamilyhotels.it\/#website","url":"https:\/\/www.italyfamilyhotels.it\/","name":"Italy Family Hotels","description":"","potentialAction":[{"@type":"SearchAction","target":{"@type":"EntryPoint","urlTemplate":"https:\/\/www.italyfamilyhotels.it\/?s={search_term_string}"},"query-input":{"@type":"PropertyValueSpecification","valueRequired":true,"valueName":"search_term_string"}}],"inLanguage":"de"}]}},"_links":{"self":[{"href":"https:\/\/www.italyfamilyhotels.it\/de\/wp-json\/wp\/v2\/pages\/1269","targetHints":{"allow":["GET"]}}],"collection":[{"href":"https:\/\/www.italyfamilyhotels.it\/de\/wp-json\/wp\/v2\/pages"}],"about":[{"href":"https:\/\/www.italyfamilyhotels.it\/de\/wp-json\/wp\/v2\/types\/page"}],"author":[{"embeddable":true,"href":"https:\/\/www.italyfamilyhotels.it\/de\/wp-json\/wp\/v2\/users\/2"}],"replies":[{"embeddable":true,"href":"https:\/\/www.italyfamilyhotels.it\/de\/wp-json\/wp\/v2\/comments?post=1269"}],"version-history":[{"count":4,"href":"https:\/\/www.italyfamilyhotels.it\/de\/wp-json\/wp\/v2\/pages\/1269\/revisions"}],"predecessor-version":[{"id":26838,"href":"https:\/\/www.italyfamilyhotels.it\/de\/wp-json\/wp\/v2\/pages\/1269\/revisions\/26838"}],"up":[{"embeddable":true,"href":"https:\/\/www.italyfamilyhotels.it\/de\/wp-json\/wp\/v2\/pages\/1426"}],"wp:attachment":[{"href":"https:\/\/www.italyfamilyhotels.it\/de\/wp-json\/wp\/v2\/media?parent=1269"}],"curies":[{"name":"wp","href":"https:\/\/api.w.org\/{rel}","templated":true}]}}