{"id":1231,"date":"2016-04-15T11:19:45","date_gmt":"2016-04-15T09:19:45","guid":{"rendered":"https:\/\/www.italyfamilyhotels.it\/?page_id=1231"},"modified":"2022-05-02T15:52:05","modified_gmt":"2022-05-02T13:52:05","slug":"valverde-di-cesenatico","status":"publish","type":"page","link":"https:\/\/www.italyfamilyhotels.it\/de\/destinationen\/romagnolische-riviera\/valverde-di-cesenatico","title":{"rendered":"Valverde di Cesenatico"},"content":{"rendered":"\n<p>Eineinhalb Kilometer s\u00fcdlich vom Zentrum Cesenaticos, nicht zu weit vom Schuss, wenn man mal Lust auf ein lebhafteres Ambiente hat, liegt der ruhige Ortsteil <b>Valverde, <\/b>l\u00e4ngs einer h\u00fcbschen, von Hotels, Gesch\u00e4ften und Lokalen ges\u00e4umten<b> Strandpromenade<\/b>. Der breite, vorwiegend von Familien besuchte Strand ist mit allen Annehmlichkeiten f\u00fcr ruhige, genussvolle Tage zwischen Wasser und Sand ausgestattet. Ein paar Schritte entfernt l\u00e4dt die ausgedehnte Parkanlage <b>Parco di Levante <\/b>zu entspannenden Spazierg\u00e4ngen im Gr\u00fcnen ein.<\/p>\n","protected":false},"excerpt":{"rendered":"<p>Eineinhalb Kilometer s\u00fcdlich vom Zentrum Cesenaticos, nicht zu weit vom Schuss, wenn man mal Lust auf ein lebhafteres Ambiente hat, liegt der ruhige Ortsteil Valverde, l\u00e4ngs einer h\u00fcbschen, von Hotels, Gesch\u00e4ften und Lokalen ges\u00e4umten Strandpromenade. Der breite, vorwiegend von Familien besuchte Strand ist mit allen Annehmlichkeiten f\u00fcr ruhige, genussvolle Tage zwischen Wasser und Sand ausgestattet. &hellip;<\/p>\n","protected":false},"author":2,"featured_media":0,"parent":1409,"menu_order":0,"comment_status":"closed","ping_status":"closed","template":"page-templates\/scheda_localita.php","meta":{"_acf_changed":false,"inline_featured_image":false,"footnotes":""},"class_list":["post-1231","page","type-page","status-publish","hentry"],"acf":[],"yoast_head":"<!-- This site is optimized with the Yoast SEO plugin v27.1 - https:\/\/yoast.com\/product\/yoast-seo-wordpress\/ -->\n<title>Familienhotels in Valverde Cesenatico, Urlaub f\u00fcr Familien in Italien<\/title>\n<meta name=\"description\" content=\"Lust auf Familienurlaub? Wir haben die besten Hotel f\u00fcr Familien in Valverde Cesenatico, Italien\" \/>\n<meta name=\"robots\" content=\"index, follow, max-snippet:-1, max-image-preview:large, max-video-preview:-1\" \/>\n<link rel=\"canonical\" href=\"https:\/\/www.italyfamilyhotels.it\/de\/destinationen\/romagnolische-riviera\/valverde-di-cesenatico\" \/>\n<meta property=\"og:locale\" content=\"de_DE\" \/>\n<meta property=\"og:type\" content=\"article\" \/>\n<meta property=\"og:title\" content=\"Familienhotels in Valverde Cesenatico, Urlaub f\u00fcr Familien in Italien\" \/>\n<meta property=\"og:description\" content=\"Lust auf Familienurlaub? Wir haben die besten Hotel f\u00fcr Familien in Valverde Cesenatico, Italien\" \/>\n<meta property=\"og:url\" content=\"https:\/\/www.italyfamilyhotels.it\/de\/destinationen\/romagnolische-riviera\/valverde-di-cesenatico\" \/>\n<meta property=\"og:site_name\" content=\"Italy Family Hotels\" \/>\n<meta property=\"article:publisher\" content=\"https:\/\/www.facebook.com\/ItalyFamilyHotels\/\" \/>\n<meta property=\"article:modified_time\" content=\"2022-05-02T13:52:05+00:00\" \/>\n<meta name=\"twitter:card\" content=\"summary_large_image\" \/>\n<meta name=\"twitter:label1\" content=\"Gesch\u00e4tzte Lesezeit\" \/>\n\t<meta name=\"twitter:data1\" content=\"1\u00a0Minute\" \/>\n<script type=\"application\/ld+json\" class=\"yoast-schema-graph\">{\"@context\":\"https:\/\/schema.org\",\"@graph\":[{\"@type\":\"WebPage\",\"@id\":\"https:\/\/www.italyfamilyhotels.it\/de\/destinationen\/romagnolische-riviera\/valverde-di-cesenatico\",\"url\":\"https:\/\/www.italyfamilyhotels.it\/de\/destinationen\/romagnolische-riviera\/valverde-di-cesenatico\",\"name\":\"Familienhotels in Valverde Cesenatico, Urlaub f\u00fcr Familien in Italien\",\"isPartOf\":{\"@id\":\"https:\/\/www.italyfamilyhotels.it\/#website\"},\"datePublished\":\"2016-04-15T09:19:45+00:00\",\"dateModified\":\"2022-05-02T13:52:05+00:00\",\"description\":\"Lust auf Familienurlaub? Wir haben die besten Hotel f\u00fcr Familien in Valverde Cesenatico, Italien\",\"breadcrumb\":{\"@id\":\"https:\/\/www.italyfamilyhotels.it\/de\/destinationen\/romagnolische-riviera\/valverde-di-cesenatico#breadcrumb\"},\"inLanguage\":\"de\",\"potentialAction\":[{\"@type\":\"ReadAction\",\"target\":[\"https:\/\/www.italyfamilyhotels.it\/de\/destinationen\/romagnolische-riviera\/valverde-di-cesenatico\"]}]},{\"@type\":\"BreadcrumbList\",\"@id\":\"https:\/\/www.italyfamilyhotels.it\/de\/destinationen\/romagnolische-riviera\/valverde-di-cesenatico#breadcrumb\",\"itemListElement\":[{\"@type\":\"ListItem\",\"position\":1,\"name\":\"Home\",\"item\":\"https:\/\/www.italyfamilyhotels.it\/de\"},{\"@type\":\"ListItem\",\"position\":2,\"name\":\"Destinationen\",\"item\":\"https:\/\/www.italyfamilyhotels.it\/de\/destinationen\"},{\"@type\":\"ListItem\",\"position\":3,\"name\":\"Adriak\u00fcste der Romagna\",\"item\":\"https:\/\/www.italyfamilyhotels.it\/de\/destinationen\/romagnolische-riviera\"},{\"@type\":\"ListItem\",\"position\":4,\"name\":\"Valverde di Cesenatico\"}]},{\"@type\":\"WebSite\",\"@id\":\"https:\/\/www.italyfamilyhotels.it\/#website\",\"url\":\"https:\/\/www.italyfamilyhotels.it\/\",\"name\":\"Italy Family Hotels\",\"description\":\"\",\"potentialAction\":[{\"@type\":\"SearchAction\",\"target\":{\"@type\":\"EntryPoint\",\"urlTemplate\":\"https:\/\/www.italyfamilyhotels.it\/?s={search_term_string}\"},\"query-input\":{\"@type\":\"PropertyValueSpecification\",\"valueRequired\":true,\"valueName\":\"search_term_string\"}}],\"inLanguage\":\"de\"}]}<\/script>\n<!-- \/ Yoast SEO plugin. -->","yoast_head_json":{"title":"Familienhotels in Valverde Cesenatico, Urlaub f\u00fcr Familien in Italien","description":"Lust auf Familienurlaub? Wir haben die besten Hotel f\u00fcr Familien in Valverde Cesenatico, Italien","robots":{"index":"index","follow":"follow","max-snippet":"max-snippet:-1","max-image-preview":"max-image-preview:large","max-video-preview":"max-video-preview:-1"},"canonical":"https:\/\/www.italyfamilyhotels.it\/de\/destinationen\/romagnolische-riviera\/valverde-di-cesenatico","og_locale":"de_DE","og_type":"article","og_title":"Familienhotels in Valverde Cesenatico, Urlaub f\u00fcr Familien in Italien","og_description":"Lust auf Familienurlaub? Wir haben die besten Hotel f\u00fcr Familien in Valverde Cesenatico, Italien","og_url":"https:\/\/www.italyfamilyhotels.it\/de\/destinationen\/romagnolische-riviera\/valverde-di-cesenatico","og_site_name":"Italy Family Hotels","article_publisher":"https:\/\/www.facebook.com\/ItalyFamilyHotels\/","article_modified_time":"2022-05-02T13:52:05+00:00","twitter_card":"summary_large_image","twitter_misc":{"Gesch\u00e4tzte Lesezeit":"1\u00a0Minute"},"schema":{"@context":"https:\/\/schema.org","@graph":[{"@type":"WebPage","@id":"https:\/\/www.italyfamilyhotels.it\/de\/destinationen\/romagnolische-riviera\/valverde-di-cesenatico","url":"https:\/\/www.italyfamilyhotels.it\/de\/destinationen\/romagnolische-riviera\/valverde-di-cesenatico","name":"Familienhotels in Valverde Cesenatico, Urlaub f\u00fcr Familien in Italien","isPartOf":{"@id":"https:\/\/www.italyfamilyhotels.it\/#website"},"datePublished":"2016-04-15T09:19:45+00:00","dateModified":"2022-05-02T13:52:05+00:00","description":"Lust auf Familienurlaub? Wir haben die besten Hotel f\u00fcr Familien in Valverde Cesenatico, Italien","breadcrumb":{"@id":"https:\/\/www.italyfamilyhotels.it\/de\/destinationen\/romagnolische-riviera\/valverde-di-cesenatico#breadcrumb"},"inLanguage":"de","potentialAction":[{"@type":"ReadAction","target":["https:\/\/www.italyfamilyhotels.it\/de\/destinationen\/romagnolische-riviera\/valverde-di-cesenatico"]}]},{"@type":"BreadcrumbList","@id":"https:\/\/www.italyfamilyhotels.it\/de\/destinationen\/romagnolische-riviera\/valverde-di-cesenatico#breadcrumb","itemListElement":[{"@type":"ListItem","position":1,"name":"Home","item":"https:\/\/www.italyfamilyhotels.it\/de"},{"@type":"ListItem","position":2,"name":"Destinationen","item":"https:\/\/www.italyfamilyhotels.it\/de\/destinationen"},{"@type":"ListItem","position":3,"name":"Adriak\u00fcste der Romagna","item":"https:\/\/www.italyfamilyhotels.it\/de\/destinationen\/romagnolische-riviera"},{"@type":"ListItem","position":4,"name":"Valverde di Cesenatico"}]},{"@type":"WebSite","@id":"https:\/\/www.italyfamilyhotels.it\/#website","url":"https:\/\/www.italyfamilyhotels.it\/","name":"Italy Family Hotels","description":"","potentialAction":[{"@type":"SearchAction","target":{"@type":"EntryPoint","urlTemplate":"https:\/\/www.italyfamilyhotels.it\/?s={search_term_string}"},"query-input":{"@type":"PropertyValueSpecification","valueRequired":true,"valueName":"search_term_string"}}],"inLanguage":"de"}]}},"_links":{"self":[{"href":"https:\/\/www.italyfamilyhotels.it\/de\/wp-json\/wp\/v2\/pages\/1231","targetHints":{"allow":["GET"]}}],"collection":[{"href":"https:\/\/www.italyfamilyhotels.it\/de\/wp-json\/wp\/v2\/pages"}],"about":[{"href":"https:\/\/www.italyfamilyhotels.it\/de\/wp-json\/wp\/v2\/types\/page"}],"author":[{"embeddable":true,"href":"https:\/\/www.italyfamilyhotels.it\/de\/wp-json\/wp\/v2\/users\/2"}],"replies":[{"embeddable":true,"href":"https:\/\/www.italyfamilyhotels.it\/de\/wp-json\/wp\/v2\/comments?post=1231"}],"version-history":[{"count":4,"href":"https:\/\/www.italyfamilyhotels.it\/de\/wp-json\/wp\/v2\/pages\/1231\/revisions"}],"predecessor-version":[{"id":26798,"href":"https:\/\/www.italyfamilyhotels.it\/de\/wp-json\/wp\/v2\/pages\/1231\/revisions\/26798"}],"up":[{"embeddable":true,"href":"https:\/\/www.italyfamilyhotels.it\/de\/wp-json\/wp\/v2\/pages\/1409"}],"wp:attachment":[{"href":"https:\/\/www.italyfamilyhotels.it\/de\/wp-json\/wp\/v2\/media?parent=1231"}],"curies":[{"name":"wp","href":"https:\/\/api.w.org\/{rel}","templated":true}]}}