{"id":1223,"date":"2016-04-15T10:57:57","date_gmt":"2016-04-15T08:57:57","guid":{"rendered":"https:\/\/www.italyfamilyhotels.it\/?page_id=1223"},"modified":"2022-05-02T15:53:54","modified_gmt":"2022-05-02T13:53:54","slug":"pinarella-di-cervia","status":"publish","type":"page","link":"https:\/\/www.italyfamilyhotels.it\/de\/destinationen\/romagnolische-riviera\/pinarella-di-cervia","title":{"rendered":"Pinarella di Cervia"},"content":{"rendered":"\n<p><b>Pinarella<\/b>, ein Badeort s\u00fcdlich von Cervia an der romagnolischen Adriak\u00fcste, verdankt seinen Namen dem kleinen Pinienwald, ca. 25 Hektar, der den Sandstrand s\u00e4umt &#8211; ideal f\u00fcr ein Picknick im Schatten. Vor allem <b>Familien mit Kindern<\/b> kommen im Sommer gern hierher. Auf dem Fahrrad oder zu Fu\u00df genie\u00dfen sie die sommerliche Meeresbrise in den Stra\u00dfen, wo am Abend reges Leben herrscht, dank vieler Veranstaltungen und Belustigungen, die von Juni bis September organisiert werden. A propos Fahrrad: Pinarella kommt, wie viele andere Orte an der Adria, Pedalfreunden  mit speziellen Angeboten und zahlreichen Radwegen entgegen.<\/p>\n","protected":false},"excerpt":{"rendered":"<p>Pinarella, ein Badeort s\u00fcdlich von Cervia an der romagnolischen Adriak\u00fcste, verdankt seinen Namen dem kleinen Pinienwald, ca. 25 Hektar, der den Sandstrand s\u00e4umt &#8211; ideal f\u00fcr ein Picknick im Schatten. Vor allem Familien mit Kindern kommen im Sommer gern hierher. Auf dem Fahrrad oder zu Fu\u00df genie\u00dfen sie die sommerliche Meeresbrise in den Stra\u00dfen, wo &hellip;<\/p>\n","protected":false},"author":2,"featured_media":0,"parent":1409,"menu_order":0,"comment_status":"closed","ping_status":"closed","template":"page-templates\/scheda_localita.php","meta":{"_acf_changed":false,"inline_featured_image":false,"footnotes":""},"class_list":["post-1223","page","type-page","status-publish","hentry"],"acf":[],"yoast_head":"<!-- This site is optimized with the Yoast SEO plugin v27.1 - https:\/\/yoast.com\/product\/yoast-seo-wordpress\/ -->\n<title>Familienhotels in Pinarella di Cervia, Urlaub f\u00fcr Familien in Italien<\/title>\n<meta name=\"description\" content=\"Lust auf Familienurlaub? Wir haben die besten Hotel f\u00fcr Familien in Pinarella di Cervia, Italien\" \/>\n<meta name=\"robots\" content=\"index, follow, max-snippet:-1, max-image-preview:large, max-video-preview:-1\" \/>\n<link rel=\"canonical\" href=\"https:\/\/www.italyfamilyhotels.it\/de\/destinationen\/romagnolische-riviera\/pinarella-di-cervia\" \/>\n<meta property=\"og:locale\" content=\"de_DE\" \/>\n<meta property=\"og:type\" content=\"article\" \/>\n<meta property=\"og:title\" content=\"Familienhotels in Pinarella di Cervia, Urlaub f\u00fcr Familien in Italien\" \/>\n<meta property=\"og:description\" content=\"Lust auf Familienurlaub? Wir haben die besten Hotel f\u00fcr Familien in Pinarella di Cervia, Italien\" \/>\n<meta property=\"og:url\" content=\"https:\/\/www.italyfamilyhotels.it\/de\/destinationen\/romagnolische-riviera\/pinarella-di-cervia\" \/>\n<meta property=\"og:site_name\" content=\"Italy Family Hotels\" \/>\n<meta property=\"article:publisher\" content=\"https:\/\/www.facebook.com\/ItalyFamilyHotels\/\" \/>\n<meta property=\"article:modified_time\" content=\"2022-05-02T13:53:54+00:00\" \/>\n<meta name=\"twitter:card\" content=\"summary_large_image\" \/>\n<meta name=\"twitter:label1\" content=\"Gesch\u00e4tzte Lesezeit\" \/>\n\t<meta name=\"twitter:data1\" content=\"1\u00a0Minute\" \/>\n<script type=\"application\/ld+json\" class=\"yoast-schema-graph\">{\"@context\":\"https:\/\/schema.org\",\"@graph\":[{\"@type\":\"WebPage\",\"@id\":\"https:\/\/www.italyfamilyhotels.it\/de\/destinationen\/romagnolische-riviera\/pinarella-di-cervia\",\"url\":\"https:\/\/www.italyfamilyhotels.it\/de\/destinationen\/romagnolische-riviera\/pinarella-di-cervia\",\"name\":\"Familienhotels in Pinarella di Cervia, Urlaub f\u00fcr Familien in Italien\",\"isPartOf\":{\"@id\":\"https:\/\/www.italyfamilyhotels.it\/#website\"},\"datePublished\":\"2016-04-15T08:57:57+00:00\",\"dateModified\":\"2022-05-02T13:53:54+00:00\",\"description\":\"Lust auf Familienurlaub? Wir haben die besten Hotel f\u00fcr Familien in Pinarella di Cervia, Italien\",\"breadcrumb\":{\"@id\":\"https:\/\/www.italyfamilyhotels.it\/de\/destinationen\/romagnolische-riviera\/pinarella-di-cervia#breadcrumb\"},\"inLanguage\":\"de\",\"potentialAction\":[{\"@type\":\"ReadAction\",\"target\":[\"https:\/\/www.italyfamilyhotels.it\/de\/destinationen\/romagnolische-riviera\/pinarella-di-cervia\"]}]},{\"@type\":\"BreadcrumbList\",\"@id\":\"https:\/\/www.italyfamilyhotels.it\/de\/destinationen\/romagnolische-riviera\/pinarella-di-cervia#breadcrumb\",\"itemListElement\":[{\"@type\":\"ListItem\",\"position\":1,\"name\":\"Home\",\"item\":\"https:\/\/www.italyfamilyhotels.it\/de\"},{\"@type\":\"ListItem\",\"position\":2,\"name\":\"Destinationen\",\"item\":\"https:\/\/www.italyfamilyhotels.it\/de\/destinationen\"},{\"@type\":\"ListItem\",\"position\":3,\"name\":\"Adriak\u00fcste der Romagna\",\"item\":\"https:\/\/www.italyfamilyhotels.it\/de\/destinationen\/romagnolische-riviera\"},{\"@type\":\"ListItem\",\"position\":4,\"name\":\"Pinarella di Cervia\"}]},{\"@type\":\"WebSite\",\"@id\":\"https:\/\/www.italyfamilyhotels.it\/#website\",\"url\":\"https:\/\/www.italyfamilyhotels.it\/\",\"name\":\"Italy Family Hotels\",\"description\":\"\",\"potentialAction\":[{\"@type\":\"SearchAction\",\"target\":{\"@type\":\"EntryPoint\",\"urlTemplate\":\"https:\/\/www.italyfamilyhotels.it\/?s={search_term_string}\"},\"query-input\":{\"@type\":\"PropertyValueSpecification\",\"valueRequired\":true,\"valueName\":\"search_term_string\"}}],\"inLanguage\":\"de\"}]}<\/script>\n<!-- \/ Yoast SEO plugin. -->","yoast_head_json":{"title":"Familienhotels in Pinarella di Cervia, Urlaub f\u00fcr Familien in Italien","description":"Lust auf Familienurlaub? Wir haben die besten Hotel f\u00fcr Familien in Pinarella di Cervia, Italien","robots":{"index":"index","follow":"follow","max-snippet":"max-snippet:-1","max-image-preview":"max-image-preview:large","max-video-preview":"max-video-preview:-1"},"canonical":"https:\/\/www.italyfamilyhotels.it\/de\/destinationen\/romagnolische-riviera\/pinarella-di-cervia","og_locale":"de_DE","og_type":"article","og_title":"Familienhotels in Pinarella di Cervia, Urlaub f\u00fcr Familien in Italien","og_description":"Lust auf Familienurlaub? Wir haben die besten Hotel f\u00fcr Familien in Pinarella di Cervia, Italien","og_url":"https:\/\/www.italyfamilyhotels.it\/de\/destinationen\/romagnolische-riviera\/pinarella-di-cervia","og_site_name":"Italy Family Hotels","article_publisher":"https:\/\/www.facebook.com\/ItalyFamilyHotels\/","article_modified_time":"2022-05-02T13:53:54+00:00","twitter_card":"summary_large_image","twitter_misc":{"Gesch\u00e4tzte Lesezeit":"1\u00a0Minute"},"schema":{"@context":"https:\/\/schema.org","@graph":[{"@type":"WebPage","@id":"https:\/\/www.italyfamilyhotels.it\/de\/destinationen\/romagnolische-riviera\/pinarella-di-cervia","url":"https:\/\/www.italyfamilyhotels.it\/de\/destinationen\/romagnolische-riviera\/pinarella-di-cervia","name":"Familienhotels in Pinarella di Cervia, Urlaub f\u00fcr Familien in Italien","isPartOf":{"@id":"https:\/\/www.italyfamilyhotels.it\/#website"},"datePublished":"2016-04-15T08:57:57+00:00","dateModified":"2022-05-02T13:53:54+00:00","description":"Lust auf Familienurlaub? Wir haben die besten Hotel f\u00fcr Familien in Pinarella di Cervia, Italien","breadcrumb":{"@id":"https:\/\/www.italyfamilyhotels.it\/de\/destinationen\/romagnolische-riviera\/pinarella-di-cervia#breadcrumb"},"inLanguage":"de","potentialAction":[{"@type":"ReadAction","target":["https:\/\/www.italyfamilyhotels.it\/de\/destinationen\/romagnolische-riviera\/pinarella-di-cervia"]}]},{"@type":"BreadcrumbList","@id":"https:\/\/www.italyfamilyhotels.it\/de\/destinationen\/romagnolische-riviera\/pinarella-di-cervia#breadcrumb","itemListElement":[{"@type":"ListItem","position":1,"name":"Home","item":"https:\/\/www.italyfamilyhotels.it\/de"},{"@type":"ListItem","position":2,"name":"Destinationen","item":"https:\/\/www.italyfamilyhotels.it\/de\/destinationen"},{"@type":"ListItem","position":3,"name":"Adriak\u00fcste der Romagna","item":"https:\/\/www.italyfamilyhotels.it\/de\/destinationen\/romagnolische-riviera"},{"@type":"ListItem","position":4,"name":"Pinarella di Cervia"}]},{"@type":"WebSite","@id":"https:\/\/www.italyfamilyhotels.it\/#website","url":"https:\/\/www.italyfamilyhotels.it\/","name":"Italy Family Hotels","description":"","potentialAction":[{"@type":"SearchAction","target":{"@type":"EntryPoint","urlTemplate":"https:\/\/www.italyfamilyhotels.it\/?s={search_term_string}"},"query-input":{"@type":"PropertyValueSpecification","valueRequired":true,"valueName":"search_term_string"}}],"inLanguage":"de"}]}},"_links":{"self":[{"href":"https:\/\/www.italyfamilyhotels.it\/de\/wp-json\/wp\/v2\/pages\/1223","targetHints":{"allow":["GET"]}}],"collection":[{"href":"https:\/\/www.italyfamilyhotels.it\/de\/wp-json\/wp\/v2\/pages"}],"about":[{"href":"https:\/\/www.italyfamilyhotels.it\/de\/wp-json\/wp\/v2\/types\/page"}],"author":[{"embeddable":true,"href":"https:\/\/www.italyfamilyhotels.it\/de\/wp-json\/wp\/v2\/users\/2"}],"replies":[{"embeddable":true,"href":"https:\/\/www.italyfamilyhotels.it\/de\/wp-json\/wp\/v2\/comments?post=1223"}],"version-history":[{"count":4,"href":"https:\/\/www.italyfamilyhotels.it\/de\/wp-json\/wp\/v2\/pages\/1223\/revisions"}],"predecessor-version":[{"id":26894,"href":"https:\/\/www.italyfamilyhotels.it\/de\/wp-json\/wp\/v2\/pages\/1223\/revisions\/26894"}],"up":[{"embeddable":true,"href":"https:\/\/www.italyfamilyhotels.it\/de\/wp-json\/wp\/v2\/pages\/1409"}],"wp:attachment":[{"href":"https:\/\/www.italyfamilyhotels.it\/de\/wp-json\/wp\/v2\/media?parent=1223"}],"curies":[{"name":"wp","href":"https:\/\/api.w.org\/{rel}","templated":true}]}}