{"id":1217,"date":"2016-04-15T10:42:55","date_gmt":"2016-04-15T08:42:55","guid":{"rendered":"https:\/\/www.italyfamilyhotels.it\/?page_id=1217"},"modified":"2022-05-02T15:51:57","modified_gmt":"2022-05-02T13:51:57","slug":"rimini","status":"publish","type":"page","link":"https:\/\/www.italyfamilyhotels.it\/de\/destinationen\/romagnolische-riviera\/rimini","title":{"rendered":"Rimini"},"content":{"rendered":"\n<p><b>Rimini<\/b> z\u00e4hlt zwar zu den historischen Brennpunkten des Nachtlebens an der Adria, aber es hat auch viele Reize f\u00fcr Leute, die einen ruhigen Urlaub bevorzugen, mit Spazierg\u00e4ngen l\u00e4ngs der <b>15 km langen Strandpromenade<\/b> und <b>historischen,<\/b> <b>kulinarischen oder kulturellen Erkundungstouren.<\/b> <b>250 Strandb\u00e4der<\/b>, Thermen, Freizeitparks, das <b>St\u00e4dtische Museum<\/b>, r\u00f6mische Bauwerke wie der <b>Augustus-Bogen<\/b> und die <b>Tiberius-Br\u00fccke <\/b>m\u00fcssten auf der Visitenkarte dieser Stadt mit vielen Gesichtern Platz finden. Auch das beeindruckende <b>Grand Hotel<\/b>, vom Regisseur Fellini filmisch verewigt, erz\u00e4hlt von ihr und der enormen Vitalit\u00e4t, die Rimini zum kreativen Laboratarium macht.<\/p>\n","protected":false},"excerpt":{"rendered":"<p>Rimini z\u00e4hlt zwar zu den historischen Brennpunkten des Nachtlebens an der Adria, aber es hat auch viele Reize f\u00fcr Leute, die einen ruhigen Urlaub bevorzugen, mit Spazierg\u00e4ngen l\u00e4ngs der 15 km langen Strandpromenade und historischen, kulinarischen oder kulturellen Erkundungstouren. 250 Strandb\u00e4der, Thermen, Freizeitparks, das St\u00e4dtische Museum, r\u00f6mische Bauwerke wie der Augustus-Bogen und die Tiberius-Br\u00fccke m\u00fcssten &hellip;<\/p>\n","protected":false},"author":2,"featured_media":0,"parent":1409,"menu_order":0,"comment_status":"closed","ping_status":"closed","template":"page-templates\/scheda_localita.php","meta":{"_acf_changed":false,"inline_featured_image":false,"footnotes":""},"class_list":["post-1217","page","type-page","status-publish","hentry"],"acf":[],"yoast_head":"<!-- This site is optimized with the Yoast SEO plugin v27.1 - https:\/\/yoast.com\/product\/yoast-seo-wordpress\/ -->\n<title>Familienhotels in Rimini, Urlaub f\u00fcr Familien in Italien<\/title>\n<meta name=\"description\" content=\"Lust auf Familienurlaub? Wir haben die besten Hotel f\u00fcr Familien in Rimini, Italien\" \/>\n<meta name=\"robots\" content=\"index, follow, max-snippet:-1, max-image-preview:large, max-video-preview:-1\" \/>\n<link rel=\"canonical\" href=\"https:\/\/www.italyfamilyhotels.it\/de\/destinationen\/romagnolische-riviera\/rimini\" \/>\n<meta property=\"og:locale\" content=\"de_DE\" \/>\n<meta property=\"og:type\" content=\"article\" \/>\n<meta property=\"og:title\" content=\"Familienhotels in Rimini, Urlaub f\u00fcr Familien in Italien\" \/>\n<meta property=\"og:description\" content=\"Lust auf Familienurlaub? Wir haben die besten Hotel f\u00fcr Familien in Rimini, Italien\" \/>\n<meta property=\"og:url\" content=\"https:\/\/www.italyfamilyhotels.it\/de\/destinationen\/romagnolische-riviera\/rimini\" \/>\n<meta property=\"og:site_name\" content=\"Italy Family Hotels\" \/>\n<meta property=\"article:publisher\" content=\"https:\/\/www.facebook.com\/ItalyFamilyHotels\/\" \/>\n<meta property=\"article:modified_time\" content=\"2022-05-02T13:51:57+00:00\" \/>\n<meta name=\"twitter:card\" content=\"summary_large_image\" \/>\n<meta name=\"twitter:label1\" content=\"Gesch\u00e4tzte Lesezeit\" \/>\n\t<meta name=\"twitter:data1\" content=\"1\u00a0Minute\" \/>\n<script type=\"application\/ld+json\" class=\"yoast-schema-graph\">{\"@context\":\"https:\/\/schema.org\",\"@graph\":[{\"@type\":\"WebPage\",\"@id\":\"https:\/\/www.italyfamilyhotels.it\/de\/destinationen\/romagnolische-riviera\/rimini\",\"url\":\"https:\/\/www.italyfamilyhotels.it\/de\/destinationen\/romagnolische-riviera\/rimini\",\"name\":\"Familienhotels in Rimini, Urlaub f\u00fcr Familien in Italien\",\"isPartOf\":{\"@id\":\"https:\/\/www.italyfamilyhotels.it\/#website\"},\"datePublished\":\"2016-04-15T08:42:55+00:00\",\"dateModified\":\"2022-05-02T13:51:57+00:00\",\"description\":\"Lust auf Familienurlaub? Wir haben die besten Hotel f\u00fcr Familien in Rimini, Italien\",\"breadcrumb\":{\"@id\":\"https:\/\/www.italyfamilyhotels.it\/de\/destinationen\/romagnolische-riviera\/rimini#breadcrumb\"},\"inLanguage\":\"de\",\"potentialAction\":[{\"@type\":\"ReadAction\",\"target\":[\"https:\/\/www.italyfamilyhotels.it\/de\/destinationen\/romagnolische-riviera\/rimini\"]}]},{\"@type\":\"BreadcrumbList\",\"@id\":\"https:\/\/www.italyfamilyhotels.it\/de\/destinationen\/romagnolische-riviera\/rimini#breadcrumb\",\"itemListElement\":[{\"@type\":\"ListItem\",\"position\":1,\"name\":\"Home\",\"item\":\"https:\/\/www.italyfamilyhotels.it\/de\"},{\"@type\":\"ListItem\",\"position\":2,\"name\":\"Destinationen\",\"item\":\"https:\/\/www.italyfamilyhotels.it\/de\/destinationen\"},{\"@type\":\"ListItem\",\"position\":3,\"name\":\"Adriak\u00fcste der Romagna\",\"item\":\"https:\/\/www.italyfamilyhotels.it\/de\/destinationen\/romagnolische-riviera\"},{\"@type\":\"ListItem\",\"position\":4,\"name\":\"Rimini\"}]},{\"@type\":\"WebSite\",\"@id\":\"https:\/\/www.italyfamilyhotels.it\/#website\",\"url\":\"https:\/\/www.italyfamilyhotels.it\/\",\"name\":\"Italy Family Hotels\",\"description\":\"\",\"potentialAction\":[{\"@type\":\"SearchAction\",\"target\":{\"@type\":\"EntryPoint\",\"urlTemplate\":\"https:\/\/www.italyfamilyhotels.it\/?s={search_term_string}\"},\"query-input\":{\"@type\":\"PropertyValueSpecification\",\"valueRequired\":true,\"valueName\":\"search_term_string\"}}],\"inLanguage\":\"de\"}]}<\/script>\n<!-- \/ Yoast SEO plugin. -->","yoast_head_json":{"title":"Familienhotels in Rimini, Urlaub f\u00fcr Familien in Italien","description":"Lust auf Familienurlaub? Wir haben die besten Hotel f\u00fcr Familien in Rimini, Italien","robots":{"index":"index","follow":"follow","max-snippet":"max-snippet:-1","max-image-preview":"max-image-preview:large","max-video-preview":"max-video-preview:-1"},"canonical":"https:\/\/www.italyfamilyhotels.it\/de\/destinationen\/romagnolische-riviera\/rimini","og_locale":"de_DE","og_type":"article","og_title":"Familienhotels in Rimini, Urlaub f\u00fcr Familien in Italien","og_description":"Lust auf Familienurlaub? Wir haben die besten Hotel f\u00fcr Familien in Rimini, Italien","og_url":"https:\/\/www.italyfamilyhotels.it\/de\/destinationen\/romagnolische-riviera\/rimini","og_site_name":"Italy Family Hotels","article_publisher":"https:\/\/www.facebook.com\/ItalyFamilyHotels\/","article_modified_time":"2022-05-02T13:51:57+00:00","twitter_card":"summary_large_image","twitter_misc":{"Gesch\u00e4tzte Lesezeit":"1\u00a0Minute"},"schema":{"@context":"https:\/\/schema.org","@graph":[{"@type":"WebPage","@id":"https:\/\/www.italyfamilyhotels.it\/de\/destinationen\/romagnolische-riviera\/rimini","url":"https:\/\/www.italyfamilyhotels.it\/de\/destinationen\/romagnolische-riviera\/rimini","name":"Familienhotels in Rimini, Urlaub f\u00fcr Familien in Italien","isPartOf":{"@id":"https:\/\/www.italyfamilyhotels.it\/#website"},"datePublished":"2016-04-15T08:42:55+00:00","dateModified":"2022-05-02T13:51:57+00:00","description":"Lust auf Familienurlaub? Wir haben die besten Hotel f\u00fcr Familien in Rimini, Italien","breadcrumb":{"@id":"https:\/\/www.italyfamilyhotels.it\/de\/destinationen\/romagnolische-riviera\/rimini#breadcrumb"},"inLanguage":"de","potentialAction":[{"@type":"ReadAction","target":["https:\/\/www.italyfamilyhotels.it\/de\/destinationen\/romagnolische-riviera\/rimini"]}]},{"@type":"BreadcrumbList","@id":"https:\/\/www.italyfamilyhotels.it\/de\/destinationen\/romagnolische-riviera\/rimini#breadcrumb","itemListElement":[{"@type":"ListItem","position":1,"name":"Home","item":"https:\/\/www.italyfamilyhotels.it\/de"},{"@type":"ListItem","position":2,"name":"Destinationen","item":"https:\/\/www.italyfamilyhotels.it\/de\/destinationen"},{"@type":"ListItem","position":3,"name":"Adriak\u00fcste der Romagna","item":"https:\/\/www.italyfamilyhotels.it\/de\/destinationen\/romagnolische-riviera"},{"@type":"ListItem","position":4,"name":"Rimini"}]},{"@type":"WebSite","@id":"https:\/\/www.italyfamilyhotels.it\/#website","url":"https:\/\/www.italyfamilyhotels.it\/","name":"Italy Family Hotels","description":"","potentialAction":[{"@type":"SearchAction","target":{"@type":"EntryPoint","urlTemplate":"https:\/\/www.italyfamilyhotels.it\/?s={search_term_string}"},"query-input":{"@type":"PropertyValueSpecification","valueRequired":true,"valueName":"search_term_string"}}],"inLanguage":"de"}]}},"_links":{"self":[{"href":"https:\/\/www.italyfamilyhotels.it\/de\/wp-json\/wp\/v2\/pages\/1217","targetHints":{"allow":["GET"]}}],"collection":[{"href":"https:\/\/www.italyfamilyhotels.it\/de\/wp-json\/wp\/v2\/pages"}],"about":[{"href":"https:\/\/www.italyfamilyhotels.it\/de\/wp-json\/wp\/v2\/types\/page"}],"author":[{"embeddable":true,"href":"https:\/\/www.italyfamilyhotels.it\/de\/wp-json\/wp\/v2\/users\/2"}],"replies":[{"embeddable":true,"href":"https:\/\/www.italyfamilyhotels.it\/de\/wp-json\/wp\/v2\/comments?post=1217"}],"version-history":[{"count":3,"href":"https:\/\/www.italyfamilyhotels.it\/de\/wp-json\/wp\/v2\/pages\/1217\/revisions"}],"predecessor-version":[{"id":26771,"href":"https:\/\/www.italyfamilyhotels.it\/de\/wp-json\/wp\/v2\/pages\/1217\/revisions\/26771"}],"up":[{"embeddable":true,"href":"https:\/\/www.italyfamilyhotels.it\/de\/wp-json\/wp\/v2\/pages\/1409"}],"wp:attachment":[{"href":"https:\/\/www.italyfamilyhotels.it\/de\/wp-json\/wp\/v2\/media?parent=1217"}],"curies":[{"name":"wp","href":"https:\/\/api.w.org\/{rel}","templated":true}]}}