{"id":1199,"date":"2016-04-15T09:50:39","date_gmt":"2016-04-15T07:50:39","guid":{"rendered":"https:\/\/www.italyfamilyhotels.it\/?page_id=1199"},"modified":"2022-05-02T15:52:09","modified_gmt":"2022-05-02T13:52:09","slug":"frabosa-soprana","status":"publish","type":"page","link":"https:\/\/www.italyfamilyhotels.it\/de\/destinationen\/piemont\/frabosa-soprana","title":{"rendered":"Frabosa Soprana"},"content":{"rendered":"\n<p>In den Seealpen der italienischen Region Piemont liegt <b>Frabosa Soprana<\/b>. Der Ruhm des zur Provinz Cuneo geh\u00f6renden kleinen Orts als Paradies f\u00fcr Bergurlauber reicht lange zur\u00fcck. Schon in den 1940-er Jahren brachte einer der ersten Sessellifte Italiens die Skifahrer auf die Pisten des Monte Moro. Heute ist Frabosa eine der drei Stationen des Skigebiets <b>Mondol\u00e8 Ski<\/b>, mit insgesamt 130 km Pisten, einer aussichtsreichen Ringloipe f\u00fcr Langlauf, modernsten Aufstiegsanlagen und allem, was sich Wintersportfans w\u00fcnschen k\u00f6nnen.<\/p>\n\n\n\n<p>Im Sommer bietet ein Bike Park <b>Mountainbikern<\/b> spannende Trails. Familien freuen sich \u00fcber diverse Attraktionen f\u00fcr <b>Kinder.<\/b><\/p>\n","protected":false},"excerpt":{"rendered":"<p>In den Seealpen der italienischen Region Piemont liegt Frabosa Soprana. Der Ruhm des zur Provinz Cuneo geh\u00f6renden kleinen Orts als Paradies f\u00fcr Bergurlauber reicht lange zur\u00fcck. Schon in den 1940-er Jahren brachte einer der ersten Sessellifte Italiens die Skifahrer auf die Pisten des Monte Moro. Heute ist Frabosa eine der drei Stationen des Skigebiets Mondol\u00e8 &hellip;<\/p>\n","protected":false},"author":2,"featured_media":0,"parent":1395,"menu_order":0,"comment_status":"closed","ping_status":"closed","template":"page-templates\/scheda_localita.php","meta":{"_acf_changed":false,"inline_featured_image":false,"footnotes":""},"class_list":["post-1199","page","type-page","status-publish","hentry"],"acf":[],"yoast_head":"<!-- This site is optimized with the Yoast SEO plugin v27.1 - https:\/\/yoast.com\/product\/yoast-seo-wordpress\/ -->\n<title>Familienhotels in Frabosa Soprana Mondole SKI, Urlaub f\u00fcr Familien in Italien<\/title>\n<meta name=\"description\" content=\"Lust auf Familienurlaub? Wir haben die besten Hotel f\u00fcr Familien in Frabosa Soprana Mondole SKI, Italien\" \/>\n<meta name=\"robots\" content=\"index, follow, max-snippet:-1, max-image-preview:large, max-video-preview:-1\" \/>\n<link rel=\"canonical\" href=\"https:\/\/www.italyfamilyhotels.it\/de\/destinationen\/piemont\/frabosa-soprana\" \/>\n<meta property=\"og:locale\" content=\"de_DE\" \/>\n<meta property=\"og:type\" content=\"article\" \/>\n<meta property=\"og:title\" content=\"Familienhotels in Frabosa Soprana Mondole SKI, Urlaub f\u00fcr Familien in Italien\" \/>\n<meta property=\"og:description\" content=\"Lust auf Familienurlaub? Wir haben die besten Hotel f\u00fcr Familien in Frabosa Soprana Mondole SKI, Italien\" \/>\n<meta property=\"og:url\" content=\"https:\/\/www.italyfamilyhotels.it\/de\/destinationen\/piemont\/frabosa-soprana\" \/>\n<meta property=\"og:site_name\" content=\"Italy Family Hotels\" \/>\n<meta property=\"article:publisher\" content=\"https:\/\/www.facebook.com\/ItalyFamilyHotels\/\" \/>\n<meta property=\"article:modified_time\" content=\"2022-05-02T13:52:09+00:00\" \/>\n<meta name=\"twitter:card\" content=\"summary_large_image\" \/>\n<meta name=\"twitter:label1\" content=\"Gesch\u00e4tzte Lesezeit\" \/>\n\t<meta name=\"twitter:data1\" content=\"1\u00a0Minute\" \/>\n<script type=\"application\/ld+json\" class=\"yoast-schema-graph\">{\"@context\":\"https:\/\/schema.org\",\"@graph\":[{\"@type\":\"WebPage\",\"@id\":\"https:\/\/www.italyfamilyhotels.it\/de\/destinationen\/piemont\/frabosa-soprana\",\"url\":\"https:\/\/www.italyfamilyhotels.it\/de\/destinationen\/piemont\/frabosa-soprana\",\"name\":\"Familienhotels in Frabosa Soprana Mondole SKI, Urlaub f\u00fcr Familien in Italien\",\"isPartOf\":{\"@id\":\"https:\/\/www.italyfamilyhotels.it\/#website\"},\"datePublished\":\"2016-04-15T07:50:39+00:00\",\"dateModified\":\"2022-05-02T13:52:09+00:00\",\"description\":\"Lust auf Familienurlaub? Wir haben die besten Hotel f\u00fcr Familien in Frabosa Soprana Mondole SKI, Italien\",\"breadcrumb\":{\"@id\":\"https:\/\/www.italyfamilyhotels.it\/de\/destinationen\/piemont\/frabosa-soprana#breadcrumb\"},\"inLanguage\":\"de\",\"potentialAction\":[{\"@type\":\"ReadAction\",\"target\":[\"https:\/\/www.italyfamilyhotels.it\/de\/destinationen\/piemont\/frabosa-soprana\"]}]},{\"@type\":\"BreadcrumbList\",\"@id\":\"https:\/\/www.italyfamilyhotels.it\/de\/destinationen\/piemont\/frabosa-soprana#breadcrumb\",\"itemListElement\":[{\"@type\":\"ListItem\",\"position\":1,\"name\":\"Home\",\"item\":\"https:\/\/www.italyfamilyhotels.it\/de\"},{\"@type\":\"ListItem\",\"position\":2,\"name\":\"Destinationen\",\"item\":\"https:\/\/www.italyfamilyhotels.it\/de\/destinationen\"},{\"@type\":\"ListItem\",\"position\":3,\"name\":\"Piemont\",\"item\":\"https:\/\/www.italyfamilyhotels.it\/de\/destinationen\/piemont\"},{\"@type\":\"ListItem\",\"position\":4,\"name\":\"Frabosa Soprana\"}]},{\"@type\":\"WebSite\",\"@id\":\"https:\/\/www.italyfamilyhotels.it\/#website\",\"url\":\"https:\/\/www.italyfamilyhotels.it\/\",\"name\":\"Italy Family Hotels\",\"description\":\"\",\"potentialAction\":[{\"@type\":\"SearchAction\",\"target\":{\"@type\":\"EntryPoint\",\"urlTemplate\":\"https:\/\/www.italyfamilyhotels.it\/?s={search_term_string}\"},\"query-input\":{\"@type\":\"PropertyValueSpecification\",\"valueRequired\":true,\"valueName\":\"search_term_string\"}}],\"inLanguage\":\"de\"}]}<\/script>\n<!-- \/ Yoast SEO plugin. -->","yoast_head_json":{"title":"Familienhotels in Frabosa Soprana Mondole SKI, Urlaub f\u00fcr Familien in Italien","description":"Lust auf Familienurlaub? Wir haben die besten Hotel f\u00fcr Familien in Frabosa Soprana Mondole SKI, Italien","robots":{"index":"index","follow":"follow","max-snippet":"max-snippet:-1","max-image-preview":"max-image-preview:large","max-video-preview":"max-video-preview:-1"},"canonical":"https:\/\/www.italyfamilyhotels.it\/de\/destinationen\/piemont\/frabosa-soprana","og_locale":"de_DE","og_type":"article","og_title":"Familienhotels in Frabosa Soprana Mondole SKI, Urlaub f\u00fcr Familien in Italien","og_description":"Lust auf Familienurlaub? Wir haben die besten Hotel f\u00fcr Familien in Frabosa Soprana Mondole SKI, Italien","og_url":"https:\/\/www.italyfamilyhotels.it\/de\/destinationen\/piemont\/frabosa-soprana","og_site_name":"Italy Family Hotels","article_publisher":"https:\/\/www.facebook.com\/ItalyFamilyHotels\/","article_modified_time":"2022-05-02T13:52:09+00:00","twitter_card":"summary_large_image","twitter_misc":{"Gesch\u00e4tzte Lesezeit":"1\u00a0Minute"},"schema":{"@context":"https:\/\/schema.org","@graph":[{"@type":"WebPage","@id":"https:\/\/www.italyfamilyhotels.it\/de\/destinationen\/piemont\/frabosa-soprana","url":"https:\/\/www.italyfamilyhotels.it\/de\/destinationen\/piemont\/frabosa-soprana","name":"Familienhotels in Frabosa Soprana Mondole SKI, Urlaub f\u00fcr Familien in Italien","isPartOf":{"@id":"https:\/\/www.italyfamilyhotels.it\/#website"},"datePublished":"2016-04-15T07:50:39+00:00","dateModified":"2022-05-02T13:52:09+00:00","description":"Lust auf Familienurlaub? Wir haben die besten Hotel f\u00fcr Familien in Frabosa Soprana Mondole SKI, Italien","breadcrumb":{"@id":"https:\/\/www.italyfamilyhotels.it\/de\/destinationen\/piemont\/frabosa-soprana#breadcrumb"},"inLanguage":"de","potentialAction":[{"@type":"ReadAction","target":["https:\/\/www.italyfamilyhotels.it\/de\/destinationen\/piemont\/frabosa-soprana"]}]},{"@type":"BreadcrumbList","@id":"https:\/\/www.italyfamilyhotels.it\/de\/destinationen\/piemont\/frabosa-soprana#breadcrumb","itemListElement":[{"@type":"ListItem","position":1,"name":"Home","item":"https:\/\/www.italyfamilyhotels.it\/de"},{"@type":"ListItem","position":2,"name":"Destinationen","item":"https:\/\/www.italyfamilyhotels.it\/de\/destinationen"},{"@type":"ListItem","position":3,"name":"Piemont","item":"https:\/\/www.italyfamilyhotels.it\/de\/destinationen\/piemont"},{"@type":"ListItem","position":4,"name":"Frabosa Soprana"}]},{"@type":"WebSite","@id":"https:\/\/www.italyfamilyhotels.it\/#website","url":"https:\/\/www.italyfamilyhotels.it\/","name":"Italy Family Hotels","description":"","potentialAction":[{"@type":"SearchAction","target":{"@type":"EntryPoint","urlTemplate":"https:\/\/www.italyfamilyhotels.it\/?s={search_term_string}"},"query-input":{"@type":"PropertyValueSpecification","valueRequired":true,"valueName":"search_term_string"}}],"inLanguage":"de"}]}},"_links":{"self":[{"href":"https:\/\/www.italyfamilyhotels.it\/de\/wp-json\/wp\/v2\/pages\/1199","targetHints":{"allow":["GET"]}}],"collection":[{"href":"https:\/\/www.italyfamilyhotels.it\/de\/wp-json\/wp\/v2\/pages"}],"about":[{"href":"https:\/\/www.italyfamilyhotels.it\/de\/wp-json\/wp\/v2\/types\/page"}],"author":[{"embeddable":true,"href":"https:\/\/www.italyfamilyhotels.it\/de\/wp-json\/wp\/v2\/users\/2"}],"replies":[{"embeddable":true,"href":"https:\/\/www.italyfamilyhotels.it\/de\/wp-json\/wp\/v2\/comments?post=1199"}],"version-history":[{"count":3,"href":"https:\/\/www.italyfamilyhotels.it\/de\/wp-json\/wp\/v2\/pages\/1199\/revisions"}],"predecessor-version":[{"id":26814,"href":"https:\/\/www.italyfamilyhotels.it\/de\/wp-json\/wp\/v2\/pages\/1199\/revisions\/26814"}],"up":[{"embeddable":true,"href":"https:\/\/www.italyfamilyhotels.it\/de\/wp-json\/wp\/v2\/pages\/1395"}],"wp:attachment":[{"href":"https:\/\/www.italyfamilyhotels.it\/de\/wp-json\/wp\/v2\/media?parent=1199"}],"curies":[{"name":"wp","href":"https:\/\/api.w.org\/{rel}","templated":true}]}}