{"id":1192,"date":"2016-04-15T09:35:08","date_gmt":"2016-04-15T07:35:08","guid":{"rendered":"https:\/\/www.italyfamilyhotels.it\/?page_id=1192"},"modified":"2022-05-02T15:52:11","modified_gmt":"2022-05-02T13:52:11","slug":"lido-di-camaiore","status":"publish","type":"page","link":"https:\/\/www.italyfamilyhotels.it\/de\/destinationen\/toskana\/lido-di-camaiore","title":{"rendered":"Lido di Camaiore"},"content":{"rendered":"\n<p>Am Tyrrhenischen Meer der <b>Versilia<\/b>, zwischen Viareggio und Marina di Pietrasanta, n\u00f6rdliche Toskana, liegt der <b>lange Sandstrand<\/b> von<b> Lido di Camaiore<\/b>, mit den <b>Apuanischen Alpen <\/b>dahinter. Ein Ort f\u00fcr den Genuss von wundersch\u00f6nen  Sonnenunterg\u00e4ngen \u00fcber dem Meer. Dazu moderne Komfort-Einrichtungen und Freizeitangebote, Outdoor-Erlebnisse in spektakul\u00e4rer Berglandschaft \u2013 was will man mehr? Das Tyrrhenische Meer ist nicht nur angenehm zum Baden, sondern sorgt als W\u00e4rmespeicher auch f\u00fcr ein mildes Klima im ganzen Jahr, gut f\u00fcr Ausfl\u00fcge auch au\u00dferhalb der Saison, wenn man schnell &quot;mal weg&quot; will.<\/p>\n","protected":false},"excerpt":{"rendered":"<p>Am Tyrrhenischen Meer der Versilia, zwischen Viareggio und Marina di Pietrasanta, n\u00f6rdliche Toskana, liegt der lange Sandstrand von Lido di Camaiore, mit den Apuanischen Alpen dahinter. Ein Ort f\u00fcr den Genuss von wundersch\u00f6nen Sonnenunterg\u00e4ngen \u00fcber dem Meer. Dazu moderne Komfort-Einrichtungen und Freizeitangebote, Outdoor-Erlebnisse in spektakul\u00e4rer Berglandschaft \u2013 was will man mehr? Das Tyrrhenische Meer ist &hellip;<\/p>\n","protected":false},"author":2,"featured_media":0,"parent":1539,"menu_order":0,"comment_status":"closed","ping_status":"closed","template":"page-templates\/scheda_localita.php","meta":{"_acf_changed":false,"inline_featured_image":false,"footnotes":""},"class_list":["post-1192","page","type-page","status-publish","hentry"],"acf":[],"yoast_head":"<!-- This site is optimized with the Yoast SEO plugin v27.1 - https:\/\/yoast.com\/product\/yoast-seo-wordpress\/ -->\n<title>Familienhotels in Lido di Camaiore, Urlaub f\u00fcr Familien in Italien<\/title>\n<meta name=\"description\" content=\"Lust auf Familienurlaub? Wir haben die besten Hotel f\u00fcr Familien in Lido di Camaiore, Italien\" \/>\n<meta name=\"robots\" content=\"index, follow, max-snippet:-1, max-image-preview:large, max-video-preview:-1\" \/>\n<link rel=\"canonical\" href=\"https:\/\/www.italyfamilyhotels.it\/de\/destinationen\/toskana\/lido-di-camaiore\" \/>\n<meta property=\"og:locale\" content=\"de_DE\" \/>\n<meta property=\"og:type\" content=\"article\" \/>\n<meta property=\"og:title\" content=\"Familienhotels in Lido di Camaiore, Urlaub f\u00fcr Familien in Italien\" \/>\n<meta property=\"og:description\" content=\"Lust auf Familienurlaub? Wir haben die besten Hotel f\u00fcr Familien in Lido di Camaiore, Italien\" \/>\n<meta property=\"og:url\" content=\"https:\/\/www.italyfamilyhotels.it\/de\/destinationen\/toskana\/lido-di-camaiore\" \/>\n<meta property=\"og:site_name\" content=\"Italy Family Hotels\" \/>\n<meta property=\"article:publisher\" content=\"https:\/\/www.facebook.com\/ItalyFamilyHotels\/\" \/>\n<meta property=\"article:modified_time\" content=\"2022-05-02T13:52:11+00:00\" \/>\n<meta name=\"twitter:card\" content=\"summary_large_image\" \/>\n<meta name=\"twitter:label1\" content=\"Gesch\u00e4tzte Lesezeit\" \/>\n\t<meta name=\"twitter:data1\" content=\"1\u00a0Minute\" \/>\n<script type=\"application\/ld+json\" class=\"yoast-schema-graph\">{\"@context\":\"https:\/\/schema.org\",\"@graph\":[{\"@type\":\"WebPage\",\"@id\":\"https:\/\/www.italyfamilyhotels.it\/de\/destinationen\/toskana\/lido-di-camaiore\",\"url\":\"https:\/\/www.italyfamilyhotels.it\/de\/destinationen\/toskana\/lido-di-camaiore\",\"name\":\"Familienhotels in Lido di Camaiore, Urlaub f\u00fcr Familien in Italien\",\"isPartOf\":{\"@id\":\"https:\/\/www.italyfamilyhotels.it\/#website\"},\"datePublished\":\"2016-04-15T07:35:08+00:00\",\"dateModified\":\"2022-05-02T13:52:11+00:00\",\"description\":\"Lust auf Familienurlaub? Wir haben die besten Hotel f\u00fcr Familien in Lido di Camaiore, Italien\",\"breadcrumb\":{\"@id\":\"https:\/\/www.italyfamilyhotels.it\/de\/destinationen\/toskana\/lido-di-camaiore#breadcrumb\"},\"inLanguage\":\"de\",\"potentialAction\":[{\"@type\":\"ReadAction\",\"target\":[\"https:\/\/www.italyfamilyhotels.it\/de\/destinationen\/toskana\/lido-di-camaiore\"]}]},{\"@type\":\"BreadcrumbList\",\"@id\":\"https:\/\/www.italyfamilyhotels.it\/de\/destinationen\/toskana\/lido-di-camaiore#breadcrumb\",\"itemListElement\":[{\"@type\":\"ListItem\",\"position\":1,\"name\":\"Home\",\"item\":\"https:\/\/www.italyfamilyhotels.it\/de\"},{\"@type\":\"ListItem\",\"position\":2,\"name\":\"Destinationen\",\"item\":\"https:\/\/www.italyfamilyhotels.it\/de\/destinationen\"},{\"@type\":\"ListItem\",\"position\":3,\"name\":\"Toskana\",\"item\":\"https:\/\/www.italyfamilyhotels.it\/de\/destinationen\/toskana\"},{\"@type\":\"ListItem\",\"position\":4,\"name\":\"Lido di Camaiore\"}]},{\"@type\":\"WebSite\",\"@id\":\"https:\/\/www.italyfamilyhotels.it\/#website\",\"url\":\"https:\/\/www.italyfamilyhotels.it\/\",\"name\":\"Italy Family Hotels\",\"description\":\"\",\"potentialAction\":[{\"@type\":\"SearchAction\",\"target\":{\"@type\":\"EntryPoint\",\"urlTemplate\":\"https:\/\/www.italyfamilyhotels.it\/?s={search_term_string}\"},\"query-input\":{\"@type\":\"PropertyValueSpecification\",\"valueRequired\":true,\"valueName\":\"search_term_string\"}}],\"inLanguage\":\"de\"}]}<\/script>\n<!-- \/ Yoast SEO plugin. -->","yoast_head_json":{"title":"Familienhotels in Lido di Camaiore, Urlaub f\u00fcr Familien in Italien","description":"Lust auf Familienurlaub? Wir haben die besten Hotel f\u00fcr Familien in Lido di Camaiore, Italien","robots":{"index":"index","follow":"follow","max-snippet":"max-snippet:-1","max-image-preview":"max-image-preview:large","max-video-preview":"max-video-preview:-1"},"canonical":"https:\/\/www.italyfamilyhotels.it\/de\/destinationen\/toskana\/lido-di-camaiore","og_locale":"de_DE","og_type":"article","og_title":"Familienhotels in Lido di Camaiore, Urlaub f\u00fcr Familien in Italien","og_description":"Lust auf Familienurlaub? Wir haben die besten Hotel f\u00fcr Familien in Lido di Camaiore, Italien","og_url":"https:\/\/www.italyfamilyhotels.it\/de\/destinationen\/toskana\/lido-di-camaiore","og_site_name":"Italy Family Hotels","article_publisher":"https:\/\/www.facebook.com\/ItalyFamilyHotels\/","article_modified_time":"2022-05-02T13:52:11+00:00","twitter_card":"summary_large_image","twitter_misc":{"Gesch\u00e4tzte Lesezeit":"1\u00a0Minute"},"schema":{"@context":"https:\/\/schema.org","@graph":[{"@type":"WebPage","@id":"https:\/\/www.italyfamilyhotels.it\/de\/destinationen\/toskana\/lido-di-camaiore","url":"https:\/\/www.italyfamilyhotels.it\/de\/destinationen\/toskana\/lido-di-camaiore","name":"Familienhotels in Lido di Camaiore, Urlaub f\u00fcr Familien in Italien","isPartOf":{"@id":"https:\/\/www.italyfamilyhotels.it\/#website"},"datePublished":"2016-04-15T07:35:08+00:00","dateModified":"2022-05-02T13:52:11+00:00","description":"Lust auf Familienurlaub? Wir haben die besten Hotel f\u00fcr Familien in Lido di Camaiore, Italien","breadcrumb":{"@id":"https:\/\/www.italyfamilyhotels.it\/de\/destinationen\/toskana\/lido-di-camaiore#breadcrumb"},"inLanguage":"de","potentialAction":[{"@type":"ReadAction","target":["https:\/\/www.italyfamilyhotels.it\/de\/destinationen\/toskana\/lido-di-camaiore"]}]},{"@type":"BreadcrumbList","@id":"https:\/\/www.italyfamilyhotels.it\/de\/destinationen\/toskana\/lido-di-camaiore#breadcrumb","itemListElement":[{"@type":"ListItem","position":1,"name":"Home","item":"https:\/\/www.italyfamilyhotels.it\/de"},{"@type":"ListItem","position":2,"name":"Destinationen","item":"https:\/\/www.italyfamilyhotels.it\/de\/destinationen"},{"@type":"ListItem","position":3,"name":"Toskana","item":"https:\/\/www.italyfamilyhotels.it\/de\/destinationen\/toskana"},{"@type":"ListItem","position":4,"name":"Lido di Camaiore"}]},{"@type":"WebSite","@id":"https:\/\/www.italyfamilyhotels.it\/#website","url":"https:\/\/www.italyfamilyhotels.it\/","name":"Italy Family Hotels","description":"","potentialAction":[{"@type":"SearchAction","target":{"@type":"EntryPoint","urlTemplate":"https:\/\/www.italyfamilyhotels.it\/?s={search_term_string}"},"query-input":{"@type":"PropertyValueSpecification","valueRequired":true,"valueName":"search_term_string"}}],"inLanguage":"de"}]}},"_links":{"self":[{"href":"https:\/\/www.italyfamilyhotels.it\/de\/wp-json\/wp\/v2\/pages\/1192","targetHints":{"allow":["GET"]}}],"collection":[{"href":"https:\/\/www.italyfamilyhotels.it\/de\/wp-json\/wp\/v2\/pages"}],"about":[{"href":"https:\/\/www.italyfamilyhotels.it\/de\/wp-json\/wp\/v2\/types\/page"}],"author":[{"embeddable":true,"href":"https:\/\/www.italyfamilyhotels.it\/de\/wp-json\/wp\/v2\/users\/2"}],"replies":[{"embeddable":true,"href":"https:\/\/www.italyfamilyhotels.it\/de\/wp-json\/wp\/v2\/comments?post=1192"}],"version-history":[{"count":3,"href":"https:\/\/www.italyfamilyhotels.it\/de\/wp-json\/wp\/v2\/pages\/1192\/revisions"}],"predecessor-version":[{"id":26820,"href":"https:\/\/www.italyfamilyhotels.it\/de\/wp-json\/wp\/v2\/pages\/1192\/revisions\/26820"}],"up":[{"embeddable":true,"href":"https:\/\/www.italyfamilyhotels.it\/de\/wp-json\/wp\/v2\/pages\/1539"}],"wp:attachment":[{"href":"https:\/\/www.italyfamilyhotels.it\/de\/wp-json\/wp\/v2\/media?parent=1192"}],"curies":[{"name":"wp","href":"https:\/\/api.w.org\/{rel}","templated":true}]}}