{"id":1113,"date":"2016-04-14T14:50:31","date_gmt":"2016-04-14T12:50:31","guid":{"rendered":"https:\/\/www.italyfamilyhotels.it\/?page_id=1113"},"modified":"2022-05-02T16:10:51","modified_gmt":"2022-05-02T14:10:51","slug":"bellaria-igea-marina","status":"publish","type":"page","link":"https:\/\/www.italyfamilyhotels.it\/de\/destinationen\/romagnolische-riviera\/bellaria-igea-marina","title":{"rendered":"Bellaria Igea Marina"},"content":{"rendered":"\n<p>Etwa in der Mitte der Adriak\u00fcste der Romagna liegt der gem\u00fctliche Badeort <b>Bellaria Igea Marina<\/b>. Er ist nicht sehr gro\u00df, hat aber, au\u00dfer den bequemen Sandstr\u00e4nden, von Platanen ges\u00e4umte, belebte  Fu\u00dfg\u00e4ngerzonen mit Gesch\u00e4ften, Eisdielen, Attraktionen f\u00fcr Kinder,Verkaufsst\u00e4nden und <b>Lokalen<\/b> aller Art, und einen gro\u00dfen gr\u00fcnen Park, den <b>Parco del Gelso \u2013 <\/b>genau richtig<b> <\/b>f\u00fcr Familien. Will man doch einmal weg, ist es nicht weit zur Adria-Metropole Rimini, zur Kulturstadt Ravenna, zu den historischen St\u00e4dtchen im malerischen Hinterland und zu den bekannten Freizeitparks der Adria<\/p>\n","protected":false},"excerpt":{"rendered":"<p>Etwa in der Mitte der Adriak\u00fcste der Romagna liegt der gem\u00fctliche Badeort Bellaria Igea Marina. Er ist nicht sehr gro\u00df, hat aber, au\u00dfer den bequemen Sandstr\u00e4nden, von Platanen ges\u00e4umte, belebte Fu\u00dfg\u00e4ngerzonen mit Gesch\u00e4ften, Eisdielen, Attraktionen f\u00fcr Kinder,Verkaufsst\u00e4nden und Lokalen aller Art, und einen gro\u00dfen gr\u00fcnen Park, den Parco del Gelso \u2013 genau richtig f\u00fcr Familien. &hellip;<\/p>\n","protected":false},"author":2,"featured_media":0,"parent":1409,"menu_order":0,"comment_status":"closed","ping_status":"closed","template":"page-templates\/scheda_localita.php","meta":{"_acf_changed":false,"inline_featured_image":false,"footnotes":""},"class_list":["post-1113","page","type-page","status-publish","hentry"],"acf":[],"yoast_head":"<!-- This site is optimized with the Yoast SEO plugin v27.1 - https:\/\/yoast.com\/product\/yoast-seo-wordpress\/ -->\n<title>Familienhotels in Bellaria Igea Marina, Urlaub f\u00fcr Familien in Italien<\/title>\n<meta name=\"description\" content=\"Lust auf Familienurlaub? Wir haben die besten Hotel f\u00fcr Familien in Bellaria Igea Marina, Italien\" \/>\n<meta name=\"robots\" content=\"index, follow, max-snippet:-1, max-image-preview:large, max-video-preview:-1\" \/>\n<link rel=\"canonical\" href=\"https:\/\/www.italyfamilyhotels.it\/de\/destinationen\/romagnolische-riviera\/bellaria-igea-marina\" \/>\n<meta property=\"og:locale\" content=\"de_DE\" \/>\n<meta property=\"og:type\" content=\"article\" \/>\n<meta property=\"og:title\" content=\"Familienhotels in Bellaria Igea Marina, Urlaub f\u00fcr Familien in Italien\" \/>\n<meta property=\"og:description\" content=\"Lust auf Familienurlaub? Wir haben die besten Hotel f\u00fcr Familien in Bellaria Igea Marina, Italien\" \/>\n<meta property=\"og:url\" content=\"https:\/\/www.italyfamilyhotels.it\/de\/destinationen\/romagnolische-riviera\/bellaria-igea-marina\" \/>\n<meta property=\"og:site_name\" content=\"Italy Family Hotels\" \/>\n<meta property=\"article:publisher\" content=\"https:\/\/www.facebook.com\/ItalyFamilyHotels\/\" \/>\n<meta property=\"article:modified_time\" content=\"2022-05-02T14:10:51+00:00\" \/>\n<meta name=\"twitter:card\" content=\"summary_large_image\" \/>\n<meta name=\"twitter:label1\" content=\"Gesch\u00e4tzte Lesezeit\" \/>\n\t<meta name=\"twitter:data1\" content=\"1\u00a0Minute\" \/>\n<script type=\"application\/ld+json\" class=\"yoast-schema-graph\">{\"@context\":\"https:\/\/schema.org\",\"@graph\":[{\"@type\":\"WebPage\",\"@id\":\"https:\/\/www.italyfamilyhotels.it\/de\/destinationen\/romagnolische-riviera\/bellaria-igea-marina\",\"url\":\"https:\/\/www.italyfamilyhotels.it\/de\/destinationen\/romagnolische-riviera\/bellaria-igea-marina\",\"name\":\"Familienhotels in Bellaria Igea Marina, Urlaub f\u00fcr Familien in Italien\",\"isPartOf\":{\"@id\":\"https:\/\/www.italyfamilyhotels.it\/#website\"},\"datePublished\":\"2016-04-14T12:50:31+00:00\",\"dateModified\":\"2022-05-02T14:10:51+00:00\",\"description\":\"Lust auf Familienurlaub? Wir haben die besten Hotel f\u00fcr Familien in Bellaria Igea Marina, Italien\",\"breadcrumb\":{\"@id\":\"https:\/\/www.italyfamilyhotels.it\/de\/destinationen\/romagnolische-riviera\/bellaria-igea-marina#breadcrumb\"},\"inLanguage\":\"de\",\"potentialAction\":[{\"@type\":\"ReadAction\",\"target\":[\"https:\/\/www.italyfamilyhotels.it\/de\/destinationen\/romagnolische-riviera\/bellaria-igea-marina\"]}]},{\"@type\":\"BreadcrumbList\",\"@id\":\"https:\/\/www.italyfamilyhotels.it\/de\/destinationen\/romagnolische-riviera\/bellaria-igea-marina#breadcrumb\",\"itemListElement\":[{\"@type\":\"ListItem\",\"position\":1,\"name\":\"Home\",\"item\":\"https:\/\/www.italyfamilyhotels.it\/de\"},{\"@type\":\"ListItem\",\"position\":2,\"name\":\"Destinationen\",\"item\":\"https:\/\/www.italyfamilyhotels.it\/de\/destinationen\"},{\"@type\":\"ListItem\",\"position\":3,\"name\":\"Adriak\u00fcste der Romagna\",\"item\":\"https:\/\/www.italyfamilyhotels.it\/de\/destinationen\/romagnolische-riviera\"},{\"@type\":\"ListItem\",\"position\":4,\"name\":\"Bellaria Igea Marina\"}]},{\"@type\":\"WebSite\",\"@id\":\"https:\/\/www.italyfamilyhotels.it\/#website\",\"url\":\"https:\/\/www.italyfamilyhotels.it\/\",\"name\":\"Italy Family Hotels\",\"description\":\"\",\"potentialAction\":[{\"@type\":\"SearchAction\",\"target\":{\"@type\":\"EntryPoint\",\"urlTemplate\":\"https:\/\/www.italyfamilyhotels.it\/?s={search_term_string}\"},\"query-input\":{\"@type\":\"PropertyValueSpecification\",\"valueRequired\":true,\"valueName\":\"search_term_string\"}}],\"inLanguage\":\"de\"}]}<\/script>\n<!-- \/ Yoast SEO plugin. -->","yoast_head_json":{"title":"Familienhotels in Bellaria Igea Marina, Urlaub f\u00fcr Familien in Italien","description":"Lust auf Familienurlaub? Wir haben die besten Hotel f\u00fcr Familien in Bellaria Igea Marina, Italien","robots":{"index":"index","follow":"follow","max-snippet":"max-snippet:-1","max-image-preview":"max-image-preview:large","max-video-preview":"max-video-preview:-1"},"canonical":"https:\/\/www.italyfamilyhotels.it\/de\/destinationen\/romagnolische-riviera\/bellaria-igea-marina","og_locale":"de_DE","og_type":"article","og_title":"Familienhotels in Bellaria Igea Marina, Urlaub f\u00fcr Familien in Italien","og_description":"Lust auf Familienurlaub? Wir haben die besten Hotel f\u00fcr Familien in Bellaria Igea Marina, Italien","og_url":"https:\/\/www.italyfamilyhotels.it\/de\/destinationen\/romagnolische-riviera\/bellaria-igea-marina","og_site_name":"Italy Family Hotels","article_publisher":"https:\/\/www.facebook.com\/ItalyFamilyHotels\/","article_modified_time":"2022-05-02T14:10:51+00:00","twitter_card":"summary_large_image","twitter_misc":{"Gesch\u00e4tzte Lesezeit":"1\u00a0Minute"},"schema":{"@context":"https:\/\/schema.org","@graph":[{"@type":"WebPage","@id":"https:\/\/www.italyfamilyhotels.it\/de\/destinationen\/romagnolische-riviera\/bellaria-igea-marina","url":"https:\/\/www.italyfamilyhotels.it\/de\/destinationen\/romagnolische-riviera\/bellaria-igea-marina","name":"Familienhotels in Bellaria Igea Marina, Urlaub f\u00fcr Familien in Italien","isPartOf":{"@id":"https:\/\/www.italyfamilyhotels.it\/#website"},"datePublished":"2016-04-14T12:50:31+00:00","dateModified":"2022-05-02T14:10:51+00:00","description":"Lust auf Familienurlaub? Wir haben die besten Hotel f\u00fcr Familien in Bellaria Igea Marina, Italien","breadcrumb":{"@id":"https:\/\/www.italyfamilyhotels.it\/de\/destinationen\/romagnolische-riviera\/bellaria-igea-marina#breadcrumb"},"inLanguage":"de","potentialAction":[{"@type":"ReadAction","target":["https:\/\/www.italyfamilyhotels.it\/de\/destinationen\/romagnolische-riviera\/bellaria-igea-marina"]}]},{"@type":"BreadcrumbList","@id":"https:\/\/www.italyfamilyhotels.it\/de\/destinationen\/romagnolische-riviera\/bellaria-igea-marina#breadcrumb","itemListElement":[{"@type":"ListItem","position":1,"name":"Home","item":"https:\/\/www.italyfamilyhotels.it\/de"},{"@type":"ListItem","position":2,"name":"Destinationen","item":"https:\/\/www.italyfamilyhotels.it\/de\/destinationen"},{"@type":"ListItem","position":3,"name":"Adriak\u00fcste der Romagna","item":"https:\/\/www.italyfamilyhotels.it\/de\/destinationen\/romagnolische-riviera"},{"@type":"ListItem","position":4,"name":"Bellaria Igea Marina"}]},{"@type":"WebSite","@id":"https:\/\/www.italyfamilyhotels.it\/#website","url":"https:\/\/www.italyfamilyhotels.it\/","name":"Italy Family Hotels","description":"","potentialAction":[{"@type":"SearchAction","target":{"@type":"EntryPoint","urlTemplate":"https:\/\/www.italyfamilyhotels.it\/?s={search_term_string}"},"query-input":{"@type":"PropertyValueSpecification","valueRequired":true,"valueName":"search_term_string"}}],"inLanguage":"de"}]}},"_links":{"self":[{"href":"https:\/\/www.italyfamilyhotels.it\/de\/wp-json\/wp\/v2\/pages\/1113","targetHints":{"allow":["GET"]}}],"collection":[{"href":"https:\/\/www.italyfamilyhotels.it\/de\/wp-json\/wp\/v2\/pages"}],"about":[{"href":"https:\/\/www.italyfamilyhotels.it\/de\/wp-json\/wp\/v2\/types\/page"}],"author":[{"embeddable":true,"href":"https:\/\/www.italyfamilyhotels.it\/de\/wp-json\/wp\/v2\/users\/2"}],"replies":[{"embeddable":true,"href":"https:\/\/www.italyfamilyhotels.it\/de\/wp-json\/wp\/v2\/comments?post=1113"}],"version-history":[{"count":5,"href":"https:\/\/www.italyfamilyhotels.it\/de\/wp-json\/wp\/v2\/pages\/1113\/revisions"}],"predecessor-version":[{"id":26908,"href":"https:\/\/www.italyfamilyhotels.it\/de\/wp-json\/wp\/v2\/pages\/1113\/revisions\/26908"}],"up":[{"embeddable":true,"href":"https:\/\/www.italyfamilyhotels.it\/de\/wp-json\/wp\/v2\/pages\/1409"}],"wp:attachment":[{"href":"https:\/\/www.italyfamilyhotels.it\/de\/wp-json\/wp\/v2\/media?parent=1113"}],"curies":[{"name":"wp","href":"https:\/\/api.w.org\/{rel}","templated":true}]}}