{"id":1086,"date":"2016-04-14T11:45:37","date_gmt":"2016-04-14T09:45:37","guid":{"rendered":"https:\/\/www.italyfamilyhotels.it\/?page_id=1086"},"modified":"2022-05-02T15:52:09","modified_gmt":"2022-05-02T13:52:09","slug":"senigallia","status":"publish","type":"page","link":"https:\/\/www.italyfamilyhotels.it\/de\/destinationen\/marken\/senigallia","title":{"rendered":"Senigallia"},"content":{"rendered":"\n<p>Der Ruhm von<b> Senigallia<\/b>, ein Adriabad im Norden der Region Marken, basiert auf der <i>Spiaggia di Velluto,<\/i> dem <i>Samtstrand, <\/i>aus besonders feinem Sand, 13 km lang begleitet er das ruhige, saubere Meer, immer wieder erh\u00e4lt er das Umwelt-G\u00fctesiegel Blaue Flagge. Familien f\u00fchlen  sich hier wohl, und auch sportliche Urlauber, die etwa Windsurf oder Wasserkilauf betreiben. Nicht nur Feinschmecker sch\u00e4tzen die K\u00fcche der Marken. Sehenswert sind das Schloss und der F\u00fcrstenpalast aus der Renaissance und die neoklassizistischen Laubeng\u00e4nge <b>Portici Ercolani <\/b><i> <\/i>am Misa-Ufer, auch der Platz <i>Foro<\/i> <i>Annonario<\/i>, wo noch heute der Fisch- und Gem\u00fcsemarkt stattfindet.<\/p>\n","protected":false},"excerpt":{"rendered":"<p>Der Ruhm von Senigallia, ein Adriabad im Norden der Region Marken, basiert auf der Spiaggia di Velluto, dem Samtstrand, aus besonders feinem Sand, 13 km lang begleitet er das ruhige, saubere Meer, immer wieder erh\u00e4lt er das Umwelt-G\u00fctesiegel Blaue Flagge. Familien f\u00fchlen sich hier wohl, und auch sportliche Urlauber, die etwa Windsurf oder Wasserkilauf betreiben. &hellip;<\/p>\n","protected":false},"author":2,"featured_media":0,"parent":49808,"menu_order":0,"comment_status":"closed","ping_status":"closed","template":"page-templates\/scheda_localita.php","meta":{"_acf_changed":false,"inline_featured_image":false,"footnotes":""},"class_list":["post-1086","page","type-page","status-publish","hentry"],"acf":[],"yoast_head":"<!-- This site is optimized with the Yoast SEO plugin v27.1 - https:\/\/yoast.com\/product\/yoast-seo-wordpress\/ -->\n<title>Familienhotels in Senigallia, Urlaub f\u00fcr Familien in Italien<\/title>\n<meta name=\"description\" content=\"Lust auf Familienurlaub? Wir haben die besten Hotel f\u00fcr Familien in Senigallia, Italien\" \/>\n<meta name=\"robots\" content=\"index, follow, max-snippet:-1, max-image-preview:large, max-video-preview:-1\" \/>\n<link rel=\"canonical\" href=\"https:\/\/www.italyfamilyhotels.it\/de\/destinationen\/marken\/senigallia\" \/>\n<meta property=\"og:locale\" content=\"de_DE\" \/>\n<meta property=\"og:type\" content=\"article\" \/>\n<meta property=\"og:title\" content=\"Familienhotels in Senigallia, Urlaub f\u00fcr Familien in Italien\" \/>\n<meta property=\"og:description\" content=\"Lust auf Familienurlaub? Wir haben die besten Hotel f\u00fcr Familien in Senigallia, Italien\" \/>\n<meta property=\"og:url\" content=\"https:\/\/www.italyfamilyhotels.it\/de\/destinationen\/marken\/senigallia\" \/>\n<meta property=\"og:site_name\" content=\"Italy Family Hotels\" \/>\n<meta property=\"article:publisher\" content=\"https:\/\/www.facebook.com\/ItalyFamilyHotels\/\" \/>\n<meta property=\"article:modified_time\" content=\"2022-05-02T13:52:09+00:00\" \/>\n<meta name=\"twitter:card\" content=\"summary_large_image\" \/>\n<meta name=\"twitter:label1\" content=\"Gesch\u00e4tzte Lesezeit\" \/>\n\t<meta name=\"twitter:data1\" content=\"1\u00a0Minute\" \/>\n<script type=\"application\/ld+json\" class=\"yoast-schema-graph\">{\"@context\":\"https:\/\/schema.org\",\"@graph\":[{\"@type\":\"WebPage\",\"@id\":\"https:\/\/www.italyfamilyhotels.it\/de\/destinationen\/marken\/senigallia\",\"url\":\"https:\/\/www.italyfamilyhotels.it\/de\/destinationen\/marken\/senigallia\",\"name\":\"Familienhotels in Senigallia, Urlaub f\u00fcr Familien in Italien\",\"isPartOf\":{\"@id\":\"https:\/\/www.italyfamilyhotels.it\/#website\"},\"datePublished\":\"2016-04-14T09:45:37+00:00\",\"dateModified\":\"2022-05-02T13:52:09+00:00\",\"description\":\"Lust auf Familienurlaub? Wir haben die besten Hotel f\u00fcr Familien in Senigallia, Italien\",\"breadcrumb\":{\"@id\":\"https:\/\/www.italyfamilyhotels.it\/de\/destinationen\/marken\/senigallia#breadcrumb\"},\"inLanguage\":\"de\",\"potentialAction\":[{\"@type\":\"ReadAction\",\"target\":[\"https:\/\/www.italyfamilyhotels.it\/de\/destinationen\/marken\/senigallia\"]}]},{\"@type\":\"BreadcrumbList\",\"@id\":\"https:\/\/www.italyfamilyhotels.it\/de\/destinationen\/marken\/senigallia#breadcrumb\",\"itemListElement\":[{\"@type\":\"ListItem\",\"position\":1,\"name\":\"Home\",\"item\":\"https:\/\/www.italyfamilyhotels.it\/de\"},{\"@type\":\"ListItem\",\"position\":2,\"name\":\"Destinationen\",\"item\":\"https:\/\/www.italyfamilyhotels.it\/de\/destinationen\"},{\"@type\":\"ListItem\",\"position\":3,\"name\":\"Marken\",\"item\":\"https:\/\/www.italyfamilyhotels.it\/de\/destinationen\/marken\"},{\"@type\":\"ListItem\",\"position\":4,\"name\":\"Senigallia\"}]},{\"@type\":\"WebSite\",\"@id\":\"https:\/\/www.italyfamilyhotels.it\/#website\",\"url\":\"https:\/\/www.italyfamilyhotels.it\/\",\"name\":\"Italy Family Hotels\",\"description\":\"\",\"potentialAction\":[{\"@type\":\"SearchAction\",\"target\":{\"@type\":\"EntryPoint\",\"urlTemplate\":\"https:\/\/www.italyfamilyhotels.it\/?s={search_term_string}\"},\"query-input\":{\"@type\":\"PropertyValueSpecification\",\"valueRequired\":true,\"valueName\":\"search_term_string\"}}],\"inLanguage\":\"de\"}]}<\/script>\n<!-- \/ Yoast SEO plugin. -->","yoast_head_json":{"title":"Familienhotels in Senigallia, Urlaub f\u00fcr Familien in Italien","description":"Lust auf Familienurlaub? Wir haben die besten Hotel f\u00fcr Familien in Senigallia, Italien","robots":{"index":"index","follow":"follow","max-snippet":"max-snippet:-1","max-image-preview":"max-image-preview:large","max-video-preview":"max-video-preview:-1"},"canonical":"https:\/\/www.italyfamilyhotels.it\/de\/destinationen\/marken\/senigallia","og_locale":"de_DE","og_type":"article","og_title":"Familienhotels in Senigallia, Urlaub f\u00fcr Familien in Italien","og_description":"Lust auf Familienurlaub? Wir haben die besten Hotel f\u00fcr Familien in Senigallia, Italien","og_url":"https:\/\/www.italyfamilyhotels.it\/de\/destinationen\/marken\/senigallia","og_site_name":"Italy Family Hotels","article_publisher":"https:\/\/www.facebook.com\/ItalyFamilyHotels\/","article_modified_time":"2022-05-02T13:52:09+00:00","twitter_card":"summary_large_image","twitter_misc":{"Gesch\u00e4tzte Lesezeit":"1\u00a0Minute"},"schema":{"@context":"https:\/\/schema.org","@graph":[{"@type":"WebPage","@id":"https:\/\/www.italyfamilyhotels.it\/de\/destinationen\/marken\/senigallia","url":"https:\/\/www.italyfamilyhotels.it\/de\/destinationen\/marken\/senigallia","name":"Familienhotels in Senigallia, Urlaub f\u00fcr Familien in Italien","isPartOf":{"@id":"https:\/\/www.italyfamilyhotels.it\/#website"},"datePublished":"2016-04-14T09:45:37+00:00","dateModified":"2022-05-02T13:52:09+00:00","description":"Lust auf Familienurlaub? Wir haben die besten Hotel f\u00fcr Familien in Senigallia, Italien","breadcrumb":{"@id":"https:\/\/www.italyfamilyhotels.it\/de\/destinationen\/marken\/senigallia#breadcrumb"},"inLanguage":"de","potentialAction":[{"@type":"ReadAction","target":["https:\/\/www.italyfamilyhotels.it\/de\/destinationen\/marken\/senigallia"]}]},{"@type":"BreadcrumbList","@id":"https:\/\/www.italyfamilyhotels.it\/de\/destinationen\/marken\/senigallia#breadcrumb","itemListElement":[{"@type":"ListItem","position":1,"name":"Home","item":"https:\/\/www.italyfamilyhotels.it\/de"},{"@type":"ListItem","position":2,"name":"Destinationen","item":"https:\/\/www.italyfamilyhotels.it\/de\/destinationen"},{"@type":"ListItem","position":3,"name":"Marken","item":"https:\/\/www.italyfamilyhotels.it\/de\/destinationen\/marken"},{"@type":"ListItem","position":4,"name":"Senigallia"}]},{"@type":"WebSite","@id":"https:\/\/www.italyfamilyhotels.it\/#website","url":"https:\/\/www.italyfamilyhotels.it\/","name":"Italy Family Hotels","description":"","potentialAction":[{"@type":"SearchAction","target":{"@type":"EntryPoint","urlTemplate":"https:\/\/www.italyfamilyhotels.it\/?s={search_term_string}"},"query-input":{"@type":"PropertyValueSpecification","valueRequired":true,"valueName":"search_term_string"}}],"inLanguage":"de"}]}},"_links":{"self":[{"href":"https:\/\/www.italyfamilyhotels.it\/de\/wp-json\/wp\/v2\/pages\/1086","targetHints":{"allow":["GET"]}}],"collection":[{"href":"https:\/\/www.italyfamilyhotels.it\/de\/wp-json\/wp\/v2\/pages"}],"about":[{"href":"https:\/\/www.italyfamilyhotels.it\/de\/wp-json\/wp\/v2\/types\/page"}],"author":[{"embeddable":true,"href":"https:\/\/www.italyfamilyhotels.it\/de\/wp-json\/wp\/v2\/users\/2"}],"replies":[{"embeddable":true,"href":"https:\/\/www.italyfamilyhotels.it\/de\/wp-json\/wp\/v2\/comments?post=1086"}],"version-history":[{"count":4,"href":"https:\/\/www.italyfamilyhotels.it\/de\/wp-json\/wp\/v2\/pages\/1086\/revisions"}],"predecessor-version":[{"id":26811,"href":"https:\/\/www.italyfamilyhotels.it\/de\/wp-json\/wp\/v2\/pages\/1086\/revisions\/26811"}],"up":[{"embeddable":true,"href":"https:\/\/www.italyfamilyhotels.it\/de\/wp-json\/wp\/v2\/pages\/49808"}],"wp:attachment":[{"href":"https:\/\/www.italyfamilyhotels.it\/de\/wp-json\/wp\/v2\/media?parent=1086"}],"curies":[{"name":"wp","href":"https:\/\/api.w.org\/{rel}","templated":true}]}}