{"id":1005,"date":"2016-04-13T17:47:33","date_gmt":"2016-04-13T15:47:33","guid":{"rendered":"https:\/\/www.italyfamilyhotels.it\/?page_id=1005"},"modified":"2022-05-02T16:14:03","modified_gmt":"2022-05-02T14:14:03","slug":"pescasseroli","status":"publish","type":"page","link":"https:\/\/www.italyfamilyhotels.it\/de\/destinationen\/abruzzo-bergwelt\/pescasseroli","title":{"rendered":"Pescasseroli"},"content":{"rendered":"\n<p>In einer Talsenke auf 1167 m H\u00f6he, umgeben von Viehweiden, alten W\u00e4ldern und beeindruckenden Bergen liegt <b>Pescasseroli,<\/b> mit gut 2.000 Einwohnern die &#8220;Hauptstadt&#8221; des <b>Nationalparks Abruzzen, Latium und Molise<\/b>. Als \u00e4ltester Nationalpark der Apenninen hat dieser entscheidend zum \u00dcberleben der einheimischen Braunb\u00e4ren und W\u00f6lfe beigetragen. Damit ist klar, dass Pescasseroli ein vor allem f\u00fcr  Naturfreunde interessantes Urlaubsziel ist, Knotenpunkt eines Netzes von Wanderwegen durch die faszinierende Landschaft und auch f\u00fcr Reiter und Radfahrer attraktiv. Im Winter  erschlie\u00dfen 5 Aufstiegsanlagen 20 Kilometer Skipisten.<\/p>\n","protected":false},"excerpt":{"rendered":"<p>In einer Talsenke auf 1167 m H\u00f6he, umgeben von Viehweiden, alten W\u00e4ldern und beeindruckenden Bergen liegt Pescasseroli, mit gut 2.000 Einwohnern die &#8220;Hauptstadt&#8221; des Nationalparks Abruzzen, Latium und Molise. Als \u00e4ltester Nationalpark der Apenninen hat dieser entscheidend zum \u00dcberleben der einheimischen Braunb\u00e4ren und W\u00f6lfe beigetragen. Damit ist klar, dass Pescasseroli ein vor allem f\u00fcr Naturfreunde &hellip;<\/p>\n","protected":false},"author":2,"featured_media":0,"parent":1552,"menu_order":0,"comment_status":"closed","ping_status":"closed","template":"page-templates\/scheda_localita.php","meta":{"_acf_changed":false,"inline_featured_image":false,"footnotes":""},"class_list":["post-1005","page","type-page","status-publish","hentry"],"acf":[],"yoast_head":"<!-- This site is optimized with the Yoast SEO plugin v27.1 - https:\/\/yoast.com\/product\/yoast-seo-wordpress\/ -->\n<title>Familienhotels in Pescasseroli, Urlaub f\u00fcr Familien in Italien<\/title>\n<meta name=\"description\" content=\"Lust auf Familienurlaub? Wir haben die besten Hotel f\u00fcr Familien in Pescasseroli, Italien\" \/>\n<meta name=\"robots\" content=\"index, follow, max-snippet:-1, max-image-preview:large, max-video-preview:-1\" \/>\n<link rel=\"canonical\" href=\"https:\/\/www.italyfamilyhotels.it\/de\/destinationen\/abruzzo-bergwelt\/pescasseroli\" \/>\n<meta property=\"og:locale\" content=\"de_DE\" \/>\n<meta property=\"og:type\" content=\"article\" \/>\n<meta property=\"og:title\" content=\"Familienhotels in Pescasseroli, Urlaub f\u00fcr Familien in Italien\" \/>\n<meta property=\"og:description\" content=\"Lust auf Familienurlaub? Wir haben die besten Hotel f\u00fcr Familien in Pescasseroli, Italien\" \/>\n<meta property=\"og:url\" content=\"https:\/\/www.italyfamilyhotels.it\/de\/destinationen\/abruzzo-bergwelt\/pescasseroli\" \/>\n<meta property=\"og:site_name\" content=\"Italy Family Hotels\" \/>\n<meta property=\"article:publisher\" content=\"https:\/\/www.facebook.com\/ItalyFamilyHotels\/\" \/>\n<meta property=\"article:modified_time\" content=\"2022-05-02T14:14:03+00:00\" \/>\n<meta name=\"twitter:card\" content=\"summary_large_image\" \/>\n<meta name=\"twitter:label1\" content=\"Gesch\u00e4tzte Lesezeit\" \/>\n\t<meta name=\"twitter:data1\" content=\"1\u00a0Minute\" \/>\n<script type=\"application\/ld+json\" class=\"yoast-schema-graph\">{\"@context\":\"https:\/\/schema.org\",\"@graph\":[{\"@type\":\"WebPage\",\"@id\":\"https:\/\/www.italyfamilyhotels.it\/de\/destinationen\/abruzzo-bergwelt\/pescasseroli\",\"url\":\"https:\/\/www.italyfamilyhotels.it\/de\/destinationen\/abruzzo-bergwelt\/pescasseroli\",\"name\":\"Familienhotels in Pescasseroli, Urlaub f\u00fcr Familien in Italien\",\"isPartOf\":{\"@id\":\"https:\/\/www.italyfamilyhotels.it\/#website\"},\"datePublished\":\"2016-04-13T15:47:33+00:00\",\"dateModified\":\"2022-05-02T14:14:03+00:00\",\"description\":\"Lust auf Familienurlaub? Wir haben die besten Hotel f\u00fcr Familien in Pescasseroli, Italien\",\"breadcrumb\":{\"@id\":\"https:\/\/www.italyfamilyhotels.it\/de\/destinationen\/abruzzo-bergwelt\/pescasseroli#breadcrumb\"},\"inLanguage\":\"de\",\"potentialAction\":[{\"@type\":\"ReadAction\",\"target\":[\"https:\/\/www.italyfamilyhotels.it\/de\/destinationen\/abruzzo-bergwelt\/pescasseroli\"]}]},{\"@type\":\"BreadcrumbList\",\"@id\":\"https:\/\/www.italyfamilyhotels.it\/de\/destinationen\/abruzzo-bergwelt\/pescasseroli#breadcrumb\",\"itemListElement\":[{\"@type\":\"ListItem\",\"position\":1,\"name\":\"Home\",\"item\":\"https:\/\/www.italyfamilyhotels.it\/de\"},{\"@type\":\"ListItem\",\"position\":2,\"name\":\"Destinationen\",\"item\":\"https:\/\/www.italyfamilyhotels.it\/de\/destinationen\"},{\"@type\":\"ListItem\",\"position\":3,\"name\":\"Abruzzen\",\"item\":\"https:\/\/www.italyfamilyhotels.it\/de\/destinationen\/abruzzo-bergwelt\"},{\"@type\":\"ListItem\",\"position\":4,\"name\":\"Pescasseroli\"}]},{\"@type\":\"WebSite\",\"@id\":\"https:\/\/www.italyfamilyhotels.it\/#website\",\"url\":\"https:\/\/www.italyfamilyhotels.it\/\",\"name\":\"Italy Family Hotels\",\"description\":\"\",\"potentialAction\":[{\"@type\":\"SearchAction\",\"target\":{\"@type\":\"EntryPoint\",\"urlTemplate\":\"https:\/\/www.italyfamilyhotels.it\/?s={search_term_string}\"},\"query-input\":{\"@type\":\"PropertyValueSpecification\",\"valueRequired\":true,\"valueName\":\"search_term_string\"}}],\"inLanguage\":\"de\"}]}<\/script>\n<!-- \/ Yoast SEO plugin. -->","yoast_head_json":{"title":"Familienhotels in Pescasseroli, Urlaub f\u00fcr Familien in Italien","description":"Lust auf Familienurlaub? Wir haben die besten Hotel f\u00fcr Familien in Pescasseroli, Italien","robots":{"index":"index","follow":"follow","max-snippet":"max-snippet:-1","max-image-preview":"max-image-preview:large","max-video-preview":"max-video-preview:-1"},"canonical":"https:\/\/www.italyfamilyhotels.it\/de\/destinationen\/abruzzo-bergwelt\/pescasseroli","og_locale":"de_DE","og_type":"article","og_title":"Familienhotels in Pescasseroli, Urlaub f\u00fcr Familien in Italien","og_description":"Lust auf Familienurlaub? Wir haben die besten Hotel f\u00fcr Familien in Pescasseroli, Italien","og_url":"https:\/\/www.italyfamilyhotels.it\/de\/destinationen\/abruzzo-bergwelt\/pescasseroli","og_site_name":"Italy Family Hotels","article_publisher":"https:\/\/www.facebook.com\/ItalyFamilyHotels\/","article_modified_time":"2022-05-02T14:14:03+00:00","twitter_card":"summary_large_image","twitter_misc":{"Gesch\u00e4tzte Lesezeit":"1\u00a0Minute"},"schema":{"@context":"https:\/\/schema.org","@graph":[{"@type":"WebPage","@id":"https:\/\/www.italyfamilyhotels.it\/de\/destinationen\/abruzzo-bergwelt\/pescasseroli","url":"https:\/\/www.italyfamilyhotels.it\/de\/destinationen\/abruzzo-bergwelt\/pescasseroli","name":"Familienhotels in Pescasseroli, Urlaub f\u00fcr Familien in Italien","isPartOf":{"@id":"https:\/\/www.italyfamilyhotels.it\/#website"},"datePublished":"2016-04-13T15:47:33+00:00","dateModified":"2022-05-02T14:14:03+00:00","description":"Lust auf Familienurlaub? Wir haben die besten Hotel f\u00fcr Familien in Pescasseroli, Italien","breadcrumb":{"@id":"https:\/\/www.italyfamilyhotels.it\/de\/destinationen\/abruzzo-bergwelt\/pescasseroli#breadcrumb"},"inLanguage":"de","potentialAction":[{"@type":"ReadAction","target":["https:\/\/www.italyfamilyhotels.it\/de\/destinationen\/abruzzo-bergwelt\/pescasseroli"]}]},{"@type":"BreadcrumbList","@id":"https:\/\/www.italyfamilyhotels.it\/de\/destinationen\/abruzzo-bergwelt\/pescasseroli#breadcrumb","itemListElement":[{"@type":"ListItem","position":1,"name":"Home","item":"https:\/\/www.italyfamilyhotels.it\/de"},{"@type":"ListItem","position":2,"name":"Destinationen","item":"https:\/\/www.italyfamilyhotels.it\/de\/destinationen"},{"@type":"ListItem","position":3,"name":"Abruzzen","item":"https:\/\/www.italyfamilyhotels.it\/de\/destinationen\/abruzzo-bergwelt"},{"@type":"ListItem","position":4,"name":"Pescasseroli"}]},{"@type":"WebSite","@id":"https:\/\/www.italyfamilyhotels.it\/#website","url":"https:\/\/www.italyfamilyhotels.it\/","name":"Italy Family Hotels","description":"","potentialAction":[{"@type":"SearchAction","target":{"@type":"EntryPoint","urlTemplate":"https:\/\/www.italyfamilyhotels.it\/?s={search_term_string}"},"query-input":{"@type":"PropertyValueSpecification","valueRequired":true,"valueName":"search_term_string"}}],"inLanguage":"de"}]}},"_links":{"self":[{"href":"https:\/\/www.italyfamilyhotels.it\/de\/wp-json\/wp\/v2\/pages\/1005","targetHints":{"allow":["GET"]}}],"collection":[{"href":"https:\/\/www.italyfamilyhotels.it\/de\/wp-json\/wp\/v2\/pages"}],"about":[{"href":"https:\/\/www.italyfamilyhotels.it\/de\/wp-json\/wp\/v2\/types\/page"}],"author":[{"embeddable":true,"href":"https:\/\/www.italyfamilyhotels.it\/de\/wp-json\/wp\/v2\/users\/2"}],"replies":[{"embeddable":true,"href":"https:\/\/www.italyfamilyhotels.it\/de\/wp-json\/wp\/v2\/comments?post=1005"}],"version-history":[{"count":4,"href":"https:\/\/www.italyfamilyhotels.it\/de\/wp-json\/wp\/v2\/pages\/1005\/revisions"}],"predecessor-version":[{"id":26915,"href":"https:\/\/www.italyfamilyhotels.it\/de\/wp-json\/wp\/v2\/pages\/1005\/revisions\/26915"}],"up":[{"embeddable":true,"href":"https:\/\/www.italyfamilyhotels.it\/de\/wp-json\/wp\/v2\/pages\/1552"}],"wp:attachment":[{"href":"https:\/\/www.italyfamilyhotels.it\/de\/wp-json\/wp\/v2\/media?parent=1005"}],"curies":[{"name":"wp","href":"https:\/\/api.w.org\/{rel}","templated":true}]}}