{"id":121,"date":"2013-11-04T09:35:59","date_gmt":"2013-11-04T08:35:59","guid":{"rendered":"http:\/\/www.italyfamilyhotels.it\/blog\/?page_id=121"},"modified":"2022-04-08T10:46:51","modified_gmt":"2022-04-08T08:46:51","slug":"le-mamme-papa-blogger","status":"publish","type":"page","link":"https:\/\/www.italyfamilyhotels.it\/blog\/le-mamme-papa-blogger","title":{"rendered":"Le mamme (e pap\u00e0) blogger"},"content":{"rendered":"<p>Eccoci qui. Ci presentiamo. Siamo tutti blogger accomunati dalla passione per la scrittura. Ma soprattutto, dalla voglia di viaggiare assieme ai nostri bambini. E poi raccontare le nostre esperienze. Quante cose si imparano in vacanza con loro! Vuoi qualche dritta su cosa fare e dove andare in vacanza in Italia con i tuoi bimbi? Allora seguici!!<\/p>\n<h2>Cristina Romeo<\/h2>\n<p style=\"float: left; padding: 6px 30px 0 0;\"><img decoding=\"async\" class=\"alignnone size-full wp-image-122\" src=\"https:\/\/www.italyfamilyhotels.it\/blog\/wp-content\/uploads\/2013\/11\/foto-cristina-romeo.jpg\" alt=\"cristina romeo\" width=\"170\" srcset=\"https:\/\/www.italyfamilyhotels.it\/blog\/wp-content\/uploads\/2013\/11\/foto-cristina-romeo.jpg 200w, https:\/\/www.italyfamilyhotels.it\/blog\/wp-content\/uploads\/2013\/11\/foto-cristina-romeo-160x160.jpg 160w, https:\/\/www.italyfamilyhotels.it\/blog\/wp-content\/uploads\/2013\/11\/foto-cristina-romeo-150x150.jpg 150w, https:\/\/www.italyfamilyhotels.it\/blog\/wp-content\/uploads\/2013\/11\/foto-cristina-romeo-120x120.jpg 120w\" sizes=\"(max-width: 200px) 100vw, 200px\" \/><\/p>\n<p>Fiorentina DOC, curiosa di natura e multitasking per necessit\u00e0, sono moglie e mamma di una piccola birbante di tre anni a cui spero di trasmettere la passione per i viaggi e per la nostra bella Toscana.<\/p>\n<p>Potete seguirmi anche su MammeaFirenze.it.<\/p>\n<p>Questi i miei profili social:<\/p>\n<ul>\n<li>Blog: <a title=\"Mamme a Firenze\" href=\"http:\/\/www.mammeafirenze.it\/\" target=\"_blank\" rel=\"noopener noreferrer\">http:\/\/www.mammeafirenze.it\/<\/a><\/li>\n<li>Facebook: <a title=\"Facebook\" href=\"https:\/\/www.facebook.com\/CristinaRomeo\" target=\"_blank\" rel=\"noopener noreferrer\">https:\/\/www.facebook.com\/CristinaRomeo<\/a><\/li>\n<li>Twitter: <a title=\"Twitter\" href=\"https:\/\/twitter.com\/CristinaRomeo\" target=\"_blank\" rel=\"noopener noreferrer\">https:\/\/twitter.com\/CristinaRomeo<\/a><\/li>\n<li>Google Plus: <a title=\"Google Plus\" href=\"https:\/\/plus.google.com\/u\/0\/110541841615429742946\/posts\" target=\"_blank\" rel=\"noopener noreferrer\">https:\/\/plus.google.com\/u\/0\/110541841615429742946\/posts<\/a><\/li>\n<\/ul>\n<div style=\"clear: both;\"><\/div>\n<h2>Francesca Taioli<\/h2>\n<p style=\"float: left; padding: 6px 30px 0 0;\"><img decoding=\"async\" class=\"alignnone size-medium wp-image-123\" src=\"https:\/\/www.italyfamilyhotels.it\/blog\/wp-content\/uploads\/2013\/11\/Francesca-Patatofriendly-225x300.jpg\" alt=\"Francesca Patatofriendly\" width=\"170\" srcset=\"https:\/\/www.italyfamilyhotels.it\/blog\/wp-content\/uploads\/2013\/11\/Francesca-Patatofriendly-225x300.jpg 225w, https:\/\/www.italyfamilyhotels.it\/blog\/wp-content\/uploads\/2013\/11\/Francesca-Patatofriendly-768x1024.jpg 768w, https:\/\/www.italyfamilyhotels.it\/blog\/wp-content\/uploads\/2013\/11\/Francesca-Patatofriendly-1152x1536.jpg 1152w, https:\/\/www.italyfamilyhotels.it\/blog\/wp-content\/uploads\/2013\/11\/Francesca-Patatofriendly-1536x2048.jpg 1536w, https:\/\/www.italyfamilyhotels.it\/blog\/wp-content\/uploads\/2013\/11\/Francesca-Patatofriendly-330x440.jpg 330w, https:\/\/www.italyfamilyhotels.it\/blog\/wp-content\/uploads\/2013\/11\/Francesca-Patatofriendly-scaled.jpg 1920w\" sizes=\"(max-width: 225px) 100vw, 225px\" \/><\/p>\n<p>Brianzola, con la passione per le Langhe e un pezzettino di cuore lasciato in quel di Bergamo, amo viaggiare e condividere questa passione con mio figlio.<br \/>\nMamma di un Patato che sta crescendo in fretta, sono convinta che i viaggi aiutino a crescere e sono certa di aver imparato a farlo leggendo. Per questo ora che sono mamma continuo a viaggiare e leggere, scrivendo i miei racconti di viaggio sul mio blog <a title=\"www.patatofriendly.com\" href=\"http:\/\/www.patatofriendly.com\" target=\"_blank\" rel=\"noopener noreferrer\">www.patatofriendly.com<\/a> e anche in forma di fiabe per l\u2019infanzia.<\/p>\n<p>&nbsp;<\/p>\n<ul>\n<li>Blog: <a title=\"PatatoFriendly\" href=\"http:\/\/www.patatofriendly.com\" target=\"_blank\" rel=\"noopener noreferrer\">www.patatofriendly.com<\/a><\/li>\n<li>Twitter: <a href=\"https:\/\/twitter.com\/patatofriendly\" target=\"_blank\" rel=\"noopener noreferrer\">@Patatofriendly<\/a><\/li>\n<li>Facebook fan page: <a href=\"https:\/\/www.facebook.com\/pages\/Patatofriendly\/618569974835758\" target=\"_blank\" rel=\"noopener noreferrer\">Patatofriendly<\/a><\/li>\n<li>Instagram: <a href=\"http:\/\/instagram.com\/patatofriendly\" target=\"_blank\" rel=\"noopener noreferrer\">Patatofriendly<\/a><\/li>\n<li><a href=\"https:\/\/plus.google.com\/u\/0\/108210364704964633424\/\" target=\"_blank\" rel=\"noopener noreferrer\">Google Plus<\/a><\/li>\n<li>Pinterest: <a href=\"http:\/\/www.pinterest.com\/fpatatofriendly\/\" target=\"_blank\" rel=\"noopener noreferrer\">fpatatofriendly<\/a><\/li>\n<\/ul>\n<div style=\"clear: both;\"><\/div>\n<h2>Valentina Gattei<\/h2>\n<p style=\"float: left; padding: 6px 30px 0 0;\"><img decoding=\"async\" class=\"alignnone size-medium wp-image-125\" src=\"https:\/\/www.italyfamilyhotels.it\/blog\/wp-content\/uploads\/2013\/11\/VALENTINA-G.-300x300.jpg\" alt=\"VALENTINA Gattei\" width=\"170\" srcset=\"https:\/\/www.italyfamilyhotels.it\/blog\/wp-content\/uploads\/2013\/11\/VALENTINA-G.-300x300.jpg 300w, https:\/\/www.italyfamilyhotels.it\/blog\/wp-content\/uploads\/2013\/11\/VALENTINA-G.-160x160.jpg 160w, https:\/\/www.italyfamilyhotels.it\/blog\/wp-content\/uploads\/2013\/11\/VALENTINA-G.-150x150.jpg 150w, https:\/\/www.italyfamilyhotels.it\/blog\/wp-content\/uploads\/2013\/11\/VALENTINA-G.-120x120.jpg 120w, https:\/\/www.italyfamilyhotels.it\/blog\/wp-content\/uploads\/2013\/11\/VALENTINA-G..jpg 500w\" sizes=\"(max-width: 300px) 100vw, 300px\" \/><\/p>\n<p>Equilibrista di mestiere. Perch\u00e8, come quasi tutte le donne, vivo alla perenne ricerca di un incastro (im)perfetto tra il lavoro, la famiglia, la casa e i miei sogni nel cassetto. Due li realizzo di tanto in tanto: viaggiare e scrivere. Come riesco a fare tutto? Non faccio niente bene, ma lo faccio con il cuore in mano. A qualcuno comunque piace.<\/p>\n<p>Mi trovate su:<\/p>\n<ul>\n<li>Nessun Dorme <a href=\"http:\/\/www.nessundorme.it\/\" target=\"_blank\" rel=\"noopener noreferrer\">http:\/\/www.nessundorme.it\/<\/a><\/li>\n<li>Twitter @Valuita <a href=\"https:\/\/twitter.com\/Valuita\" target=\"_blank\" rel=\"noopener noreferrer\">https:\/\/twitter.com\/Valuita<\/a><\/li>\n<li>Facebook <a href=\"https:\/\/www.facebook.com\/valentina.gattei\" target=\"_blank\" rel=\"noopener noreferrer\">https:\/\/www.facebook.com\/valentina.gattei<\/a><\/li>\n<li>Instangram <a href=\"http:\/\/instagram.com\/Valuita\" target=\"_blank\" rel=\"noopener noreferrer\">http:\/\/instagram.com\/Valuita#<\/a><\/li>\n<li>Google Plus <a href=\"https:\/\/plus.google.com\/u\/0\/111509841479667176932\/posts\/p\/pub\" target=\"_blank\" rel=\"noopener noreferrer\">https:\/\/plus.google.com\/u\/0\/111509841479667176932\/posts\/p\/pub<\/a><\/li>\n<li>Pinterest <a href=\"http:\/\/www.pinterest.com\/valuita\/\" target=\"_blank\" rel=\"noopener noreferrer\">http:\/\/www.pinterest.com\/valuita\/<\/a><\/li>\n<li>Linkedin <a href=\"http:\/\/www.linkedin.com\/pub\/valentina-gattei\/1b\/95b\/ba4\" target=\"_blank\" rel=\"noopener noreferrer\">http:\/\/www.linkedin.com\/pub\/valentina-gattei\/1b\/95b\/ba4<\/a><\/li>\n<\/ul>\n<div style=\"clear: both;\"><\/div>\n<h2>Sara Mezzaluna e Sara Francesca Moschen<\/h2>\n<p style=\"float: left; padding: 6px 30px 0 0;\"><img decoding=\"async\" class=\"alignnone size-full wp-image-1855\" src=\"https:\/\/www.italyfamilyhotels.it\/blog\/wp-content\/uploads\/2013\/11\/arkidslab.png\" alt=\"Arkids Lab\" width=\"170\" srcset=\"https:\/\/www.italyfamilyhotels.it\/blog\/wp-content\/uploads\/2013\/11\/arkidslab.png 300w, https:\/\/www.italyfamilyhotels.it\/blog\/wp-content\/uploads\/2013\/11\/arkidslab-160x160.png 160w, https:\/\/www.italyfamilyhotels.it\/blog\/wp-content\/uploads\/2013\/11\/arkidslab-150x150.png 150w, https:\/\/www.italyfamilyhotels.it\/blog\/wp-content\/uploads\/2013\/11\/arkidslab-120x120.png 120w\" sizes=\"(max-width: 300px) 100vw, 300px\" \/><\/p>\n<p>Dopo aver dato alla luce due splendidi bimbi, avendo alle spalle varie esperienze lavorative all\u2019interno di studi di architettura, abbiamo deciso di investire sul futuro con un\u2019attivit\u00e0 nostra e inventarci un modo nuovo di svolgere la professione di architetti; cos\u00ec, circa un anno fa \u00e8 nato Arkidslab, studio di progettazione e laboratorio creativo di idee e design rivolto al mondo dell&#8217;infanzia.<br \/>\nLe nostre ideazioni prendono forma dal desiderio di creare un \u201cmondo\u201d a misura di bambino e che assecondi il suo bisogno naturale di giocare e di scoprire e stimoli la sua creativit\u00e0. Per questo motivo puntiamo a fornire soluzioni personalizzate grazie alla collaborazione con validi artigiani.<\/p>\n<p>Ci trovate su:<\/p>\n<ul>\n<li>Arkids Lab <a href=\"https:\/\/arkidslab.wordpress.com\/\" target=\"_blank\" rel=\"noopener noreferrer\">https:\/\/arkidslab.wordpress.com\/<\/a><\/li>\n<li>Facebook <a href=\"https:\/\/www.facebook.com\/arkidslab.saraesara\" target=\"_blank\" rel=\"noopener noreferrer\">https:\/\/www.facebook.com\/arkidslab.saraesara<\/a><\/li>\n<li>Instangram <a href=\"https:\/\/www.instagram.com\/arkidslab\/\" target=\"_blank\" rel=\"noopener noreferrer\">https:\/\/www.instagram.com\/arkidslab\/<\/a><\/li>\n<li>Pinterest <a href=\"https:\/\/www.instagram.com\/arkidslab\/\" target=\"_blank\" rel=\"noopener noreferrer\">https:\/\/www.instagram.com\/arkidslab\/<\/a><\/li>\n<\/ul>\n<div style=\"clear: both;\"><\/div>\n<h2>Viviana Andriani<\/h2>\n<p style=\"float: left; padding: 6px 30px 0 0;\"><img decoding=\"async\" class=\"alignnone size-full wp-image-260\" src=\"https:\/\/www.italyfamilyhotels.it\/blog\/wp-content\/uploads\/2013\/11\/viviana-andriani.jpg\" alt=\"viviana andriani\" width=\"170\" srcset=\"https:\/\/www.italyfamilyhotels.it\/blog\/wp-content\/uploads\/2013\/11\/viviana-andriani.jpg 298w, https:\/\/www.italyfamilyhotels.it\/blog\/wp-content\/uploads\/2013\/11\/viviana-andriani-160x160.jpg 160w, https:\/\/www.italyfamilyhotels.it\/blog\/wp-content\/uploads\/2013\/11\/viviana-andriani-150x150.jpg 150w, https:\/\/www.italyfamilyhotels.it\/blog\/wp-content\/uploads\/2013\/11\/viviana-andriani-120x120.jpg 120w\" sizes=\"(max-width: 298px) 100vw, 298px\" \/><\/p>\n<p>Buongiorno a tutti, mi presento. Sono mamma di due bimbe, copy per vari consorzi turistico-alberghieri come, ad esempio, Italy Family Hotels e appassionata di viaggi.<br \/>\nHo iniziato a scrivere fin da piccola, tenendo corrispondenze epistolari con amichette che vivevano anche solo a 10 km da casa!! \ud83d\ude1b<br \/>\nQuando ho dubbi o curiosit\u00e0 su mete di vacanza con le mie figlie, trovo a volte addirittura indispensabile leggere i pareri di chi trova nella mia stessa barca e parla per esperienza personale e non per sentito dire.<br \/>\nCondividere esperienze, specie se comuni, \u00e8 sempre una forma di arricchimento.<br \/>\nA questo proposito, prendo a prestito una citazione dello scrittore Jim Rohn :\u201cCondividere ti rende pi\u00f9 grande di quello che sei. Pi\u00f9 dai agli altri, pi\u00f9 vita sei in grado di ricevere.\u201d<\/p>\n","protected":false},"excerpt":{"rendered":"<p>Eccoci qui. Ci presentiamo. Siamo tutti blogger accomunati dalla passione per la scrittura. Ma soprattutto, dalla voglia di viaggiare assieme &hellip;<\/p>\n","protected":false},"author":9,"featured_media":0,"parent":0,"menu_order":0,"comment_status":"open","ping_status":"open","template":"","meta":{"_acf_changed":false,"footnotes":""},"class_list":["post-121","page","type-page","status-publish","hentry"],"acf":[],"yoast_head":"<!-- This site is optimized with the Yoast SEO plugin v27.1 - https:\/\/yoast.com\/product\/yoast-seo-wordpress\/ -->\n<title>Le mamme (e pap\u00e0) blogger<\/title>\n<meta name=\"robots\" content=\"index, follow, max-snippet:-1, max-image-preview:large, max-video-preview:-1\" \/>\n<link rel=\"canonical\" href=\"https:\/\/www.italyfamilyhotels.it\/blog\/le-mamme-papa-blogger\" \/>\n<meta property=\"og:locale\" content=\"it_IT\" \/>\n<meta property=\"og:type\" content=\"article\" \/>\n<meta property=\"og:title\" content=\"Le mamme (e pap\u00e0) blogger\" \/>\n<meta property=\"og:description\" content=\"Eccoci qui. Ci presentiamo. Siamo tutti blogger accomunati dalla passione per la scrittura. Ma soprattutto, dalla voglia di viaggiare assieme &hellip;\" \/>\n<meta property=\"og:url\" content=\"https:\/\/www.italyfamilyhotels.it\/blog\/le-mamme-papa-blogger\" \/>\n<meta property=\"og:site_name\" content=\"Family Travel Blog\" \/>\n<meta property=\"article:modified_time\" content=\"2022-04-08T08:46:51+00:00\" \/>\n<meta property=\"og:image\" content=\"https:\/\/www.italyfamilyhotels.it\/blog\/wp-content\/uploads\/2013\/11\/foto-cristina-romeo.jpg\" \/>\n<meta name=\"twitter:label1\" content=\"Tempo di lettura stimato\" \/>\n\t<meta name=\"twitter:data1\" content=\"4 minuti\" \/>\n<script type=\"application\/ld+json\" class=\"yoast-schema-graph\">{\"@context\":\"https:\/\/schema.org\",\"@graph\":[{\"@type\":\"WebPage\",\"@id\":\"https:\/\/www.italyfamilyhotels.it\/blog\/le-mamme-papa-blogger\",\"url\":\"https:\/\/www.italyfamilyhotels.it\/blog\/le-mamme-papa-blogger\",\"name\":\"Le mamme (e pap\u00e0) blogger\",\"isPartOf\":{\"@id\":\"https:\/\/www.italyfamilyhotels.it\/blog\/#website\"},\"primaryImageOfPage\":{\"@id\":\"https:\/\/www.italyfamilyhotels.it\/blog\/le-mamme-papa-blogger#primaryimage\"},\"image\":{\"@id\":\"https:\/\/www.italyfamilyhotels.it\/blog\/le-mamme-papa-blogger#primaryimage\"},\"thumbnailUrl\":\"https:\/\/www.italyfamilyhotels.it\/blog\/wp-content\/uploads\/2013\/11\/foto-cristina-romeo.jpg\",\"datePublished\":\"2013-11-04T08:35:59+00:00\",\"dateModified\":\"2022-04-08T08:46:51+00:00\",\"breadcrumb\":{\"@id\":\"https:\/\/www.italyfamilyhotels.it\/blog\/le-mamme-papa-blogger#breadcrumb\"},\"inLanguage\":\"it-IT\",\"potentialAction\":[{\"@type\":\"ReadAction\",\"target\":[\"https:\/\/www.italyfamilyhotels.it\/blog\/le-mamme-papa-blogger\"]}]},{\"@type\":\"ImageObject\",\"inLanguage\":\"it-IT\",\"@id\":\"https:\/\/www.italyfamilyhotels.it\/blog\/le-mamme-papa-blogger#primaryimage\",\"url\":\"https:\/\/www.italyfamilyhotels.it\/blog\/wp-content\/uploads\/2013\/11\/foto-cristina-romeo.jpg\",\"contentUrl\":\"https:\/\/www.italyfamilyhotels.it\/blog\/wp-content\/uploads\/2013\/11\/foto-cristina-romeo.jpg\",\"width\":200,\"height\":200},{\"@type\":\"BreadcrumbList\",\"@id\":\"https:\/\/www.italyfamilyhotels.it\/blog\/le-mamme-papa-blogger#breadcrumb\",\"itemListElement\":[{\"@type\":\"ListItem\",\"position\":1,\"name\":\"Home\",\"item\":\"https:\/\/www.italyfamilyhotels.it\/blog\"},{\"@type\":\"ListItem\",\"position\":2,\"name\":\"Le mamme (e pap\u00e0) blogger\"}]},{\"@type\":\"WebSite\",\"@id\":\"https:\/\/www.italyfamilyhotels.it\/blog\/#website\",\"url\":\"https:\/\/www.italyfamilyhotels.it\/blog\/\",\"name\":\"Family Travel Blog\",\"description\":\"Italy Family Hotels\",\"potentialAction\":[{\"@type\":\"SearchAction\",\"target\":{\"@type\":\"EntryPoint\",\"urlTemplate\":\"https:\/\/www.italyfamilyhotels.it\/blog\/?s={search_term_string}\"},\"query-input\":{\"@type\":\"PropertyValueSpecification\",\"valueRequired\":true,\"valueName\":\"search_term_string\"}}],\"inLanguage\":\"it-IT\"}]}<\/script>\n<!-- \/ Yoast SEO plugin. -->","yoast_head_json":{"title":"Le mamme (e pap\u00e0) blogger","robots":{"index":"index","follow":"follow","max-snippet":"max-snippet:-1","max-image-preview":"max-image-preview:large","max-video-preview":"max-video-preview:-1"},"canonical":"https:\/\/www.italyfamilyhotels.it\/blog\/le-mamme-papa-blogger","og_locale":"it_IT","og_type":"article","og_title":"Le mamme (e pap\u00e0) blogger","og_description":"Eccoci qui. Ci presentiamo. Siamo tutti blogger accomunati dalla passione per la scrittura. Ma soprattutto, dalla voglia di viaggiare assieme &hellip;","og_url":"https:\/\/www.italyfamilyhotels.it\/blog\/le-mamme-papa-blogger","og_site_name":"Family Travel Blog","article_modified_time":"2022-04-08T08:46:51+00:00","og_image":[{"url":"https:\/\/www.italyfamilyhotels.it\/blog\/wp-content\/uploads\/2013\/11\/foto-cristina-romeo.jpg","type":"","width":"","height":""}],"twitter_misc":{"Tempo di lettura stimato":"4 minuti"},"schema":{"@context":"https:\/\/schema.org","@graph":[{"@type":"WebPage","@id":"https:\/\/www.italyfamilyhotels.it\/blog\/le-mamme-papa-blogger","url":"https:\/\/www.italyfamilyhotels.it\/blog\/le-mamme-papa-blogger","name":"Le mamme (e pap\u00e0) blogger","isPartOf":{"@id":"https:\/\/www.italyfamilyhotels.it\/blog\/#website"},"primaryImageOfPage":{"@id":"https:\/\/www.italyfamilyhotels.it\/blog\/le-mamme-papa-blogger#primaryimage"},"image":{"@id":"https:\/\/www.italyfamilyhotels.it\/blog\/le-mamme-papa-blogger#primaryimage"},"thumbnailUrl":"https:\/\/www.italyfamilyhotels.it\/blog\/wp-content\/uploads\/2013\/11\/foto-cristina-romeo.jpg","datePublished":"2013-11-04T08:35:59+00:00","dateModified":"2022-04-08T08:46:51+00:00","breadcrumb":{"@id":"https:\/\/www.italyfamilyhotels.it\/blog\/le-mamme-papa-blogger#breadcrumb"},"inLanguage":"it-IT","potentialAction":[{"@type":"ReadAction","target":["https:\/\/www.italyfamilyhotels.it\/blog\/le-mamme-papa-blogger"]}]},{"@type":"ImageObject","inLanguage":"it-IT","@id":"https:\/\/www.italyfamilyhotels.it\/blog\/le-mamme-papa-blogger#primaryimage","url":"https:\/\/www.italyfamilyhotels.it\/blog\/wp-content\/uploads\/2013\/11\/foto-cristina-romeo.jpg","contentUrl":"https:\/\/www.italyfamilyhotels.it\/blog\/wp-content\/uploads\/2013\/11\/foto-cristina-romeo.jpg","width":200,"height":200},{"@type":"BreadcrumbList","@id":"https:\/\/www.italyfamilyhotels.it\/blog\/le-mamme-papa-blogger#breadcrumb","itemListElement":[{"@type":"ListItem","position":1,"name":"Home","item":"https:\/\/www.italyfamilyhotels.it\/blog"},{"@type":"ListItem","position":2,"name":"Le mamme (e pap\u00e0) blogger"}]},{"@type":"WebSite","@id":"https:\/\/www.italyfamilyhotels.it\/blog\/#website","url":"https:\/\/www.italyfamilyhotels.it\/blog\/","name":"Family Travel Blog","description":"Italy Family Hotels","potentialAction":[{"@type":"SearchAction","target":{"@type":"EntryPoint","urlTemplate":"https:\/\/www.italyfamilyhotels.it\/blog\/?s={search_term_string}"},"query-input":{"@type":"PropertyValueSpecification","valueRequired":true,"valueName":"search_term_string"}}],"inLanguage":"it-IT"}]}},"_links":{"self":[{"href":"https:\/\/www.italyfamilyhotels.it\/blog\/wp-json\/wp\/v2\/pages\/121","targetHints":{"allow":["GET"]}}],"collection":[{"href":"https:\/\/www.italyfamilyhotels.it\/blog\/wp-json\/wp\/v2\/pages"}],"about":[{"href":"https:\/\/www.italyfamilyhotels.it\/blog\/wp-json\/wp\/v2\/types\/page"}],"author":[{"embeddable":true,"href":"https:\/\/www.italyfamilyhotels.it\/blog\/wp-json\/wp\/v2\/users\/9"}],"replies":[{"embeddable":true,"href":"https:\/\/www.italyfamilyhotels.it\/blog\/wp-json\/wp\/v2\/comments?post=121"}],"version-history":[{"count":32,"href":"https:\/\/www.italyfamilyhotels.it\/blog\/wp-json\/wp\/v2\/pages\/121\/revisions"}],"predecessor-version":[{"id":2341,"href":"https:\/\/www.italyfamilyhotels.it\/blog\/wp-json\/wp\/v2\/pages\/121\/revisions\/2341"}],"wp:attachment":[{"href":"https:\/\/www.italyfamilyhotels.it\/blog\/wp-json\/wp\/v2\/media?parent=121"}],"curies":[{"name":"wp","href":"https:\/\/api.w.org\/{rel}","templated":true}]}}